{"id":526188,"date":"2025-08-19T20:48:32","date_gmt":"2025-08-19T17:48:32","guid":{"rendered":"https:\/\/nbg.eu\/product\/thermal-camera-viper-35-gen-2-hunter\/"},"modified":"2026-01-21T11:31:09","modified_gmt":"2026-01-21T08:31:09","slug":"thermal-camera-viper-35-gen-2-hunter","status":"publish","type":"product","link":"https:\/\/nbg.eu\/lt\/produktas\/thermal-camera-viper-35-gen-2-hunter\/","title":{"rendered":"Thermal Camera Viper 35 Gen 2 Hunter"},"content":{"rendered":"<div class=\"product-description\">\n<h1>Nitehog Viper-35 termovizinis monokuliaras<\/h1>\n<p>Nitehog Viper-35 yra termovizinis \u012frenginys med\u017eiotojams ir lauko entuziastams. \u0160is prietaisas derina kompakti\u0161k\u0105 dizain\u0105 su na\u0161umu.<\/p>\n<h2>Pagrindin\u0117s savyb\u0117s:<\/h2>\n<ul>\n<li>Kompakti\u0161kas ir lengvas: Sveria 254 gramus (be baterijos)<\/li>\n<li>Auk\u0161tos rai\u0161kos jutiklis: 320&#215;240 pikseli\u0173<\/li>\n<li>Aptikimo atstumas: Iki 1380 metr\u0173<\/li>\n<li>Pritaikomas dizainas: Suderinamas su standartiniais dienos \u0161autuv\u0173 taikikliais<\/li>\n<li>Nereikia pakartotinio kalibravimo: I\u0161laiko ta\u0161kinio poveikio tikslum\u0105<\/li>\n<li>F 1.2 objektyvas: Veikia sud\u0117tingomis s\u0105lygomis<\/li>\n<li>IP66 atsparumas vandeniui: Atsparus lauko s\u0105lygoms<\/li>\n<li>5 valand\u0173 baterijos veikimo laikas<\/li>\n<li>Magnio lydinio korpusas: Patvarus<\/li>\n<\/ul>\n<h2>Technin\u0117s specifikacijos:<\/h2>\n<ul>\n<li>Didinimas: 1 &#8211; 4x<\/li>\n<li>Objektyvo skersmuo: 35 mm<\/li>\n<li>Ekrano rai\u0161ka: 1024&#215;768 pikseli\u0173<\/li>\n<li>Matmenys: 5.23&#8243; x 2.48&#8243; x 1.81&#8243; (A x P x I)<\/li>\n<li>Baterijos tipas: Li\u010dio jon\u0173<\/li>\n<\/ul>\n<h2>Komplekte yra:<\/h2>\n<ul>\n<li>NiteHog Viper 35 termovizinis monokuliaras su prisegimu<\/li>\n<li>Transportavimo d\u0117\u017e\u0117<\/li>\n<li>2x baterij\u0173 rinkinys<\/li>\n<li>Baterijos \u012fkroviklis<\/li>\n<li>Objektyvo valymo pie\u0161tukas<\/li>\n<li>Kaklo dir\u017eelis<\/li>\n<li>Skai\u010diuoklio \u017eiedas<\/li>\n<li>Valymo \u0161luost\u0117<\/li>\n<li>Cordura krep\u0161ys<\/li>\n<\/ul>\n<p>Nitehog Viper-35 montuojamas tiesiogiai su standartiniais dienos \u0161autuv\u0173 taikikliais be \u012franki\u0173. Tai u\u017etikrina, kad ta\u0161kinio poveikio tikslumas i\u0161lieka.<\/p>\n<p>Su jutikliu ir F 1.2 objektyvu, Viper-35 gali aptikti 1,8 metro objekt\u0105 iki 1380 metr\u0173 atstumu. \u012erenginys turi IP66 atsparum\u0105 vandeniui ir magnio lydinio korpus\u0105.<\/p>\n<p>Nitehog Viper-35 turi ribot\u0105 viso gyvenimo garantij\u0105.<\/p>\n<\/div>\n","protected":false},"excerpt":{"rendered":"<p>Kompakti\u0161kas termovizinis monokuliaras su 320&#215;240 jutikliu. Prikabinamas dizainas, 1380 m veikimo nuotolis, 5 val. baterijos veikimo laikas. Patvarus, atsparus vandeniui.<\/p>\n","protected":false},"featured_media":466816,"template":"","meta":{"_acf_changed":false},"product_brand":[11595],"product_cat":[369],"product_tag":[],"class_list":{"0":"post-526188","1":"product","2":"type-product","3":"status-publish","4":"has-post-thumbnail","6":"product_brand-nitehog","7":"product_cat-uncategorized","9":"first","10":"outofstock","11":"taxable","12":"shipping-taxable","13":"purchasable","14":"product-type-simple"},"acf":[],"_links":{"self":[{"href":"https:\/\/nbg.eu\/lt\/wp-json\/wp\/v2\/product\/526188","targetHints":{"allow":["GET"]}}],"collection":[{"href":"https:\/\/nbg.eu\/lt\/wp-json\/wp\/v2\/product"}],"about":[{"href":"https:\/\/nbg.eu\/lt\/wp-json\/wp\/v2\/types\/product"}],"wp:featuredmedia":[{"embeddable":true,"href":"https:\/\/nbg.eu\/lt\/wp-json\/wp\/v2\/media\/466816"}],"wp:attachment":[{"href":"https:\/\/nbg.eu\/lt\/wp-json\/wp\/v2\/media?parent=526188"}],"wp:term":[{"taxonomy":"product_brand","embeddable":true,"href":"https:\/\/nbg.eu\/lt\/wp-json\/wp\/v2\/product_brand?post=526188"},{"taxonomy":"product_cat","embeddable":true,"href":"https:\/\/nbg.eu\/lt\/wp-json\/wp\/v2\/product_cat?post=526188"},{"taxonomy":"product_tag","embeddable":true,"href":"https:\/\/nbg.eu\/lt\/wp-json\/wp\/v2\/product_tag?post=526188"}],"curies":[{"name":"wp","href":"https:\/\/api.w.org\/{rel}","templated":true}]}}