{"id":526320,"date":"2025-08-19T21:01:26","date_gmt":"2025-08-19T18:01:26","guid":{"rendered":"https:\/\/nbg.eu\/product\/ak-safety-lever-krebs-customs-enhanced-safety-mkvi\/"},"modified":"2026-01-21T11:34:11","modified_gmt":"2026-01-21T08:34:11","slug":"ak-safety-lever-krebs-customs-enhanced-safety-mkvi","status":"publish","type":"product","link":"https:\/\/nbg.eu\/lt\/produktas\/ak-safety-lever-krebs-customs-enhanced-safety-mkvi\/","title":{"rendered":"AK safety lever Krebs Customs Enhanced Safety (MKVI)"},"content":{"rendered":"<div class=\"product-description\">\n<h2>Krebs Custom Mk VI pagerintas saugiklis \u0161tampuotiems AK \u0161autuvams<\/h2>\n<p>Mk VI pagerintas saugiklis, skirtas standartiniams \u0161tampuotiems AK \u0161autuvams. \u0160is saugiklio svertas si\u016blo:<\/p>\n<ul>\n<li>100% pagamintas JAV, vienos dalies konstrukcija<\/li>\n<li>1mm 1050 plienas, termi\u0161kai apdorotas iki 50C Rockwell<\/li>\n<li>Patobulinta ergonomika ir funkcionalumas<\/li>\n<li>Lengvas montavimas (VEPR 12 rekomenduojamas ginklininkas)<\/li>\n<\/ul>\n<p>Pastaba: Nesuderinamas su lenki\u0161ku Tantal, Jugoslavijos \u0161autuvais arba Century \u0161autuvais be papildomo ginklininko darbo. Rinkit\u0117s tarp Mk VI ir Mk VI-S pagal dabartin\u0119 j\u016bs\u0173 \u0161autuvo saugiklio fiksatoriaus pad\u0117t\u012f. Taip pat galima \u012fsigyti perdirbtiem Saiga \u0161autuvams (AKM6S).<\/p>\n<\/div>\n","protected":false},"excerpt":{"rendered":"<p>Tikslusis \u0161tampuotas AK saugos svertas, skirtas standartiniams \u0161tampuotiems imtuvams.<\/p>\n","protected":false},"featured_media":467128,"template":"","meta":{"_acf_changed":false},"product_brand":[],"product_cat":[13679,13741,13702],"product_tag":[],"class_list":{"0":"post-526320","1":"product","2":"type-product","3":"status-publish","4":"has-post-thumbnail","6":"product_cat-ak-derinimas","7":"product_cat-sautuvas","8":"product_cat-sautuvu-derinimas","10":"first","11":"instock","12":"taxable","13":"shipping-taxable","14":"purchasable","15":"product-type-simple"},"acf":[],"_links":{"self":[{"href":"https:\/\/nbg.eu\/lt\/wp-json\/wp\/v2\/product\/526320","targetHints":{"allow":["GET"]}}],"collection":[{"href":"https:\/\/nbg.eu\/lt\/wp-json\/wp\/v2\/product"}],"about":[{"href":"https:\/\/nbg.eu\/lt\/wp-json\/wp\/v2\/types\/product"}],"wp:featuredmedia":[{"embeddable":true,"href":"https:\/\/nbg.eu\/lt\/wp-json\/wp\/v2\/media\/467128"}],"wp:attachment":[{"href":"https:\/\/nbg.eu\/lt\/wp-json\/wp\/v2\/media?parent=526320"}],"wp:term":[{"taxonomy":"product_brand","embeddable":true,"href":"https:\/\/nbg.eu\/lt\/wp-json\/wp\/v2\/product_brand?post=526320"},{"taxonomy":"product_cat","embeddable":true,"href":"https:\/\/nbg.eu\/lt\/wp-json\/wp\/v2\/product_cat?post=526320"},{"taxonomy":"product_tag","embeddable":true,"href":"https:\/\/nbg.eu\/lt\/wp-json\/wp\/v2\/product_tag?post=526320"}],"curies":[{"name":"wp","href":"https:\/\/api.w.org\/{rel}","templated":true}]}}