{"id":526426,"date":"2025-08-20T17:48:48","date_gmt":"2025-08-20T14:48:48","guid":{"rendered":"https:\/\/nbg.eu\/product\/recoil-spring-ismi-15-lb-spring-for-glock-17-gl15\/"},"modified":"2026-01-21T11:39:14","modified_gmt":"2026-01-21T08:39:14","slug":"recoil-spring-ismi-15-lb-spring-for-glock-17-gl15","status":"publish","type":"product","link":"https:\/\/nbg.eu\/lt\/produktas\/recoil-spring-ismi-15-lb-spring-for-glock-17-gl15\/","title":{"rendered":"Recoil spring ISMI 15 lb. Spring for Glock 17 (GL15)"},"content":{"rendered":"<div class=\"product-description\">\n<h2>ISMI 15 lb. plok\u0161\u010dios vielos atatrankos spyruokl\u0117 Glock 17 (GL15)<\/h2>\n<p>ISMI atatrankos spyruokl\u0117 Glock 17 ginklui. \u0160i 15 lb. plok\u0161\u010dios vielos spyruokl\u0117 pagaminta i\u0161 chromo vanad\u017eio lydinio, pritaikyta gamykliniam kreipiamajai strypui, kurio skersmuo 0,250&#8243; arba ma\u017eesnis.<\/p>\n<ul>\n<li>Suprojektuota naudojant CAD ir pagaminta pagal aviacijos specifikacijas<\/li>\n<li>Termi\u0161kai apdorota, ap\u0161audyta rutuliukais ir visi\u0161kai atpalaiduota nuo \u012ftempi\u0173<\/li>\n<li>U\u017etikrina nuosekl\u0173 ir patikim\u0105 veikim\u0105<\/li>\n<li>Suderinama su Glock 17, 17L, 20, 21, 22, 24, 31, 35<\/li>\n<li>Pagaminta JAV<\/li>\n<\/ul>\n<p>ISMI atatrankos spyruokl\u0117 Glock ginklui skirta patikimumui ir veikimui pagerinti. Gali pagerinti \u0161audymo komfort\u0105 ir tikslum\u0105.<\/p>\n<\/div>\n","protected":false},"excerpt":{"rendered":"<p>Tikslus 15 svar\u0173 plok\u0161\u010dios vielos atatrankos spyruokl\u0117, skirta Glock 17. Pagaminta JAV, pagerina veikim\u0105.<\/p>\n","protected":false},"featured_media":470575,"template":"","meta":{"_acf_changed":false},"product_brand":[11412],"product_cat":[13691,13709],"product_tag":[],"class_list":{"0":"post-526426","1":"product","2":"type-product","3":"status-publish","4":"has-post-thumbnail","6":"product_brand-glock","7":"product_cat-kmr-dalys","8":"product_cat-spyruokles","10":"first","11":"outofstock","12":"taxable","13":"shipping-taxable","14":"purchasable","15":"product-type-simple"},"acf":[],"_links":{"self":[{"href":"https:\/\/nbg.eu\/lt\/wp-json\/wp\/v2\/product\/526426","targetHints":{"allow":["GET"]}}],"collection":[{"href":"https:\/\/nbg.eu\/lt\/wp-json\/wp\/v2\/product"}],"about":[{"href":"https:\/\/nbg.eu\/lt\/wp-json\/wp\/v2\/types\/product"}],"wp:featuredmedia":[{"embeddable":true,"href":"https:\/\/nbg.eu\/lt\/wp-json\/wp\/v2\/media\/470575"}],"wp:attachment":[{"href":"https:\/\/nbg.eu\/lt\/wp-json\/wp\/v2\/media?parent=526426"}],"wp:term":[{"taxonomy":"product_brand","embeddable":true,"href":"https:\/\/nbg.eu\/lt\/wp-json\/wp\/v2\/product_brand?post=526426"},{"taxonomy":"product_cat","embeddable":true,"href":"https:\/\/nbg.eu\/lt\/wp-json\/wp\/v2\/product_cat?post=526426"},{"taxonomy":"product_tag","embeddable":true,"href":"https:\/\/nbg.eu\/lt\/wp-json\/wp\/v2\/product_tag?post=526426"}],"curies":[{"name":"wp","href":"https:\/\/api.w.org\/{rel}","templated":true}]}}