{"id":527200,"date":"2025-09-02T20:11:34","date_gmt":"2025-09-02T17:11:34","guid":{"rendered":"https:\/\/nbg.eu\/product\/ftcs-enlarged-magazine-catch-ak-platform-graphite-black-h-146-nr-29\/"},"modified":"2026-01-21T12:01:49","modified_gmt":"2026-01-21T09:01:49","slug":"ftcs-enlarged-magazine-catch-ak-platform-graphite-black-h-146-nr-29","status":"publish","type":"product","link":"https:\/\/nbg.eu\/lt\/produktas\/ftcs-enlarged-magazine-catch-ak-platform-graphite-black-h-146-nr-29\/","title":{"rendered":"FTCS &#8211; Enlarged Magazine Catch &#8211; AK Platform &#8211; Graphite Black H-146 &#8211; Nr. 29"},"content":{"rendered":"<div class=\"product-description\">\n<h1>FTCS &#8211; Padidintas d\u0117tuv\u0117s fiksatorius &#8211; AK platformai<\/h1>\n<h2>Grafito juoda H-146 &#8211; Nr. 29<\/h2>\n<p>\u0160is padidintas d\u0117tuv\u0117s fiksatorius nuo FTCS skirtas AK platformos ginklams. Jis leid\u017eia lengviau i\u0161imti d\u0117tuv\u0119.<\/p>\n<ul>\n<li>Tinka daugumai AK\/AKM\/AK-74 ginkl\u0173<\/li>\n<li>Pagamintas i\u0161 plieno su Cerakote danga<\/li>\n<li>Grafito juodos H-146 spalvos<\/li>\n<li>Rumbuota lie\u017euv\u0117lio dalis geresniam sukibimui<\/li>\n<li>Matmenys: 51 x 16 x 14 mm<\/li>\n<li>Svoris: 20 g<\/li>\n<\/ul>\n<p>\u0160is padidintas fiksatorius leid\u017eia lengviau i\u0161imti d\u0117tuv\u0119 naudojant nyk\u0161t\u012f arba kit\u0105 d\u0117tuv\u0119. Cerakote danga u\u017etikrina ilgaam\u017ei\u0161kum\u0105.<\/p>\n<\/div>\n","protected":false},"excerpt":{"rendered":"<p>Padidintas AK d\u0117tuv\u0117s fiksatorius. Lengvas atleidimas. Plienas, Cerakote danga. Grafito juoda spalva.<\/p>\n","protected":false},"featured_media":0,"template":"","meta":{"_acf_changed":false},"product_brand":[],"product_cat":[13757],"product_tag":[],"class_list":{"0":"post-527200","1":"product","2":"type-product","3":"status-publish","5":"product_cat-nekategorizuota","7":"first","8":"instock","9":"taxable","10":"shipping-taxable","11":"purchasable","12":"product-type-simple"},"acf":[],"_links":{"self":[{"href":"https:\/\/nbg.eu\/lt\/wp-json\/wp\/v2\/product\/527200","targetHints":{"allow":["GET"]}}],"collection":[{"href":"https:\/\/nbg.eu\/lt\/wp-json\/wp\/v2\/product"}],"about":[{"href":"https:\/\/nbg.eu\/lt\/wp-json\/wp\/v2\/types\/product"}],"wp:attachment":[{"href":"https:\/\/nbg.eu\/lt\/wp-json\/wp\/v2\/media?parent=527200"}],"wp:term":[{"taxonomy":"product_brand","embeddable":true,"href":"https:\/\/nbg.eu\/lt\/wp-json\/wp\/v2\/product_brand?post=527200"},{"taxonomy":"product_cat","embeddable":true,"href":"https:\/\/nbg.eu\/lt\/wp-json\/wp\/v2\/product_cat?post=527200"},{"taxonomy":"product_tag","embeddable":true,"href":"https:\/\/nbg.eu\/lt\/wp-json\/wp\/v2\/product_tag?post=527200"}],"curies":[{"name":"wp","href":"https:\/\/api.w.org\/{rel}","templated":true}]}}