{"id":527517,"date":"2025-09-02T20:13:23","date_gmt":"2025-09-02T17:13:23","guid":{"rendered":"https:\/\/nbg.eu\/product\/general-nano-protection-super-nano-grease-synthetic-761034\/"},"modified":"2026-01-21T11:44:39","modified_gmt":"2026-01-21T08:44:39","slug":"general-nano-protection-super-nano-grease-synthetic-761034","status":"publish","type":"product","link":"https:\/\/nbg.eu\/lt\/produktas\/general-nano-protection-super-nano-grease-synthetic-761034\/","title":{"rendered":"General Nano Protection &#8211; Super Nano Grease &#8211; Synthetic &#8211; 761034"},"content":{"rendered":"<h1>General Nano Protection &#8211; Super Nano Tepalas &#8211; Sintetinis &#8211; 761034<\/h1>\n<p>Sintetinis ginkl\u0173 tepalas. \u0160is 200 ml buteliukas Super Nano Tepalo skirtas ginklo apsaugai ir veikimui.<\/p>\n<ul>\n<li>Valo parako dulkes, angl\u012f ir tepal\u0105<\/li>\n<li>Pa\u0161alina dr\u0117gm\u0119 ir saugo nuo korozijos<\/li>\n<li>Ma\u017eina trint\u012f ir d\u0117v\u0117jim\u0105si \u012fvairioms med\u017eiagoms<\/li>\n<li>Prailgina ginklo tarnavimo laik\u0105<\/li>\n<li>Nanodaleli\u0173 technologija geresniam prasiskverbimui<\/li>\n<li>Hidrofobin\u0117 danga atstumia vanden\u012f<\/li>\n<li>Atsparus kar\u0161\u010diui nuo -60\u00b0C iki +250\u00b0C<\/li>\n<li>Tinka naudoti ant metalo, med\u017eio, da\u017e\u0173, gumos ir plastiko<\/li>\n<\/ul>\n<p>Tinka naudoti ant operacini\u0173 stryp\u0173, vamzd\u017eio gaubto, kum\u0161teli\u0173 kai\u0161\u010di\u0173 ir kit\u0173 judan\u010di\u0173 dali\u0173.<\/p>\n","protected":false},"excerpt":{"rendered":"<p>Pa\u017eangus nano ginkl\u0173 aliejus: valo, tepa ir saugo \u0161aunamuosius ginklus.<\/p>\n","protected":false},"featured_media":490522,"template":"","meta":{"_acf_changed":false},"product_brand":[],"product_cat":[13757],"product_tag":[],"class_list":{"0":"post-527517","1":"product","2":"type-product","3":"status-publish","4":"has-post-thumbnail","6":"product_cat-nekategorizuota","8":"first","9":"instock","10":"taxable","11":"shipping-taxable","12":"purchasable","13":"product-type-simple"},"acf":[],"_links":{"self":[{"href":"https:\/\/nbg.eu\/lt\/wp-json\/wp\/v2\/product\/527517","targetHints":{"allow":["GET"]}}],"collection":[{"href":"https:\/\/nbg.eu\/lt\/wp-json\/wp\/v2\/product"}],"about":[{"href":"https:\/\/nbg.eu\/lt\/wp-json\/wp\/v2\/types\/product"}],"wp:featuredmedia":[{"embeddable":true,"href":"https:\/\/nbg.eu\/lt\/wp-json\/wp\/v2\/media\/490522"}],"wp:attachment":[{"href":"https:\/\/nbg.eu\/lt\/wp-json\/wp\/v2\/media?parent=527517"}],"wp:term":[{"taxonomy":"product_brand","embeddable":true,"href":"https:\/\/nbg.eu\/lt\/wp-json\/wp\/v2\/product_brand?post=527517"},{"taxonomy":"product_cat","embeddable":true,"href":"https:\/\/nbg.eu\/lt\/wp-json\/wp\/v2\/product_cat?post=527517"},{"taxonomy":"product_tag","embeddable":true,"href":"https:\/\/nbg.eu\/lt\/wp-json\/wp\/v2\/product_tag?post=527517"}],"curies":[{"name":"wp","href":"https:\/\/api.w.org\/{rel}","templated":true}]}}