{"id":530438,"date":"2025-09-04T17:31:52","date_gmt":"2025-09-04T14:31:52","guid":{"rendered":"https:\/\/nbg.eu\/product\/strike-industries-overmolded-ultimate-dust-cover-for-223-5-56-mm-black\/"},"modified":"2026-01-21T12:14:40","modified_gmt":"2026-01-21T09:14:40","slug":"strike-industries-overmolded-ultimate-dust-cover-for-223-5-56-mm-black","status":"publish","type":"product","link":"https:\/\/nbg.eu\/lt\/produktas\/strike-industries-overmolded-ultimate-dust-cover-for-223-5-56-mm-black\/","title":{"rendered":"Strike Industries &#8211; Overmolded Ultimate Dust Cover for .223\/5.56 mm &#8211; Black"},"content":{"rendered":"<div class=\"product-description\">\n<h2>Strike Industries &#8211; Apgaubtas dulki\u0173 dangtelis .223\/5.56 mm &#8211; Juodas<\/h2>\n<p>Strike Industries apgaubtas dulki\u0173 dangtelis AR-15 ginklui. Jis turi dvigubo \u012fpur\u0161kimo form\u0105 ir gumin\u012f sandarikl\u012f apsaugai nuo \u0161iuk\u0161li\u0173 ir vandens. Vidinis kra\u0161tas u\u017etikrina sandarum\u0105.<\/p>\n<ul>\n<li>Greitas montavimas be \u012franki\u0173 ir lengvas i\u0161ardymas<\/li>\n<li>\u012emontuotas reguliuojamas fiksatoriaus var\u017etas<\/li>\n<li>Tylus veikimas su triuk\u0161m\u0105 ma\u017einan\u010diu guminiu pamu\u0161alu<\/li>\n<li>Pagamintas i\u0161 SI Polymer Extreme med\u017eiagos<\/li>\n<li>Atsparus r\u016bdims ir patvarus<\/li>\n<li>Montavimas ar nu\u0117mimas trunka 5-10 sekund\u017ei\u0173<\/li>\n<\/ul>\n<p>Suderinamas su AR-15 Mil-Spec ir daugeliu billet vir\u0161utini\u0173 imtuv\u0173, \u012fskaitant Aero Precision M4E1. Nesuderinamas su VLTOR MUR, ZRO Delta, Lantac Enhanced BCG ar Bootleg Four Position Adjustable Carrier.<\/p>\n<\/div>\n","protected":false},"excerpt":{"rendered":"<p>Patobulintas AR-15 dulki\u0173 dangtelis: tylus, greitai montuojamas, nuo \u0161iuk\u0161li\u0173 apsaugantis sandariklis.<\/p>\n","protected":false},"featured_media":493274,"template":"","meta":{"_acf_changed":false},"product_brand":[14623],"product_cat":[13725,13741,13702],"product_tag":[],"class_list":{"0":"post-530438","1":"product","2":"type-product","3":"status-publish","4":"has-post-thumbnail","6":"product_brand-strike-industries","7":"product_cat-ar-derinimas","8":"product_cat-sautuvas","9":"product_cat-sautuvu-derinimas","11":"first","12":"instock","13":"taxable","14":"shipping-taxable","15":"purchasable","16":"product-type-simple"},"acf":[],"_links":{"self":[{"href":"https:\/\/nbg.eu\/lt\/wp-json\/wp\/v2\/product\/530438","targetHints":{"allow":["GET"]}}],"collection":[{"href":"https:\/\/nbg.eu\/lt\/wp-json\/wp\/v2\/product"}],"about":[{"href":"https:\/\/nbg.eu\/lt\/wp-json\/wp\/v2\/types\/product"}],"wp:featuredmedia":[{"embeddable":true,"href":"https:\/\/nbg.eu\/lt\/wp-json\/wp\/v2\/media\/493274"}],"wp:attachment":[{"href":"https:\/\/nbg.eu\/lt\/wp-json\/wp\/v2\/media?parent=530438"}],"wp:term":[{"taxonomy":"product_brand","embeddable":true,"href":"https:\/\/nbg.eu\/lt\/wp-json\/wp\/v2\/product_brand?post=530438"},{"taxonomy":"product_cat","embeddable":true,"href":"https:\/\/nbg.eu\/lt\/wp-json\/wp\/v2\/product_cat?post=530438"},{"taxonomy":"product_tag","embeddable":true,"href":"https:\/\/nbg.eu\/lt\/wp-json\/wp\/v2\/product_tag?post=530438"}],"curies":[{"name":"wp","href":"https:\/\/api.w.org\/{rel}","templated":true}]}}