{"id":530959,"date":"2025-09-04T17:49:03","date_gmt":"2025-09-04T14:49:03","guid":{"rendered":"https:\/\/nbg.eu\/product\/magpul-moe-sl-ak-grip-for-ak47-ak74-fde-mag682-fde\/"},"modified":"2026-01-21T11:44:43","modified_gmt":"2026-01-21T08:44:43","slug":"magpul-moe-sl-ak-grip-for-ak47-ak74-fde-mag682-fde","status":"publish","type":"product","link":"https:\/\/nbg.eu\/lt\/produktas\/magpul-moe-sl-ak-grip-for-ak47-ak74-fde-mag682-fde\/","title":{"rendered":"Magpul &#8211; MOE SL AK Grip for AK47\/AK74 &#8211; FDE &#8211; MAG682-FDE"},"content":{"rendered":"<div class=\"product-description\">\n<h2>Magpul MOE SL AK rankena AK47\/AK74 ginklams &#8211; FDE (MAG682-FDE)<\/h2>\n<p>Magpul MOE SL AK rankena, skirta AK47\/AK74, sm\u0117lio spalvos. \u0160i plona rankena turi statmenesn\u012f kamp\u0105, pritaikyta ginklams su trumpesniu atkrova, priartinanti pagrindin\u0119 rank\u0105 ar\u010diau k\u016bno.<\/p>\n<ul>\n<li>Pagaminta i\u0161 tvirto polimero su grubl\u0117tu pavir\u0161iumi<\/li>\n<li>Tinka frezuotiems ir \u0161tampuotiems imtuvams, \u012fskaitant tuos su ranken\u0173 sutvirtinimo plok\u0161tel\u0117mis<\/li>\n<li>Turi TSP (trapecijos formos pavir\u0161iaus i\u0161ky\u0161as) tekst\u016br\u0105 geresniam ginklo valdymui<\/li>\n<li>20 laipsni\u0173 rankenos kampas ergonomi\u0161kumui pagerinti<\/li>\n<li>Plonesn\u0117 nei \u012fprastos dyd\u017eio rankenos<\/li>\n<li>Matmenys: 4,3&#8243; auk\u0161tis x 1,1&#8243; storis, svoris tik 2,6 uncijos<\/li>\n<li>Pagaminta JAV &#8211; priskai\u010diuojama kaip viena JAV atitikties dalis 922r taisyklei<\/li>\n<\/ul>\n<p>Magpul MOE SL AK rankena skirta naudoti \u012fvairiose aplinkose.<\/p>\n<\/div>\n","protected":false},"excerpt":{"rendered":"<p>Magpul MOE SL AK rankena: Plona, tekst\u016bruota modernizacija AK47\/74 &#8211; sm\u0117lio spalvos (FDE)<\/p>\n","protected":false},"featured_media":493583,"template":"","meta":{"_acf_changed":false},"product_brand":[11540],"product_cat":[13679],"product_tag":[],"class_list":{"0":"post-530959","1":"product","2":"type-product","3":"status-publish","4":"has-post-thumbnail","6":"product_brand-magpul","7":"product_cat-ak-derinimas","9":"first","10":"instock","11":"taxable","12":"shipping-taxable","13":"purchasable","14":"product-type-simple"},"acf":[],"_links":{"self":[{"href":"https:\/\/nbg.eu\/lt\/wp-json\/wp\/v2\/product\/530959","targetHints":{"allow":["GET"]}}],"collection":[{"href":"https:\/\/nbg.eu\/lt\/wp-json\/wp\/v2\/product"}],"about":[{"href":"https:\/\/nbg.eu\/lt\/wp-json\/wp\/v2\/types\/product"}],"wp:featuredmedia":[{"embeddable":true,"href":"https:\/\/nbg.eu\/lt\/wp-json\/wp\/v2\/media\/493583"}],"wp:attachment":[{"href":"https:\/\/nbg.eu\/lt\/wp-json\/wp\/v2\/media?parent=530959"}],"wp:term":[{"taxonomy":"product_brand","embeddable":true,"href":"https:\/\/nbg.eu\/lt\/wp-json\/wp\/v2\/product_brand?post=530959"},{"taxonomy":"product_cat","embeddable":true,"href":"https:\/\/nbg.eu\/lt\/wp-json\/wp\/v2\/product_cat?post=530959"},{"taxonomy":"product_tag","embeddable":true,"href":"https:\/\/nbg.eu\/lt\/wp-json\/wp\/v2\/product_tag?post=530959"}],"curies":[{"name":"wp","href":"https:\/\/api.w.org\/{rel}","templated":true}]}}