{"id":532752,"date":"2025-09-04T17:51:31","date_gmt":"2025-09-04T14:51:31","guid":{"rendered":"https:\/\/nbg.eu\/product\/strike-industries-mass-driver-comp-for-glock-17-gen4\/"},"modified":"2026-01-21T11:34:29","modified_gmt":"2026-01-21T08:34:29","slug":"strike-industries-mass-driver-comp-for-glock-17-gen4","status":"publish","type":"product","link":"https:\/\/nbg.eu\/lt\/produktas\/strike-industries-mass-driver-comp-for-glock-17-gen4\/","title":{"rendered":"Strike Industries &#8211; Mass Driver Comp for Glock 17 Gen4"},"content":{"rendered":"<h2>Strike Industries &#8211; Mass Driver Comp skirtas Glock 17 Gen4<\/h2>\n<p>Strike Industries Mass Driver Compensator (MDC) skirtas Glock 17 Gen4 yra naujas kompensatoriaus dizainas. Jis ma\u017eina mechanin\u012f atatrank\u0105 nepaveikdamas ginklo veikimo patikimumo.<\/p>\n<h2>Pagrindin\u0117s savyb\u0117s:<\/h2>\n<ul>\n<li>Atsiskiria nuo veikian\u010di\u0173 komponent\u0173 po \u0161\u016bvio<\/li>\n<li>I\u0161laiko artim\u0105 standartiniam veikimo greit\u012f<\/li>\n<li>Suma\u017eina judan\u010di\u0105 mas\u0119<\/li>\n<li>Paplatintas vamzdis siekiant suma\u017einti kulkos nukrypimus<\/li>\n<li>2,5 mm \u012fpjova siekiant apsaugoti \u0161liau\u017eikl\u012f<\/li>\n<li>Suderinamas su daugeliu sriegini\u0173 vamzd\u017ei\u0173<\/li>\n<li>Tinka GLOCK\u2122 GEN3, GEN4 ir GEN5 G17 \u0161liau\u017eikliams<\/li>\n<li>Veikia su dauguma atvir\u0173 d\u0117kl\u0173<\/li>\n<\/ul>\n<p><strong>Pastaba:<\/strong> Rekomenduojamas kreipiamojo strypo ver\u017el\u0117s sukimo momentas: 25 svarai\/colyje. +P ir +P+ \u0161audmen\u0173 naudojimas gali sukelti greitesn\u012f nusid\u0117v\u0117jim\u0105.<\/p>\n","protected":false},"excerpt":{"rendered":"<p>Revoliucinis kompensatoriaus dizainas, u\u017etikrinantis ma\u017eesn\u012f atatrank\u0105 ir greitesn\u012f cikl\u0105.<\/p>\n","protected":false},"featured_media":493838,"template":"","meta":{"_acf_changed":false},"product_brand":[14623],"product_cat":[13711,13687],"product_tag":[],"class_list":{"0":"post-532752","1":"product","2":"type-product","3":"status-publish","4":"has-post-thumbnail","6":"product_brand-strike-industries","7":"product_cat-pistoletas","8":"product_cat-pistoletu-dalys","10":"first","11":"outofstock","12":"taxable","13":"shipping-taxable","14":"purchasable","15":"product-type-simple"},"acf":[],"_links":{"self":[{"href":"https:\/\/nbg.eu\/lt\/wp-json\/wp\/v2\/product\/532752","targetHints":{"allow":["GET"]}}],"collection":[{"href":"https:\/\/nbg.eu\/lt\/wp-json\/wp\/v2\/product"}],"about":[{"href":"https:\/\/nbg.eu\/lt\/wp-json\/wp\/v2\/types\/product"}],"wp:featuredmedia":[{"embeddable":true,"href":"https:\/\/nbg.eu\/lt\/wp-json\/wp\/v2\/media\/493838"}],"wp:attachment":[{"href":"https:\/\/nbg.eu\/lt\/wp-json\/wp\/v2\/media?parent=532752"}],"wp:term":[{"taxonomy":"product_brand","embeddable":true,"href":"https:\/\/nbg.eu\/lt\/wp-json\/wp\/v2\/product_brand?post=532752"},{"taxonomy":"product_cat","embeddable":true,"href":"https:\/\/nbg.eu\/lt\/wp-json\/wp\/v2\/product_cat?post=532752"},{"taxonomy":"product_tag","embeddable":true,"href":"https:\/\/nbg.eu\/lt\/wp-json\/wp\/v2\/product_tag?post=532752"}],"curies":[{"name":"wp","href":"https:\/\/api.w.org\/{rel}","templated":true}]}}