{"id":532898,"date":"2025-09-04T18:24:40","date_gmt":"2025-09-04T15:24:40","guid":{"rendered":"https:\/\/nbg.eu\/product\/ftcs-reloading-handle-cap-ak-nrp-2-0-ak-platform\/"},"modified":"2026-01-21T12:10:02","modified_gmt":"2026-01-21T09:10:02","slug":"ftcs-reloading-handle-cap-ak-nrp-2-0-ak-platform","status":"publish","type":"product","link":"https:\/\/nbg.eu\/lt\/produktas\/ftcs-reloading-handle-cap-ak-nrp-2-0-ak-platform\/","title":{"rendered":"FTCS &#8211; Reloading Handle Cap AK NRP 2.0 &#8211; AK Platform"},"content":{"rendered":"<h2>FTCS &#8211; U\u017etaisymo rankenos gaubtas AK NRP 2.0 &#8211; AK platformai<\/h2>\n<p>FTCS u\u017etaisymo rankenos gaubtas AK NRP 2.0 tinka daugumai AK platformos \u0161autuv\u0173 ir pagerina sukibim\u0105 bei valdym\u0105.<\/p>\n<h2>Pagrindin\u0117s savyb\u0117s:<\/h2>\n<ul>\n<li>Suderinamas su dauguma AK platformos \u0161autuv\u0173<\/li>\n<li>Pagamintas i\u0161 aliuminio<\/li>\n<li>Reljefinis pavir\u0161ius geresniam sukibimui<\/li>\n<li>Lengvai montuojamas trimis var\u017etais<\/li>\n<li>Juodos spalvos<\/li>\n<\/ul>\n<p>\u0160is ergonomi\u0161kas gaubtas skirtas pagerinti kontrol\u0119 ir suma\u017einti slydim\u0105. Reljefinis pavir\u0161ius u\u017etikrina ger\u0105 sukibim\u0105, net d\u0117vint taktines pir\u0161tines. Pagerina ginklo valdym\u0105 be \u017eymaus svorio padid\u0117jimo.<\/p>\n<p>Lengvai montuojamas naudojant pridedamus var\u017etus.<\/p>\n","protected":false},"excerpt":{"rendered":"<p>Aliuminio AK u\u017etaisymo rankenos dangtelis. Riev\u0117tas geresniam sukibimui. Lengvai montuojamas.<\/p>\n","protected":false},"featured_media":493923,"template":"","meta":{"_acf_changed":false},"product_brand":[11319],"product_cat":[13679,13741,13702],"product_tag":[],"class_list":{"0":"post-532898","1":"product","2":"type-product","3":"status-publish","4":"has-post-thumbnail","6":"product_brand-ftcs","7":"product_cat-ak-derinimas","8":"product_cat-sautuvas","9":"product_cat-sautuvu-derinimas","11":"first","12":"instock","13":"taxable","14":"shipping-taxable","15":"purchasable","16":"product-type-variable","17":"wvs-archive-product-wrapper"},"acf":[],"_links":{"self":[{"href":"https:\/\/nbg.eu\/lt\/wp-json\/wp\/v2\/product\/532898","targetHints":{"allow":["GET"]}}],"collection":[{"href":"https:\/\/nbg.eu\/lt\/wp-json\/wp\/v2\/product"}],"about":[{"href":"https:\/\/nbg.eu\/lt\/wp-json\/wp\/v2\/types\/product"}],"wp:featuredmedia":[{"embeddable":true,"href":"https:\/\/nbg.eu\/lt\/wp-json\/wp\/v2\/media\/493923"}],"wp:attachment":[{"href":"https:\/\/nbg.eu\/lt\/wp-json\/wp\/v2\/media?parent=532898"}],"wp:term":[{"taxonomy":"product_brand","embeddable":true,"href":"https:\/\/nbg.eu\/lt\/wp-json\/wp\/v2\/product_brand?post=532898"},{"taxonomy":"product_cat","embeddable":true,"href":"https:\/\/nbg.eu\/lt\/wp-json\/wp\/v2\/product_cat?post=532898"},{"taxonomy":"product_tag","embeddable":true,"href":"https:\/\/nbg.eu\/lt\/wp-json\/wp\/v2\/product_tag?post=532898"}],"curies":[{"name":"wp","href":"https:\/\/api.w.org\/{rel}","templated":true}]}}