{"id":533873,"date":"2025-09-04T18:48:24","date_gmt":"2025-09-04T15:48:24","guid":{"rendered":"https:\/\/nbg.eu\/product\/utg-h2-hard-coat-heavy-recoil-buffer-ar-15-m4-m16-rb-t6bfh2\/"},"modified":"2026-01-21T11:36:05","modified_gmt":"2026-01-21T08:36:05","slug":"utg-h2-hard-coat-heavy-recoil-buffer-ar-15-m4-m16-rb-t6bfh2","status":"publish","type":"product","link":"https:\/\/nbg.eu\/lt\/produktas\/utg-h2-hard-coat-heavy-recoil-buffer-ar-15-m4-m16-rb-t6bfh2\/","title":{"rendered":"UTG &#8211; H2 Hard Coat Heavy Recoil Buffer &#8211; AR-15 \/ M4 \/ M16 &#8211; RB-T6BFH2"},"content":{"rendered":"<div class=\"product-description\">\n<h2>UTG &#8211; H2 Kietas Dengimas Sunkus Atatrankos Buferis &#8211; AR-15 \/ M4 \/ M16<\/h2>\n<p>AR-15 platformos buferis su \u0161iomis savyb\u0117mis:<\/p>\n<ul>\n<li>2 sunk\u016bs volframo svoriai ir 1 plieno svoris sklandesniam veikimui ir patikimumui<\/li>\n<li>Sustiprintas buferio korpusas su kietu anodavimu ilgaam\u017ei\u0161kumui<\/li>\n<li>Tvirtas buferio bamperis optimaliam veikimui<\/li>\n<li>Bendras svoris: 4.6 oz<\/li>\n<\/ul>\n<p>Suderinamas su AR-15, M4 ir M16 modeliais, \u0161is matinis juodas buferis skirtas suma\u017einti atatrank\u0105. Volframo, plieno ir aliuminio med\u017eiag\u0173 derinys u\u017etikrina ilgaam\u017ei\u0161kum\u0105 ir nuosekl\u0173 veikim\u0105.<\/p>\n<\/div>\n","protected":false},"excerpt":{"rendered":"<p>UTG H2 sunkus atatrankos buferis: Sklandesnis ciklas AR-15 karabinams.<\/p>\n","protected":false},"featured_media":494369,"template":"","meta":{"_acf_changed":false},"product_brand":[14416],"product_cat":[13702],"product_tag":[],"class_list":{"0":"post-533873","1":"product","2":"type-product","3":"status-publish","4":"has-post-thumbnail","6":"product_brand-leapers-inc","7":"product_cat-sautuvu-derinimas","9":"first","10":"outofstock","11":"taxable","12":"shipping-taxable","13":"purchasable","14":"product-type-simple"},"acf":[],"_links":{"self":[{"href":"https:\/\/nbg.eu\/lt\/wp-json\/wp\/v2\/product\/533873","targetHints":{"allow":["GET"]}}],"collection":[{"href":"https:\/\/nbg.eu\/lt\/wp-json\/wp\/v2\/product"}],"about":[{"href":"https:\/\/nbg.eu\/lt\/wp-json\/wp\/v2\/types\/product"}],"wp:featuredmedia":[{"embeddable":true,"href":"https:\/\/nbg.eu\/lt\/wp-json\/wp\/v2\/media\/494369"}],"wp:attachment":[{"href":"https:\/\/nbg.eu\/lt\/wp-json\/wp\/v2\/media?parent=533873"}],"wp:term":[{"taxonomy":"product_brand","embeddable":true,"href":"https:\/\/nbg.eu\/lt\/wp-json\/wp\/v2\/product_brand?post=533873"},{"taxonomy":"product_cat","embeddable":true,"href":"https:\/\/nbg.eu\/lt\/wp-json\/wp\/v2\/product_cat?post=533873"},{"taxonomy":"product_tag","embeddable":true,"href":"https:\/\/nbg.eu\/lt\/wp-json\/wp\/v2\/product_tag?post=533873"}],"curies":[{"name":"wp","href":"https:\/\/api.w.org\/{rel}","templated":true}]}}