{"id":533979,"date":"2025-09-04T18:48:31","date_gmt":"2025-09-04T15:48:31","guid":{"rendered":"https:\/\/nbg.eu\/product\/ftcs-buttstock-mounting-adapter-picatinny-for-saiga-cerakote-h-146-nr-28\/"},"modified":"2026-01-21T11:40:09","modified_gmt":"2026-01-21T08:40:09","slug":"ftcs-buttstock-mounting-adapter-picatinny-for-saiga-cerakote-h-146-nr-28","status":"publish","type":"product","link":"https:\/\/nbg.eu\/lt\/produktas\/ftcs-buttstock-mounting-adapter-picatinny-for-saiga-cerakote-h-146-nr-28\/","title":{"rendered":"FTCS &#8211; Buttstock Mounting Adapter Picatinny for Saiga &#8211; Cerakote &#8211; H-146 &#8211; Nr. 28"},"content":{"rendered":"<div class=\"product-description\">\n<h2>FTCS &#8211; Buo\u017e\u0117s montavimo adapteris Picatinny Saigai &#8211; Cerakote H-146<\/h2>\n<p>\u0160is buo\u017e\u0117s montavimo adapteris skirtas Saigai ar pana\u0161iems ginklams. Pagamintas i\u0161 aliuminio ir padengtas Graphite Black H-146 Cerakote danga.<\/p>\n<ul>\n<li>Suderinamas su Saiga ir pana\u0161iais ginklais<\/li>\n<li>Leid\u017eia montuoti Picatinny suderinamas buo\u017ees arba stabilizatorius<\/li>\n<li>Nereikia papildom\u0173 dali\u0173 montavimui<\/li>\n<li>Su i\u0161graviruotu gamintojo logotipu<\/li>\n<li>Matmenys: 35 x 31 x 30 mm<\/li>\n<li>Svoris: 49 g<\/li>\n<\/ul>\n<p>Tinka naudoti su Strike Industries buo\u017e\u0117mis, tokiomis kaip SI-FSA-DUAL, SI-FSA-DUAL-STOCK arba SI-FSA-DUAL-STAB. \u0160is adapteris leid\u017eia pritaikyti ginkl\u0105 pagal poreikius.<\/p>\n<\/div>\n","protected":false},"excerpt":{"rendered":"<p>Saigos buo\u017e\u0117s adapteris. Picatinny b\u0117gelis. Cerakote H-146 danga. FTCS Nr. 28.<\/p>\n","protected":false},"featured_media":494450,"template":"","meta":{"_acf_changed":false},"product_brand":[],"product_cat":[13679,13741,13702],"product_tag":[],"class_list":{"0":"post-533979","1":"product","2":"type-product","3":"status-publish","4":"has-post-thumbnail","6":"product_cat-ak-derinimas","7":"product_cat-sautuvas","8":"product_cat-sautuvu-derinimas","10":"first","11":"instock","12":"taxable","13":"shipping-taxable","14":"purchasable","15":"product-type-simple"},"acf":[],"_links":{"self":[{"href":"https:\/\/nbg.eu\/lt\/wp-json\/wp\/v2\/product\/533979","targetHints":{"allow":["GET"]}}],"collection":[{"href":"https:\/\/nbg.eu\/lt\/wp-json\/wp\/v2\/product"}],"about":[{"href":"https:\/\/nbg.eu\/lt\/wp-json\/wp\/v2\/types\/product"}],"wp:featuredmedia":[{"embeddable":true,"href":"https:\/\/nbg.eu\/lt\/wp-json\/wp\/v2\/media\/494450"}],"wp:attachment":[{"href":"https:\/\/nbg.eu\/lt\/wp-json\/wp\/v2\/media?parent=533979"}],"wp:term":[{"taxonomy":"product_brand","embeddable":true,"href":"https:\/\/nbg.eu\/lt\/wp-json\/wp\/v2\/product_brand?post=533979"},{"taxonomy":"product_cat","embeddable":true,"href":"https:\/\/nbg.eu\/lt\/wp-json\/wp\/v2\/product_cat?post=533979"},{"taxonomy":"product_tag","embeddable":true,"href":"https:\/\/nbg.eu\/lt\/wp-json\/wp\/v2\/product_tag?post=533979"}],"curies":[{"name":"wp","href":"https:\/\/api.w.org\/{rel}","templated":true}]}}