{"id":534204,"date":"2025-09-04T18:48:38","date_gmt":"2025-09-04T15:48:38","guid":{"rendered":"https:\/\/nbg.eu\/product\/garmin-fenix-8-51mm-gps-smartwatch-black-saph-solar-crbngry-ti-blk-blksportlpbnd-emea\/"},"modified":"2026-01-21T11:55:30","modified_gmt":"2026-01-21T08:55:30","slug":"garmin-fenix-8-51mm-gps-smartwatch-black-saph-solar-crbngry-ti-blk-blksportlpbnd-emea","status":"publish","type":"product","link":"https:\/\/nbg.eu\/lt\/produktas\/garmin-fenix-8-51mm-gps-smartwatch-black-saph-solar-crbngry-ti-blk-blksportlpbnd-emea\/","title":{"rendered":"Garmin Fenix 8 51mm GPS smartwatch, black Saph Solar, CrbnGry Ti\/Blk, BlkSportLpBnd, EMEA"},"content":{"rendered":"<p>    <title>Garmin Fenix 8 51mm GPS i\u0161manusis laikrodis<\/title><\/p>\n<h1>Garmin Fenix 8 51mm GPS i\u0161manusis laikrodis<\/h1>\n<h2>Juodas safyro saul\u0117s energijos, anglies pilko titano\/juodas, juoda sportin\u0117 apyrank\u0117, EMEA<\/h2>\n<p>Garmin Fenix 8 yra 51mm daugiaformatis GPS i\u0161manusis laikrodis, skirtas sportininkams ir nuotyki\u0173 m\u0117g\u0117jams.<\/p>\n<h3>Pagrindin\u0117s savyb\u0117s:<\/h3>\n<ul>\n<li>Power Sapphire\u2122 saul\u0117s energijos \u012fkrovimo objektyvas<\/li>\n<li>Iki 48 dien\u0173 baterijos veikimo laikas i\u0161maniojo laikrod\u017eio re\u017eime<\/li>\n<li>Integruotas garsiakalbis ir mikrofonas<\/li>\n<li>LED \u017eibintuv\u0117lis<\/li>\n<li>J\u0117gos treniruo\u010di\u0173 funkcijos<\/li>\n<li>24\/7 sveikatos ir gerov\u0117s steb\u0117jimas<\/li>\n<li>40 metr\u0173 atsparumas vandeniui<\/li>\n<\/ul>\n<h3>Technologija:<\/h3>\n<p>Fenix 8 naudoja SatIQ\u2122 technologij\u0105 GPS tikslumui. Turi ABC jutiklius (altimetr\u0105, barometr\u0105 ir kompas\u0105) navigacijai.<\/p>\n<h3>Veiklos steb\u0117jimas:<\/h3>\n<p>Laikrodis turi \u012fvairi\u0173 sporto ir veikl\u0173 profili\u0173, \u012fskaitant HIIT treniruotes ir slidin\u0117jim\u0105.<\/p>\n<h3>Sveikatos steb\u0117jimas:<\/h3>\n<p>Funkcijos:<\/p>\n<ul>\n<li>Rytin\u0117 ataskaita<\/li>\n<li>HRV b\u016bsena<\/li>\n<li>Garmin EKG programa<\/li>\n<li>Miego steb\u0117jimas<\/li>\n<li>Body Battery\u2122 energijos steb\u0117jimas<\/li>\n<li>Streso sekimas ir Health Snapshot\u2122<\/li>\n<\/ul>\n<h3>I\u0161maniosios funkcijos:<\/h3>\n<p>\u012etraukia:<\/p>\n<ul>\n<li>Garmin Connect ir Garmin Messenger\u2122 program\u0117les<\/li>\n<li>Prane\u0161imai apie skambu\u010dius, \u017einutes ir \u012fsp\u0117jimus<\/li>\n<li>Muzikos saugojimas ir transliavimas<\/li>\n<li>Garmin Pay\u2122 bekontak\u010diai mok\u0117jimai<\/li>\n<li>Saugos ir sekimo funkcijos<\/li>\n<\/ul>\n<h3>Pritaikymas ir energijos valdymas:<\/h3>\n<p>Galima pritaikyti naudojant Connect IQ\u2122 parduotuv\u0119. Power Manager funkcija leid\u017eia optimizuoti baterijos naudojim\u0105.<\/p>\n<p>Garmin Fenix 8 51mm GPS i\u0161manusis laikrodis tinka \u012fvairioms veikloms ir aplinkai.<\/p>\n","protected":false},"excerpt":{"rendered":"<p>\u201eGarmin Fenix 8 51mm&#8221;: Auk\u0161\u010diausios klas\u0117s GPS i\u0161manusis laikrodis su saul\u0117s \u012fkrovimu, balso funkcijomis, LED \u017eibintuv\u0117liu ir 48 dien\u0173 akumuliatoriaus veikimo laiku.<\/p>\n","protected":false},"featured_media":494807,"template":"","meta":{"_acf_changed":false},"product_brand":[],"product_cat":[13726],"product_tag":[],"class_list":{"0":"post-534204","1":"product","2":"type-product","3":"status-publish","4":"has-post-thumbnail","6":"product_cat-kasdienio-nesiojimo-iranga","8":"first","9":"outofstock","10":"taxable","11":"shipping-taxable","12":"purchasable","13":"product-type-simple"},"acf":[],"_links":{"self":[{"href":"https:\/\/nbg.eu\/lt\/wp-json\/wp\/v2\/product\/534204","targetHints":{"allow":["GET"]}}],"collection":[{"href":"https:\/\/nbg.eu\/lt\/wp-json\/wp\/v2\/product"}],"about":[{"href":"https:\/\/nbg.eu\/lt\/wp-json\/wp\/v2\/types\/product"}],"wp:featuredmedia":[{"embeddable":true,"href":"https:\/\/nbg.eu\/lt\/wp-json\/wp\/v2\/media\/494807"}],"wp:attachment":[{"href":"https:\/\/nbg.eu\/lt\/wp-json\/wp\/v2\/media?parent=534204"}],"wp:term":[{"taxonomy":"product_brand","embeddable":true,"href":"https:\/\/nbg.eu\/lt\/wp-json\/wp\/v2\/product_brand?post=534204"},{"taxonomy":"product_cat","embeddable":true,"href":"https:\/\/nbg.eu\/lt\/wp-json\/wp\/v2\/product_cat?post=534204"},{"taxonomy":"product_tag","embeddable":true,"href":"https:\/\/nbg.eu\/lt\/wp-json\/wp\/v2\/product_tag?post=534204"}],"curies":[{"name":"wp","href":"https:\/\/api.w.org\/{rel}","templated":true}]}}