{"id":534524,"date":"2025-09-04T20:13:16","date_gmt":"2025-09-04T17:13:16","guid":{"rendered":"https:\/\/nbg.eu\/product\/ismi-17-lb-pruzhina-za-glock-17-gl17\/"},"modified":"2026-02-27T15:51:50","modified_gmt":"2026-02-27T12:51:50","slug":"ismi-17-lb-pruzhina-za-glock-17-gl17","status":"publish","type":"product","link":"https:\/\/nbg.eu\/lt\/produktas\/ismi-17-lb-pruzhina-za-glock-17-gl17\/","title":{"rendered":"ISMI 17 lb. \u041f\u0440\u0443\u0436\u0438\u043d\u0430 \u0437\u0430 Glock 17 (GL17)"},"content":{"rendered":"<div class=\"product-description\">\n<h2>ISMI 17 lb. Spyruokl\u0117 Glock 17 (GL17)<\/h2>\n<p>17 lb at\u0161okimo spyruokl\u0117 Glock 17. Pagaminta JAV pagal aviacijos specifikacijas. \u0160i spyruokl\u0117 si\u016blo:<\/p>\n<ul>\n<li>CAD suprojektuota tiksliam pritaikymui<\/li>\n<li>Pagaminta i\u0161 chromo silicio, ner\u016bdijan\u010dio plieno arba chromo vanad\u017eio<\/li>\n<li>Termi\u0161kai apdorota, sm\u016bgiuota ir atlaidinta ilgaam\u017ei\u0161kumui<\/li>\n<li>Plok\u0161\u010dios vielos konstrukcija skland\u017eiam veikimui<\/li>\n<li>Tinka gamykliniam kreipimo strypui (.250&#8243; arba ma\u017eesniam)<\/li>\n<li>Suderinama su Glock 17, 17L, 20, 21, 22, 24, 31, 35<\/li>\n<\/ul>\n<p>\u0160i atsparum\u0105 korozijai turinti spyruokl\u0117 sukurta atitikti Glock 17 reikalavimus.<\/p>\n<\/div>\n","protected":false},"excerpt":{"rendered":"<p>17 svar\u0173 atatrankos spyruokl\u0117 skirta Glock 17. Pagaminta JAV, patvari, patikima.<\/p>\n","protected":false},"featured_media":495351,"template":"","meta":{"_acf_changed":false},"product_brand":[],"product_cat":[13687,13709],"product_tag":[],"class_list":{"0":"post-534524","1":"product","2":"type-product","3":"status-publish","4":"has-post-thumbnail","6":"product_cat-pistoletu-dalys","7":"product_cat-spyruokles","9":"first","10":"outofstock","11":"taxable","12":"shipping-taxable","13":"purchasable","14":"product-type-simple"},"acf":[],"_links":{"self":[{"href":"https:\/\/nbg.eu\/lt\/wp-json\/wp\/v2\/product\/534524","targetHints":{"allow":["GET"]}}],"collection":[{"href":"https:\/\/nbg.eu\/lt\/wp-json\/wp\/v2\/product"}],"about":[{"href":"https:\/\/nbg.eu\/lt\/wp-json\/wp\/v2\/types\/product"}],"wp:featuredmedia":[{"embeddable":true,"href":"https:\/\/nbg.eu\/lt\/wp-json\/wp\/v2\/media\/495351"}],"wp:attachment":[{"href":"https:\/\/nbg.eu\/lt\/wp-json\/wp\/v2\/media?parent=534524"}],"wp:term":[{"taxonomy":"product_brand","embeddable":true,"href":"https:\/\/nbg.eu\/lt\/wp-json\/wp\/v2\/product_brand?post=534524"},{"taxonomy":"product_cat","embeddable":true,"href":"https:\/\/nbg.eu\/lt\/wp-json\/wp\/v2\/product_cat?post=534524"},{"taxonomy":"product_tag","embeddable":true,"href":"https:\/\/nbg.eu\/lt\/wp-json\/wp\/v2\/product_tag?post=534524"}],"curies":[{"name":"wp","href":"https:\/\/api.w.org\/{rel}","templated":true}]}}