{"id":534969,"date":"2025-09-04T20:17:18","date_gmt":"2025-09-04T17:17:18","guid":{"rendered":"https:\/\/nbg.eu\/product\/sprinco-usa-ar-308-buferna-pruzhina-25004-cherveno\/"},"modified":"2026-01-21T12:05:00","modified_gmt":"2026-01-21T09:05:00","slug":"sprinco-usa-ar-308-buferna-pruzhina-25004-cherveno","status":"publish","type":"product","link":"https:\/\/nbg.eu\/lt\/produktas\/sprinco-usa-ar-308-buferna-pruzhina-25004-cherveno\/","title":{"rendered":"SPRINCO USA AR .308 \u0411\u0443\u0444\u0435\u0440\u043d\u0430 \u041f\u0440\u0443\u0436\u0438\u043d\u0430 (25004) \u0427\u0435\u0440\u0432\u0435\u043d\u043e"},"content":{"rendered":"<div class=\"product-description\">\n<h2>SPRINCO USA AR .308 Buferio spyruokl\u0117 (25004) Raudona<\/h2>\n<p>SPRINCO USA AR .308 buferio spyruokl\u0117 (25004) Raudona skirta AR platformos \u0161aunamiesiems ginklams. \u0160i chromo silicio spyruokl\u0117 si\u016blo:<\/p>\n<ul>\n<li>Ilgesn\u012f tarnavimo laik\u0105 lyginant su standartin\u0117mis spyruokl\u0117mis<\/li>\n<li>Pagerint\u0105 patikimum\u0105 ir ciklo veikim\u0105, ypa\u010d sistemose su per dideliu duj\u0173 kiekiu<\/li>\n<li>Suma\u017eint\u0105 spynos at\u0161okim\u0105 sklandesniam veikimui<\/li>\n<li>Geresn\u012f atatrankos valdym\u0105<\/li>\n<li>Suderinamum\u0105 su slopintuvais<\/li>\n<\/ul>\n<p>\u0160i spyruokl\u0117 sukurta specialiai M4 ir CAR-15 karabin\u0173 buferi\u0173 sistemoms. Ji yra raudonos spalvos lengvam atpa\u017einimui. Supakuota apsauginiame kietame vamzdelyje. Tinka AR-15 platformos karabinams.<\/p>\n<\/div>\n","protected":false},"excerpt":{"rendered":"<p>Auk\u0161tos kokyb\u0117s AR .308 buferio spyruokl\u0117. Raudonos spalvos, pagerina patikimum\u0105.<\/p>\n","protected":false},"featured_media":495526,"template":"","meta":{"_acf_changed":false},"product_brand":[14593],"product_cat":[13691,13709],"product_tag":[],"class_list":{"0":"post-534969","1":"product","2":"type-product","3":"status-publish","4":"has-post-thumbnail","6":"product_brand-sprinco-usa","7":"product_cat-kmr-dalys","8":"product_cat-spyruokles","10":"first","11":"instock","12":"taxable","13":"shipping-taxable","14":"purchasable","15":"product-type-simple"},"acf":[],"_links":{"self":[{"href":"https:\/\/nbg.eu\/lt\/wp-json\/wp\/v2\/product\/534969","targetHints":{"allow":["GET"]}}],"collection":[{"href":"https:\/\/nbg.eu\/lt\/wp-json\/wp\/v2\/product"}],"about":[{"href":"https:\/\/nbg.eu\/lt\/wp-json\/wp\/v2\/types\/product"}],"wp:featuredmedia":[{"embeddable":true,"href":"https:\/\/nbg.eu\/lt\/wp-json\/wp\/v2\/media\/495526"}],"wp:attachment":[{"href":"https:\/\/nbg.eu\/lt\/wp-json\/wp\/v2\/media?parent=534969"}],"wp:term":[{"taxonomy":"product_brand","embeddable":true,"href":"https:\/\/nbg.eu\/lt\/wp-json\/wp\/v2\/product_brand?post=534969"},{"taxonomy":"product_cat","embeddable":true,"href":"https:\/\/nbg.eu\/lt\/wp-json\/wp\/v2\/product_cat?post=534969"},{"taxonomy":"product_tag","embeddable":true,"href":"https:\/\/nbg.eu\/lt\/wp-json\/wp\/v2\/product_tag?post=534969"}],"curies":[{"name":"wp","href":"https:\/\/api.w.org\/{rel}","templated":true}]}}