{"id":535196,"date":"2025-09-04T23:53:22","date_gmt":"2025-09-04T20:53:22","guid":{"rendered":"https:\/\/nbg.eu\/product\/law-tactical-llc-armorers-flange-tool-2019aft\/"},"modified":"2026-01-21T11:58:40","modified_gmt":"2026-01-21T08:58:40","slug":"law-tactical-llc-armorers-flange-tool-2019aft","status":"publish","type":"product","link":"https:\/\/nbg.eu\/lt\/produktas\/law-tactical-llc-armorers-flange-tool-2019aft\/","title":{"rendered":"LAW TACTICAL LLC Armorer&#8217;s Flange Tool (2019AFT)"},"content":{"rendered":"<div class=\"product-description\">\n<h2>LAW TACTICAL LLC Ginklakalio jung\u0117s \u012frankis (2019AFT)<\/h2>\n<p>\u012erankis skirtas Law Tactical sulankstomo buo\u017e\u0117s adapterio prie\u017ei\u016brai. \u0160is daugkartinio naudojimo jung\u0117s montavimo ir nu\u0117mimo \u012frankis pagamintas i\u0161 termi\u0161kai apdoroto anglinio plieno.<\/p>\n<ul>\n<li>Pagamintas i\u0161 vientiso termi\u0161kai apdoroto anglinio plieno strypo<\/li>\n<li>Sukurtas ilgalaikiam naudojimui<\/li>\n<li>Turi 3\/8&#8243; kvadratin\u0119 jungt\u012f, tinkam\u0105 sukimo momento raktui<\/li>\n<li>Individualiai patikrintas kokyb\u0117s u\u017etikrinimui<\/li>\n<li>Padengtas juoda Melonite danga apsaugai<\/li>\n<\/ul>\n<p>\u0160is ginklakalio \u012frankis tinka tiek m\u0117g\u0117jams, tiek profesionalams.<\/p>\n<\/div>\n","protected":false},"excerpt":{"rendered":"<p>Patvarus plieninis \u012frankis, skirtas Law Tactical sulankstomo buo\u017e\u0117s adapterio jung\u0117ms.<\/p>\n","protected":false},"featured_media":495826,"template":"","meta":{"_acf_changed":false},"product_brand":[14394],"product_cat":[13757],"product_tag":[],"class_list":{"0":"post-535196","1":"product","2":"type-product","3":"status-publish","4":"has-post-thumbnail","6":"product_brand-law-tactical-llc","7":"product_cat-nekategorizuota","9":"first","10":"outofstock","11":"taxable","12":"shipping-taxable","13":"purchasable","14":"product-type-simple"},"acf":[],"_links":{"self":[{"href":"https:\/\/nbg.eu\/lt\/wp-json\/wp\/v2\/product\/535196","targetHints":{"allow":["GET"]}}],"collection":[{"href":"https:\/\/nbg.eu\/lt\/wp-json\/wp\/v2\/product"}],"about":[{"href":"https:\/\/nbg.eu\/lt\/wp-json\/wp\/v2\/types\/product"}],"wp:featuredmedia":[{"embeddable":true,"href":"https:\/\/nbg.eu\/lt\/wp-json\/wp\/v2\/media\/495826"}],"wp:attachment":[{"href":"https:\/\/nbg.eu\/lt\/wp-json\/wp\/v2\/media?parent=535196"}],"wp:term":[{"taxonomy":"product_brand","embeddable":true,"href":"https:\/\/nbg.eu\/lt\/wp-json\/wp\/v2\/product_brand?post=535196"},{"taxonomy":"product_cat","embeddable":true,"href":"https:\/\/nbg.eu\/lt\/wp-json\/wp\/v2\/product_cat?post=535196"},{"taxonomy":"product_tag","embeddable":true,"href":"https:\/\/nbg.eu\/lt\/wp-json\/wp\/v2\/product_tag?post=535196"}],"curies":[{"name":"wp","href":"https:\/\/api.w.org\/{rel}","templated":true}]}}