{"id":535518,"date":"2025-09-05T00:00:24","date_gmt":"2025-09-04T21:00:24","guid":{"rendered":"https:\/\/nbg.eu\/product\/rh-504-2-screws-iwb\/"},"modified":"2026-01-21T11:34:53","modified_gmt":"2026-01-21T08:34:53","slug":"rh-504-2-screws-iwb","status":"publish","type":"product","link":"https:\/\/nbg.eu\/lt\/produktas\/rh-504-2-screws-iwb\/","title":{"rendered":"RH 504-2 Screws IWB"},"content":{"rendered":"<h1>RH 504-2 var\u017etai IWB &#8211; pakeitimo rinkinys IWB d\u0117klams<\/h1>\n<p>RH 504-2 var\u017et\u0173 IWB pakeitimo rinkinys skirtas Black Trident IWB d\u0117klams.<\/p>\n<h2>Rinkinio turinys:<\/h2>\n<ul>\n<li>4 x 9mm var\u017etai su \u012fvor\u0117mis ir tarpikliais<\/li>\n<li>4 x 3mm tarpikliai<\/li>\n<li>4 x 6mm var\u017etai<\/li>\n<li>4 x 4.7mm \u012fvor\u0117s<\/li>\n<\/ul>\n<p>Suderinamas su Viking, Quasimodo ir Guardian d\u0117kl\u0173 modeliais.<\/p>\n<p><strong>Patarimas:<\/strong> Rekomenduojama naudoti var\u017et\u0173 klijus (parduodami atskirai) \u012frangai pritvirtinti.<\/p>\n<p>U\u017esisakykite RH 504-2 var\u017et\u0173 IWB rinkin\u012f, kad palaikytum\u0117te d\u0117klo b\u016bkl\u0119.<\/p>\n","protected":false},"excerpt":{"rendered":"<p>Pakaitini\u0173 var\u017et\u0173 rinkinys skirtas Black Trident IWB d\u0117klams. Rinkinyje yra 16 dali\u0173.<\/p>\n","protected":false},"featured_media":0,"template":"","meta":{"_acf_changed":false},"product_brand":[11639],"product_cat":[13722],"product_tag":[],"class_list":{"0":"post-535518","1":"product","2":"type-product","3":"status-publish","5":"product_brand-rh-holsters","6":"product_cat-deklu-priedai","8":"first","9":"instock","10":"taxable","11":"shipping-taxable","12":"purchasable","13":"product-type-simple"},"acf":[],"_links":{"self":[{"href":"https:\/\/nbg.eu\/lt\/wp-json\/wp\/v2\/product\/535518","targetHints":{"allow":["GET"]}}],"collection":[{"href":"https:\/\/nbg.eu\/lt\/wp-json\/wp\/v2\/product"}],"about":[{"href":"https:\/\/nbg.eu\/lt\/wp-json\/wp\/v2\/types\/product"}],"wp:attachment":[{"href":"https:\/\/nbg.eu\/lt\/wp-json\/wp\/v2\/media?parent=535518"}],"wp:term":[{"taxonomy":"product_brand","embeddable":true,"href":"https:\/\/nbg.eu\/lt\/wp-json\/wp\/v2\/product_brand?post=535518"},{"taxonomy":"product_cat","embeddable":true,"href":"https:\/\/nbg.eu\/lt\/wp-json\/wp\/v2\/product_cat?post=535518"},{"taxonomy":"product_tag","embeddable":true,"href":"https:\/\/nbg.eu\/lt\/wp-json\/wp\/v2\/product_tag?post=535518"}],"curies":[{"name":"wp","href":"https:\/\/api.w.org\/{rel}","templated":true}]}}