{"id":535840,"date":"2025-09-05T00:02:56","date_gmt":"2025-09-04T21:02:56","guid":{"rendered":"https:\/\/nbg.eu\/product\/ismi-11-lb-spring-glock-17-gl11\/"},"modified":"2026-01-21T11:40:08","modified_gmt":"2026-01-21T08:40:08","slug":"ismi-11-lb-spring-glock-17-gl11","status":"publish","type":"product","link":"https:\/\/nbg.eu\/lt\/produktas\/ismi-11-lb-spring-glock-17-gl11\/","title":{"rendered":"ISMI 11 lb. Spring Glock 17 (GL11)"},"content":{"rendered":"<h2>ISMI 11 svar\u0173 spyruokl\u0117 Glock 17 (GL11)<\/h2>\n<p>ISMI 11 svar\u0173 spyruokl\u0117 (GL11) skirta Glock 17. \u0160i spyruokl\u0117:<\/p>\n<ul>\n<li>Padidina \u0161liau\u017eiklio greit\u012f<\/li>\n<li>Suma\u017eina atatrank\u0105<\/li>\n<li>Pagerina veikim\u0105 su \u012fvairiais \u0161oviniais<\/li>\n<li>U\u017etikrina pastov\u0173 veikim\u0105 \u012fvairiomis oro s\u0105lygomis<\/li>\n<\/ul>\n<p>Pagaminta i\u0161 chromo silicio vielos. 11 svar\u0173 spyruokl\u0117 tinka var\u017eyboms ir tiems, kurie nori sklandesnio \u0161audymo.<\/p>\n<p>Tinka Glock 17 modeliams ir pana\u0161aus dyd\u017eio r\u0117mams. Lengvai montuojama.<\/p>\n<p><strong>Specifikacijos:<\/strong><\/p>\n<ul>\n<li>Svoris: 11 svar\u0173<\/li>\n<li>Med\u017eiaga: Chromo silicis<\/li>\n<li>Tinka: Glock 17 ir pana\u0161iems modeliams<\/li>\n<li>Pagaminta JAV<\/li>\n<\/ul>\n","protected":false},"excerpt":{"rendered":"<p>Tvirta 11 svar\u0173 (apie 5 kg) spyruokl\u0117, skirta Glock 17. Pagerina gaiduko paspaudim\u0105 ir atstatym\u0105.<\/p>\n","protected":false},"featured_media":0,"template":"","meta":{"_acf_changed":false},"product_brand":[],"product_cat":[13691,13709],"product_tag":[],"class_list":{"0":"post-535840","1":"product","2":"type-product","3":"status-publish","5":"product_cat-kmr-dalys","6":"product_cat-spyruokles","8":"first","9":"outofstock","10":"taxable","11":"shipping-taxable","12":"purchasable","13":"product-type-simple"},"acf":[],"_links":{"self":[{"href":"https:\/\/nbg.eu\/lt\/wp-json\/wp\/v2\/product\/535840","targetHints":{"allow":["GET"]}}],"collection":[{"href":"https:\/\/nbg.eu\/lt\/wp-json\/wp\/v2\/product"}],"about":[{"href":"https:\/\/nbg.eu\/lt\/wp-json\/wp\/v2\/types\/product"}],"wp:attachment":[{"href":"https:\/\/nbg.eu\/lt\/wp-json\/wp\/v2\/media?parent=535840"}],"wp:term":[{"taxonomy":"product_brand","embeddable":true,"href":"https:\/\/nbg.eu\/lt\/wp-json\/wp\/v2\/product_brand?post=535840"},{"taxonomy":"product_cat","embeddable":true,"href":"https:\/\/nbg.eu\/lt\/wp-json\/wp\/v2\/product_cat?post=535840"},{"taxonomy":"product_tag","embeddable":true,"href":"https:\/\/nbg.eu\/lt\/wp-json\/wp\/v2\/product_tag?post=535840"}],"curies":[{"name":"wp","href":"https:\/\/api.w.org\/{rel}","templated":true}]}}