{"id":535945,"date":"2025-09-05T00:03:25","date_gmt":"2025-09-04T21:03:25","guid":{"rendered":"https:\/\/nbg.eu\/product\/utg-pro-monolithic-m-lok-handguard-for-mp5k\/"},"modified":"2026-01-21T12:27:14","modified_gmt":"2026-01-21T09:27:14","slug":"utg-pro-monolithic-m-lok-handguard-for-mp5k","status":"publish","type":"product","link":"https:\/\/nbg.eu\/lt\/produktas\/utg-pro-monolithic-m-lok-handguard-for-mp5k\/","title":{"rendered":"UTG PRO?\u00ae MONOLITHIC M-LOK\u00ae HANDGUARD FOR MP5K"},"content":{"rendered":"<div class=\"product-description\">\n<h2>UTG PRO\u00ae MONOLITINIS M-LOK\u00ae RANKENOS APSAUGAS MP5K GINKLUI<\/h2>\n<p>UTG PRO\u00ae Monolitinis M-LOK\u00ae rankenos apsaugas MP5K ginklui si\u016blo:<\/p>\n<ul>\n<li>Aliuminio konstrukcija<\/li>\n<li>M-LOK\u00ae suderinamos angos pried\u0173 tvirtinimui<\/li>\n<li>Plono profilio dizainas<\/li>\n<li>Paprastas montavimas be ginklakalio paslaug\u0173<\/li>\n<li>Pagerintas \u0161ilumos i\u0161sklaidymas<\/li>\n<li>Pagaminta JAV su garantija<\/li>\n<\/ul>\n<p>UTG PRO\u00ae Monolitinis M-LOK\u00ae rankenos apsaugas tinka teis\u0117saugos pareig\u016bnams, sportinio \u0161audymo dalyviams ir ginkl\u0173 entuziastams.<\/p>\n<\/div>\n","protected":false},"excerpt":{"rendered":"<p>UTG PRO M-LOK rankena: Eleganti\u0161kas, patvarus patobulinimas MP5K ginklui.<\/p>\n","protected":false},"featured_media":745245,"template":"","meta":{"_acf_changed":false},"product_brand":[14416],"product_cat":[13755,14803,13741,13702],"product_tag":[],"class_list":{"0":"post-535945","1":"product","2":"type-product","3":"status-publish","4":"has-post-thumbnail","6":"product_brand-leapers-inc","7":"product_cat-begeliai","8":"product_cat-ranku-apsaugos","9":"product_cat-sautuvas","10":"product_cat-sautuvu-derinimas","12":"first","13":"instock","14":"taxable","15":"shipping-taxable","16":"purchasable","17":"product-type-simple"},"acf":[],"_links":{"self":[{"href":"https:\/\/nbg.eu\/lt\/wp-json\/wp\/v2\/product\/535945","targetHints":{"allow":["GET"]}}],"collection":[{"href":"https:\/\/nbg.eu\/lt\/wp-json\/wp\/v2\/product"}],"about":[{"href":"https:\/\/nbg.eu\/lt\/wp-json\/wp\/v2\/types\/product"}],"wp:featuredmedia":[{"embeddable":true,"href":"https:\/\/nbg.eu\/lt\/wp-json\/wp\/v2\/media\/745245"}],"wp:attachment":[{"href":"https:\/\/nbg.eu\/lt\/wp-json\/wp\/v2\/media?parent=535945"}],"wp:term":[{"taxonomy":"product_brand","embeddable":true,"href":"https:\/\/nbg.eu\/lt\/wp-json\/wp\/v2\/product_brand?post=535945"},{"taxonomy":"product_cat","embeddable":true,"href":"https:\/\/nbg.eu\/lt\/wp-json\/wp\/v2\/product_cat?post=535945"},{"taxonomy":"product_tag","embeddable":true,"href":"https:\/\/nbg.eu\/lt\/wp-json\/wp\/v2\/product_tag?post=535945"}],"curies":[{"name":"wp","href":"https:\/\/api.w.org\/{rel}","templated":true}]}}