{"id":536057,"date":"2025-09-05T00:03:25","date_gmt":"2025-09-04T21:03:25","guid":{"rendered":"https:\/\/nbg.eu\/product\/utg-pro-monolithic-m-lok-handguard-for-mp5-extended-length\/"},"modified":"2026-02-27T15:51:13","modified_gmt":"2026-02-27T12:51:13","slug":"utg-pro-monolithic-m-lok-handguard-for-mp5-extended-length","status":"publish","type":"product","link":"https:\/\/nbg.eu\/lt\/produktas\/utg-pro-monolithic-m-lok-handguard-for-mp5-extended-length\/","title":{"rendered":"UTG PRO\u00ae Monolithic M-LOK\u00ae Handguard, for MP5\u00ae, Extended Length"},"content":{"rendered":"<div class=\"product-description\">\n<h2>UTG PRO\u00ae Monolitinis M-LOK\u00ae Rankena MP5\u00ae, Pailginto Ilgio<\/h2>\n<p>MP5\u00ae rankena su \u0161iomis savyb\u0117mis:<\/p>\n<ul>\n<li>Aliuminio konstrukcija<\/li>\n<li>M-LOK\u00ae suderinami lizdai pried\u0173 montavimui<\/li>\n<li>Pailgintas ilgis<\/li>\n<li>Monolitinis dizainas<\/li>\n<li>Lengvas montavimas su pridedama \u012franga<\/li>\n<li>\u0160ilumos sklaidymo savyb\u0117s<\/li>\n<\/ul>\n<p>\u0160i rankena pritaikyta MP5\u00ae ginklui. Ji leid\u017eia prid\u0117ti \u012fvairius priedus ir pagerina ginklo valdym\u0105.<\/p>\n<\/div>\n","protected":false},"excerpt":{"rendered":"<p>UTG PRO\u00ae Prailgintas M-LOK\u00ae Rankenos Apsaugas MP5\u00ae: Tvirtas, universalus, tiksliai suprojektuotas.<\/p>\n","protected":false},"featured_media":745413,"template":"","meta":{"_acf_changed":false},"product_brand":[14416],"product_cat":[13755,14803,13741,13702],"product_tag":[],"class_list":{"0":"post-536057","1":"product","2":"type-product","3":"status-publish","4":"has-post-thumbnail","6":"product_brand-leapers-inc","7":"product_cat-begeliai","8":"product_cat-ranku-apsaugos","9":"product_cat-sautuvas","10":"product_cat-sautuvu-derinimas","12":"first","13":"instock","14":"taxable","15":"shipping-taxable","16":"purchasable","17":"product-type-simple"},"acf":[],"_links":{"self":[{"href":"https:\/\/nbg.eu\/lt\/wp-json\/wp\/v2\/product\/536057","targetHints":{"allow":["GET"]}}],"collection":[{"href":"https:\/\/nbg.eu\/lt\/wp-json\/wp\/v2\/product"}],"about":[{"href":"https:\/\/nbg.eu\/lt\/wp-json\/wp\/v2\/types\/product"}],"wp:featuredmedia":[{"embeddable":true,"href":"https:\/\/nbg.eu\/lt\/wp-json\/wp\/v2\/media\/745413"}],"wp:attachment":[{"href":"https:\/\/nbg.eu\/lt\/wp-json\/wp\/v2\/media?parent=536057"}],"wp:term":[{"taxonomy":"product_brand","embeddable":true,"href":"https:\/\/nbg.eu\/lt\/wp-json\/wp\/v2\/product_brand?post=536057"},{"taxonomy":"product_cat","embeddable":true,"href":"https:\/\/nbg.eu\/lt\/wp-json\/wp\/v2\/product_cat?post=536057"},{"taxonomy":"product_tag","embeddable":true,"href":"https:\/\/nbg.eu\/lt\/wp-json\/wp\/v2\/product_tag?post=536057"}],"curies":[{"name":"wp","href":"https:\/\/api.w.org\/{rel}","templated":true}]}}