{"id":536273,"date":"2025-09-05T00:15:54","date_gmt":"2025-09-04T21:15:54","guid":{"rendered":"https:\/\/nbg.eu\/product\/dillon-aluminum-roller-handle\/"},"modified":"2026-01-21T11:59:38","modified_gmt":"2026-01-21T08:59:38","slug":"dillon-aluminum-roller-handle","status":"publish","type":"product","link":"https:\/\/nbg.eu\/lt\/produktas\/dillon-aluminum-roller-handle\/","title":{"rendered":"Dillon Aluminum Roller Handle"},"content":{"rendered":"<div class=\"product-description\">\n<h2>Dillon aliuminio ritininis rankena<\/h2>\n<p>Dillon Precision pried\u0173 rankena. \u0160i aliuminio ritinin\u0117 rankena skirta patogumui ir efektyvumui perkrovimo metu.<\/p>\n<ul>\n<li>Suderinama su RL550, XL750 ir 650 \u012fkrovikliais<\/li>\n<li>Suma\u017eina operatoriaus nuovarg\u012f<\/li>\n<li>Pagerina kapsuli\u0173 \u012fstatymo lengvum\u0105<\/li>\n<li>Tvirta aliuminio konstrukcija<\/li>\n<li>Galima \u012fsigyti Dillon m\u0117lynos spalvos<\/li>\n<\/ul>\n<p>\u0160is priedas skirtas perkrovimo procesui.<\/p>\n<\/div>\n","protected":false},"excerpt":{"rendered":"<p>Ergonomi\u0161kas aliuminio ritin\u0117lio rankena sklandesniam u\u017etaisymui. Tinka RL550\/XL750\/650.<\/p>\n","protected":false},"featured_media":496392,"template":"","meta":{"_acf_changed":false},"product_brand":[14331],"product_cat":[13727,13716],"product_tag":[],"class_list":{"0":"post-536273","1":"product","2":"type-product","3":"status-publish","4":"has-post-thumbnail","6":"product_brand-dillon-precision","7":"product_cat-perkrovimas","8":"product_cat-perkrovimo-aksesuarai","10":"first","11":"outofstock","12":"taxable","13":"shipping-taxable","14":"purchasable","15":"product-type-simple"},"acf":[],"_links":{"self":[{"href":"https:\/\/nbg.eu\/lt\/wp-json\/wp\/v2\/product\/536273","targetHints":{"allow":["GET"]}}],"collection":[{"href":"https:\/\/nbg.eu\/lt\/wp-json\/wp\/v2\/product"}],"about":[{"href":"https:\/\/nbg.eu\/lt\/wp-json\/wp\/v2\/types\/product"}],"wp:featuredmedia":[{"embeddable":true,"href":"https:\/\/nbg.eu\/lt\/wp-json\/wp\/v2\/media\/496392"}],"wp:attachment":[{"href":"https:\/\/nbg.eu\/lt\/wp-json\/wp\/v2\/media?parent=536273"}],"wp:term":[{"taxonomy":"product_brand","embeddable":true,"href":"https:\/\/nbg.eu\/lt\/wp-json\/wp\/v2\/product_brand?post=536273"},{"taxonomy":"product_cat","embeddable":true,"href":"https:\/\/nbg.eu\/lt\/wp-json\/wp\/v2\/product_cat?post=536273"},{"taxonomy":"product_tag","embeddable":true,"href":"https:\/\/nbg.eu\/lt\/wp-json\/wp\/v2\/product_tag?post=536273"}],"curies":[{"name":"wp","href":"https:\/\/api.w.org\/{rel}","templated":true}]}}