{"id":536385,"date":"2025-09-05T00:16:15","date_gmt":"2025-09-04T21:16:15","guid":{"rendered":"https:\/\/nbg.eu\/product\/ar-15-a2-pistol-grip\/"},"modified":"2026-01-21T11:34:07","modified_gmt":"2026-01-21T08:34:07","slug":"ar-15-a2-pistol-grip","status":"publish","type":"product","link":"https:\/\/nbg.eu\/lt\/produktas\/ar-15-a2-pistol-grip\/","title":{"rendered":"AR-15 A2 PISTOL GRIP"},"content":{"rendered":"<h1>CZ Shadow 2 Orange &#8211; Var\u017eybinis Pistoletas<\/h1>\n<p>CZ Shadow 2 Orange savyb\u0117s:<\/p>\n<ul>\n<li>Gamykloje \u012ftaisyta vamzd\u017eio \u012fvor\u0117<\/li>\n<li>Sureguliuotas gaidukas<\/li>\n<li>Rankiniu b\u016bdu pritaikytas \u0161liau\u017eiklis ir r\u0117mas<\/li>\n<li>Specialios rankenos ir pailgintas d\u0117tuv\u0117s atlaisvinimas<\/li>\n<li>Reguliuojamas d\u0117tuv\u0117s atlaisvinimo mygtukas su trimis nustatymais<\/li>\n<li>Nitrido apdaila su papildoma polimer\u0173 danga ant r\u0117mo<\/li>\n<li>Plonos aliuminio rankenos su tekst\u016bra<\/li>\n<li>Optinis priekinis taikiklis ir reguliuojamas HAJO galinis taikiklis<\/li>\n<li>Abipus\u0117 rankin\u0117 sauga<\/li>\n<\/ul>\n<p>9 mm Luger kalibro su 17+1 \u0161ovini\u0173 talpa, 46,5 uncij\u0173 plieninio r\u0117mo pistoletas, skirtas var\u017eyb\u0173 \u0161auliams.<\/p>\n","protected":false},"excerpt":{"rendered":"<p>Klasikin\u0117 AR-15 rankena. Ergonomi\u0161kas dizainas. Tvirta polimerin\u0117 konstrukcija.<\/p>\n","protected":false},"featured_media":496415,"template":"","meta":{"_acf_changed":false},"product_brand":[],"product_cat":[13741,13702],"product_tag":[],"class_list":{"0":"post-536385","1":"product","2":"type-product","3":"status-publish","4":"has-post-thumbnail","6":"product_cat-sautuvas","7":"product_cat-sautuvu-derinimas","9":"first","10":"outofstock","11":"taxable","12":"shipping-taxable","13":"purchasable","14":"product-type-simple"},"acf":[],"_links":{"self":[{"href":"https:\/\/nbg.eu\/lt\/wp-json\/wp\/v2\/product\/536385","targetHints":{"allow":["GET"]}}],"collection":[{"href":"https:\/\/nbg.eu\/lt\/wp-json\/wp\/v2\/product"}],"about":[{"href":"https:\/\/nbg.eu\/lt\/wp-json\/wp\/v2\/types\/product"}],"wp:featuredmedia":[{"embeddable":true,"href":"https:\/\/nbg.eu\/lt\/wp-json\/wp\/v2\/media\/496415"}],"wp:attachment":[{"href":"https:\/\/nbg.eu\/lt\/wp-json\/wp\/v2\/media?parent=536385"}],"wp:term":[{"taxonomy":"product_brand","embeddable":true,"href":"https:\/\/nbg.eu\/lt\/wp-json\/wp\/v2\/product_brand?post=536385"},{"taxonomy":"product_cat","embeddable":true,"href":"https:\/\/nbg.eu\/lt\/wp-json\/wp\/v2\/product_cat?post=536385"},{"taxonomy":"product_tag","embeddable":true,"href":"https:\/\/nbg.eu\/lt\/wp-json\/wp\/v2\/product_tag?post=536385"}],"curies":[{"name":"wp","href":"https:\/\/api.w.org\/{rel}","templated":true}]}}