{"id":538444,"date":"2025-09-05T17:36:50","date_gmt":"2025-09-05T14:36:50","guid":{"rendered":"https:\/\/nbg.eu\/product\/ar-15-m16-quick-detach-receiver-end-plate\/"},"modified":"2026-01-21T12:35:08","modified_gmt":"2026-01-21T09:35:08","slug":"ar-15-m16-quick-detach-receiver-end-plate","status":"publish","type":"product","link":"https:\/\/nbg.eu\/lt\/produktas\/ar-15-m16-quick-detach-receiver-end-plate\/","title":{"rendered":"AR-15\/M16 QUICK DETACH RECEIVER END PLATE"},"content":{"rendered":"<div class=\"product-description\">\n<h2>AR-15\/M16 BCMGUNFIGHTER QD GALIN\u0116 PLOK\u0160TEL\u0116<\/h2>\n<p>AR-15 arba M16 ginklui skirta BCMGUNFIGHTER greitojo atkabinimo (QD) galin\u0117 plok\u0161tel\u0117. \u0160is priedas skirtas padidinti ginklo universalum\u0105 ir patvarum\u0105.<\/p>\n<ul>\n<li>Pagaminta i\u0161 plieno ilgalaikiam naudojimui<\/li>\n<li>Turi integruot\u0105 greitojo atkabinimo (QD) sukimosi ta\u0161k\u0105<\/li>\n<li>Tinka AR-15 ir AR-308 platformoms<\/li>\n<li>Galima pritvirtinti saugiam montavimui<\/li>\n<li>Pagaminta JAV<\/li>\n<li>Juodos spalvos<\/li>\n<\/ul>\n<p>BCMGUNFIGHTER QD galin\u0117 plok\u0161tel\u0117 leid\u017eia greitai prijungti ir atjungti dir\u017eus, pagerinant \u0161autuvo valdym\u0105 ir universalum\u0105 \u012fvairiose situacijose. \u0160i detal\u0117 gali patobulinti j\u016bs\u0173 AR-15 arba M16.<\/p>\n<\/div>\n","protected":false},"excerpt":{"rendered":"<p>Plieninis QD galinis skydelis AR-15\/M16 \u0161autuvui. Pagamintas JAV, su galimybe pritvirtinti.<\/p>\n","protected":false},"featured_media":497161,"template":"","meta":{"_acf_changed":false},"product_brand":[],"product_cat":[13702],"product_tag":[],"class_list":{"0":"post-538444","1":"product","2":"type-product","3":"status-publish","4":"has-post-thumbnail","6":"product_cat-sautuvu-derinimas","8":"first","9":"instock","10":"taxable","11":"shipping-taxable","12":"purchasable","13":"product-type-simple"},"acf":[],"_links":{"self":[{"href":"https:\/\/nbg.eu\/lt\/wp-json\/wp\/v2\/product\/538444","targetHints":{"allow":["GET"]}}],"collection":[{"href":"https:\/\/nbg.eu\/lt\/wp-json\/wp\/v2\/product"}],"about":[{"href":"https:\/\/nbg.eu\/lt\/wp-json\/wp\/v2\/types\/product"}],"wp:featuredmedia":[{"embeddable":true,"href":"https:\/\/nbg.eu\/lt\/wp-json\/wp\/v2\/media\/497161"}],"wp:attachment":[{"href":"https:\/\/nbg.eu\/lt\/wp-json\/wp\/v2\/media?parent=538444"}],"wp:term":[{"taxonomy":"product_brand","embeddable":true,"href":"https:\/\/nbg.eu\/lt\/wp-json\/wp\/v2\/product_brand?post=538444"},{"taxonomy":"product_cat","embeddable":true,"href":"https:\/\/nbg.eu\/lt\/wp-json\/wp\/v2\/product_cat?post=538444"},{"taxonomy":"product_tag","embeddable":true,"href":"https:\/\/nbg.eu\/lt\/wp-json\/wp\/v2\/product_tag?post=538444"}],"curies":[{"name":"wp","href":"https:\/\/api.w.org\/{rel}","templated":true}]}}