{"id":538726,"date":"2025-09-05T17:36:57","date_gmt":"2025-09-05T14:36:57","guid":{"rendered":"https:\/\/nbg.eu\/product\/aero-precision-receiver-extension-end-plate-for-ar-15-black\/"},"modified":"2026-01-21T12:01:59","modified_gmt":"2026-01-21T09:01:59","slug":"aero-precision-receiver-extension-end-plate-for-ar-15-black","status":"publish","type":"product","link":"https:\/\/nbg.eu\/lt\/produktas\/aero-precision-receiver-extension-end-plate-for-ar-15-black\/","title":{"rendered":"AERO PRECISION RECEIVER EXTENSION END PLATE FOR AR-15 BLACK"},"content":{"rendered":"<div class=\"product-description\">\n<h1>AERO PRECISION AR-15 BUFERIO VAMZD\u017dIO GALINIS DANGTELIS, JUODAS<\/h1>\n<p>Aero Precision buferio vamzd\u017eio galinis dangtelis yra skirtas AR-15 \u0161autuvams. \u0160is komponentas yra b\u016btinas karabinams su reguliuojamomis buo\u017e\u0117mis, u\u017etikrinant tvirt\u0105 jungt\u012f tarp buferio vamzd\u017eio ir ginklo r\u0117mo.<\/p>\n<ul>\n<li>Pagaminta JAV<\/li>\n<li>Tinka AR-15 ir AR-308 platformoms<\/li>\n<li>Skirtas karabin\u0173 buferio vamzd\u017eiams<\/li>\n<li>Pagamintas i\u0161 plieno<\/li>\n<li>Juodos spalvos<\/li>\n<li>U\u017etikrina tinkam\u0105 i\u0161lygiavim\u0105 ir stabilum\u0105<\/li>\n<\/ul>\n<p>\u0160is kokybi\u0161kas galinis dangtelis yra svarbus AR-15 komponentas, u\u017etikrinantis patikimum\u0105 ir funkcionalum\u0105.<\/p>\n<\/div>\n","protected":false},"excerpt":{"rendered":"<p>Karinio standarto AR-15 karabino galinis skydelis. Pagaminta JAV, juodo plieno.<\/p>\n","protected":false},"featured_media":497276,"template":"","meta":{"_acf_changed":false},"product_brand":[],"product_cat":[13702],"product_tag":[],"class_list":{"0":"post-538726","1":"product","2":"type-product","3":"status-publish","4":"has-post-thumbnail","6":"product_cat-sautuvu-derinimas","8":"first","9":"outofstock","10":"taxable","11":"shipping-taxable","12":"purchasable","13":"product-type-simple"},"acf":[],"_links":{"self":[{"href":"https:\/\/nbg.eu\/lt\/wp-json\/wp\/v2\/product\/538726","targetHints":{"allow":["GET"]}}],"collection":[{"href":"https:\/\/nbg.eu\/lt\/wp-json\/wp\/v2\/product"}],"about":[{"href":"https:\/\/nbg.eu\/lt\/wp-json\/wp\/v2\/types\/product"}],"wp:featuredmedia":[{"embeddable":true,"href":"https:\/\/nbg.eu\/lt\/wp-json\/wp\/v2\/media\/497276"}],"wp:attachment":[{"href":"https:\/\/nbg.eu\/lt\/wp-json\/wp\/v2\/media?parent=538726"}],"wp:term":[{"taxonomy":"product_brand","embeddable":true,"href":"https:\/\/nbg.eu\/lt\/wp-json\/wp\/v2\/product_brand?post=538726"},{"taxonomy":"product_cat","embeddable":true,"href":"https:\/\/nbg.eu\/lt\/wp-json\/wp\/v2\/product_cat?post=538726"},{"taxonomy":"product_tag","embeddable":true,"href":"https:\/\/nbg.eu\/lt\/wp-json\/wp\/v2\/product_tag?post=538726"}],"curies":[{"name":"wp","href":"https:\/\/api.w.org\/{rel}","templated":true}]}}