{"id":539132,"date":"2025-09-05T17:38:06","date_gmt":"2025-09-05T14:38:06","guid":{"rendered":"https:\/\/nbg.eu\/product\/ar-15-extractor-pin\/"},"modified":"2026-01-21T11:33:27","modified_gmt":"2026-01-21T08:33:27","slug":"ar-15-extractor-pin","status":"publish","type":"product","link":"https:\/\/nbg.eu\/lt\/produktas\/ar-15-extractor-pin\/","title":{"rendered":"AR-15 EXTRACTOR PIN"},"content":{"rendered":"<h1>BRN AR-15 spynos i\u0161traukiklio kai\u0161tis, juodas<\/h1>\n<p>BRN AR-15 spynos i\u0161traukiklio kai\u0161tis atitinka AR-15\/M16 \u0161autuv\u0173 OEM specifikacijas.<\/p>\n<h2>Pagrindin\u0117s savyb\u0117s:<\/h2>\n<ul>\n<li>Pagaminta JAV<\/li>\n<li>Am\u017eina garantija<\/li>\n<li>Fosfato apdaila<\/li>\n<li>Juoda spalva<\/li>\n<li>Pagaminta i\u0161 auk\u0161tos kokyb\u0117s plieno<\/li>\n<li>Tinka AR-15 platformoms<\/li>\n<\/ul>\n<p>\u0160i dalis skirta \u0161autuvo prie\u017ei\u016brai arba atnaujinimui. Amerikos gamyba ir Brownells garantija.<\/p>\n<p><strong>Produkto specifikacijos:<\/strong> Brownells #100040958 | MFR #AZT-M4-556ST016 | UPC 050806029637<\/p>\n","protected":false},"excerpt":{"rendered":"<p>OEM AR-15\/M16 pakaitinis i\u0161traukiklio kai\u0161tis. Juodas, pagamintas JAV, su viso gyvenimo garantija.<\/p>\n","protected":false},"featured_media":497345,"template":"","meta":{"_acf_changed":false},"product_brand":[],"product_cat":[13702],"product_tag":[],"class_list":{"0":"post-539132","1":"product","2":"type-product","3":"status-publish","4":"has-post-thumbnail","6":"product_cat-sautuvu-derinimas","8":"first","9":"instock","10":"taxable","11":"shipping-taxable","12":"purchasable","13":"product-type-simple"},"acf":[],"_links":{"self":[{"href":"https:\/\/nbg.eu\/lt\/wp-json\/wp\/v2\/product\/539132","targetHints":{"allow":["GET"]}}],"collection":[{"href":"https:\/\/nbg.eu\/lt\/wp-json\/wp\/v2\/product"}],"about":[{"href":"https:\/\/nbg.eu\/lt\/wp-json\/wp\/v2\/types\/product"}],"wp:featuredmedia":[{"embeddable":true,"href":"https:\/\/nbg.eu\/lt\/wp-json\/wp\/v2\/media\/497345"}],"wp:attachment":[{"href":"https:\/\/nbg.eu\/lt\/wp-json\/wp\/v2\/media?parent=539132"}],"wp:term":[{"taxonomy":"product_brand","embeddable":true,"href":"https:\/\/nbg.eu\/lt\/wp-json\/wp\/v2\/product_brand?post=539132"},{"taxonomy":"product_cat","embeddable":true,"href":"https:\/\/nbg.eu\/lt\/wp-json\/wp\/v2\/product_cat?post=539132"},{"taxonomy":"product_tag","embeddable":true,"href":"https:\/\/nbg.eu\/lt\/wp-json\/wp\/v2\/product_tag?post=539132"}],"curies":[{"name":"wp","href":"https:\/\/api.w.org\/{rel}","templated":true}]}}