{"id":539269,"date":"2025-09-05T17:38:16","date_gmt":"2025-09-05T14:38:16","guid":{"rendered":"https:\/\/nbg.eu\/product\/zero-compromise-optic-zc527-10mil-mpct2x\/"},"modified":"2026-01-21T11:29:43","modified_gmt":"2026-01-21T08:29:43","slug":"zero-compromise-optic-zc527-10mil-mpct2x","status":"publish","type":"product","link":"https:\/\/nbg.eu\/lt\/produktas\/zero-compromise-optic-zc527-10mil-mpct2x\/","title":{"rendered":"Zero Compromise Optic ZC527 10MIL MPCT2X"},"content":{"rendered":"<h1>Zero Compromise Optic ZC527 10MIL MPCT2X<\/h1>\n<p>ZC527 yra \u0161autuvinis taikiklis. Jo ilgis yra 387 mm, o svoris &#8211; 1122 g. Jis si\u016blo:<\/p>\n<ul>\n<li>35 mil auk\u0161\u010dio reguliavim\u0105<\/li>\n<li>20 mil horizontal\u0173 reguliavim\u0105<\/li>\n<li>7m\/100m matymo lauk\u0105<\/li>\n<li>Ger\u0105 \u0161viesos pralaidum\u0105<\/li>\n<li>Auk\u0161t\u0105 rai\u0161k\u0105<\/li>\n<\/ul>\n<p>ZC527 pagamintas i\u0161 auk\u0161tos kokyb\u0117s med\u017eiag\u0173. Jis prieinamas standartine apdaila arba FDE (plok\u0161\u010dia tamsi \u017eem\u0117s spalva) da\u017eymu.<\/p>\n<p>Zero Compromise Optic ZC527 yra \u0161autuvinis taikiklis.<\/p>\n","protected":false},"excerpt":{"rendered":"<p>Auk\u0161\u010diausios kokyb\u0117s optinis taikiklis: neprilygstamas ai\u0161kumas, platus matymo laukas, tiksl\u016bs reguliavimai.<\/p>\n","protected":false},"featured_media":497391,"template":"","meta":{"_acf_changed":false},"product_brand":[15196],"product_cat":[13705,13692],"product_tag":[],"class_list":{"0":"post-539269","1":"product","2":"type-product","3":"status-publish","4":"has-post-thumbnail","6":"product_brand-zero-compromise-optics","7":"product_cat-didinanti-optika","8":"product_cat-taikymas","10":"first","11":"outofstock","12":"taxable","13":"shipping-taxable","14":"purchasable","15":"product-type-simple"},"acf":[],"_links":{"self":[{"href":"https:\/\/nbg.eu\/lt\/wp-json\/wp\/v2\/product\/539269","targetHints":{"allow":["GET"]}}],"collection":[{"href":"https:\/\/nbg.eu\/lt\/wp-json\/wp\/v2\/product"}],"about":[{"href":"https:\/\/nbg.eu\/lt\/wp-json\/wp\/v2\/types\/product"}],"wp:featuredmedia":[{"embeddable":true,"href":"https:\/\/nbg.eu\/lt\/wp-json\/wp\/v2\/media\/497391"}],"wp:attachment":[{"href":"https:\/\/nbg.eu\/lt\/wp-json\/wp\/v2\/media?parent=539269"}],"wp:term":[{"taxonomy":"product_brand","embeddable":true,"href":"https:\/\/nbg.eu\/lt\/wp-json\/wp\/v2\/product_brand?post=539269"},{"taxonomy":"product_cat","embeddable":true,"href":"https:\/\/nbg.eu\/lt\/wp-json\/wp\/v2\/product_cat?post=539269"},{"taxonomy":"product_tag","embeddable":true,"href":"https:\/\/nbg.eu\/lt\/wp-json\/wp\/v2\/product_tag?post=539269"}],"curies":[{"name":"wp","href":"https:\/\/api.w.org\/{rel}","templated":true}]}}