{"id":539401,"date":"2025-09-05T17:38:17","date_gmt":"2025-09-05T14:38:17","guid":{"rendered":"https:\/\/nbg.eu\/product\/zco-mount\/"},"modified":"2026-01-21T11:38:41","modified_gmt":"2026-01-21T08:38:41","slug":"zco-mount","status":"publish","type":"product","link":"https:\/\/nbg.eu\/lt\/produktas\/zco-mount\/","title":{"rendered":"ZCO Mount"},"content":{"rendered":"<div class=\"product-description\">\n<h1>ZCO blokinis laikiklis: skirtas profesionaliems \u0161autuv\u0173 taikikliams<\/h1>\n<p>ZCO blokinis laikiklis su 0Mil \/ 6Mil posvyrio parinktimis. Pagamintas Austrijoje naudojant CNC frezavimo technologij\u0105, \u0161is laikiklis skirtas ZCO \u0161autuv\u0173 taikikliams.<\/p>\n<ul>\n<li>Pagamintas i\u0161 EN AW-7075 aliuminio su anodizuota danga<\/li>\n<li>Sulankstomas guls\u010diukas (galima montuoti kair\u0117je arba de\u0161in\u0117je)<\/li>\n<li>Integruotas mira\u017eo juostos \u012fd\u0117klas<\/li>\n<li>Komplekte yra i\u0161lyginimo plei\u0161tas taikiklio sulygiavimui<\/li>\n<li>Pridedami visi reikalingi Torx antgaliai<\/li>\n<\/ul>\n<p>Profesionalus montavimo sprendimas, skirtas \u0161autuvams. ZCO blokinis laikiklis u\u017etikrina optimal\u0173 veikim\u0105 \u012fvairiose \u0161audymo situacijose.<\/p>\n<\/div>\n","protected":false},"excerpt":{"rendered":"<p>Precizi\u0161kas ZCO laikiklis: profesionalaus lygio, CNC frezuotas, su integruotu guls\u010diuku.<\/p>\n","protected":false},"featured_media":497529,"template":"","meta":{"_acf_changed":false},"product_brand":[15196],"product_cat":[14906,13692],"product_tag":[],"class_list":{"0":"post-539401","1":"product","2":"type-product","3":"status-publish","4":"has-post-thumbnail","6":"product_brand-zero-compromise-optics","7":"product_cat-mounts-lt","8":"product_cat-taikymas","10":"first","11":"outofstock","12":"taxable","13":"shipping-taxable","14":"purchasable","15":"product-type-simple"},"acf":[],"_links":{"self":[{"href":"https:\/\/nbg.eu\/lt\/wp-json\/wp\/v2\/product\/539401","targetHints":{"allow":["GET"]}}],"collection":[{"href":"https:\/\/nbg.eu\/lt\/wp-json\/wp\/v2\/product"}],"about":[{"href":"https:\/\/nbg.eu\/lt\/wp-json\/wp\/v2\/types\/product"}],"wp:featuredmedia":[{"embeddable":true,"href":"https:\/\/nbg.eu\/lt\/wp-json\/wp\/v2\/media\/497529"}],"wp:attachment":[{"href":"https:\/\/nbg.eu\/lt\/wp-json\/wp\/v2\/media?parent=539401"}],"wp:term":[{"taxonomy":"product_brand","embeddable":true,"href":"https:\/\/nbg.eu\/lt\/wp-json\/wp\/v2\/product_brand?post=539401"},{"taxonomy":"product_cat","embeddable":true,"href":"https:\/\/nbg.eu\/lt\/wp-json\/wp\/v2\/product_cat?post=539401"},{"taxonomy":"product_tag","embeddable":true,"href":"https:\/\/nbg.eu\/lt\/wp-json\/wp\/v2\/product_tag?post=539401"}],"curies":[{"name":"wp","href":"https:\/\/api.w.org\/{rel}","templated":true}]}}