{"id":539781,"date":"2025-09-05T17:40:49","date_gmt":"2025-09-05T14:40:49","guid":{"rendered":"https:\/\/nbg.eu\/product\/scope-mount-30mm-vortex-pro-series-low-pr30-l\/"},"modified":"2026-01-21T12:26:39","modified_gmt":"2026-01-21T09:26:39","slug":"scope-mount-30mm-vortex-pro-series-low-pr30-l","status":"publish","type":"product","link":"https:\/\/nbg.eu\/lt\/produktas\/scope-mount-30mm-vortex-pro-series-low-pr30-l\/","title":{"rendered":"Scope mount 30mm Vortex Pro Series LOW PR30-l"},"content":{"rendered":"<h1>Vortex Pro 30mm \u017eemo (0,90&#8243;) auk\u0161\u010dio optinio taikiklio \u017eiedai PR30-L<\/h1>\n<p>Vortex Pro serijos 30mm \u017eemo auk\u0161\u010dio \u017eiedai skirti optiniam taikikliui montuoti. Pagaminti i\u0161 6061 mark\u0117s aliuminio, naudojamo aviacijoje, \u0161ie \u017eiedai pasi\u017eymi patikimumu ir tvirtumu.<\/p>\n<h2>Pagrindin\u0117s savyb\u0117s:<\/h2>\n<ul>\n<li>Kieta matin\u0117 juoda anoduota apdaila<\/li>\n<li>Lazeriu i\u0161graviruotos sukimo momento specifikacijos<\/li>\n<li>Tvirti #8 tvirtinimo elementai<\/li>\n<li>Integruotas atatrankos fiksatorius<\/li>\n<li>Suderinami su Weaver arba Picatinny b\u0117geliais<\/li>\n<li>Lengvi, sveria tik 1,58 uncijas<\/li>\n<\/ul>\n<p>Vortex Pro PR30-L \u017eiedai u\u017etikrina, kad optinis taikiklis i\u0161liks tvirtai savo vietoje. \u0160ie \u017eiedai tinka med\u017eiotojams, ie\u0161kantiems kokyb\u0117s ir vert\u0117s.<\/p>\n","protected":false},"excerpt":{"rendered":"<p>Patvar\u016bs 30 mm \u017eemi optikos \u017eiedai Weaver\/Picatinny b\u0117geliams. Tiksliai apdirbti.<\/p>\n","protected":false},"featured_media":497575,"template":"","meta":{"_acf_changed":false},"product_brand":[11961],"product_cat":[13692,13717],"product_tag":[],"class_list":{"0":"post-539781","1":"product","2":"type-product","3":"status-publish","4":"has-post-thumbnail","6":"product_brand-vortex","7":"product_cat-taikymas","8":"product_cat-taikymo-aksesuarai","10":"first","11":"outofstock","12":"taxable","13":"shipping-taxable","14":"purchasable","15":"product-type-simple"},"acf":[],"_links":{"self":[{"href":"https:\/\/nbg.eu\/lt\/wp-json\/wp\/v2\/product\/539781","targetHints":{"allow":["GET"]}}],"collection":[{"href":"https:\/\/nbg.eu\/lt\/wp-json\/wp\/v2\/product"}],"about":[{"href":"https:\/\/nbg.eu\/lt\/wp-json\/wp\/v2\/types\/product"}],"wp:featuredmedia":[{"embeddable":true,"href":"https:\/\/nbg.eu\/lt\/wp-json\/wp\/v2\/media\/497575"}],"wp:attachment":[{"href":"https:\/\/nbg.eu\/lt\/wp-json\/wp\/v2\/media?parent=539781"}],"wp:term":[{"taxonomy":"product_brand","embeddable":true,"href":"https:\/\/nbg.eu\/lt\/wp-json\/wp\/v2\/product_brand?post=539781"},{"taxonomy":"product_cat","embeddable":true,"href":"https:\/\/nbg.eu\/lt\/wp-json\/wp\/v2\/product_cat?post=539781"},{"taxonomy":"product_tag","embeddable":true,"href":"https:\/\/nbg.eu\/lt\/wp-json\/wp\/v2\/product_tag?post=539781"}],"curies":[{"name":"wp","href":"https:\/\/api.w.org\/{rel}","templated":true}]}}