{"id":539892,"date":"2025-09-05T17:40:49","date_gmt":"2025-09-05T14:40:49","guid":{"rendered":"https:\/\/nbg.eu\/product\/badger-ordnance-c1-coaxial-laser-integration-fixture-9-slot-rail-black-700-20b\/"},"modified":"2026-01-21T12:07:04","modified_gmt":"2026-01-21T09:07:04","slug":"badger-ordnance-c1-coaxial-laser-integration-fixture-9-slot-rail-black-700-20b","status":"publish","type":"product","link":"https:\/\/nbg.eu\/lt\/produktas\/badger-ordnance-c1-coaxial-laser-integration-fixture-9-slot-rail-black-700-20b\/","title":{"rendered":"BADGER ORDNANCE C1 COAXIAL LASER INTEGRATION FIXTURE 9 SLOT RAIL BLACK (700-20B)"},"content":{"rendered":"<div class=\"product-description\">\n<h2>BADGER ORDNANCE C1 KOAKSIALINIS LAZERIO INTEGRAVIMO PRIETAISAS 9 POZICIJ\u0172 B\u0116GELIS JUODAS (700-20B)<\/h2>\n<p>Badger Ordnance 9 pozicij\u0173 CLIF (Koaksialinis lazerio integravimo prietaisas). \u0160is priedas skirtas naudoti su Badger Condition One tvirtinimais, leid\u017eiantis integruoti ginkl\u0173 lazerio atstumo matuoklius.<\/p>\n<ul>\n<li>Suderinamas su ARC lazeri\u0173 ir atstumo matuokli\u0173 tvirtinimui vir\u0161 optikos<\/li>\n<li>Tvirtinamas nenuimant C1 pried\u0173 \u017eiedo dangtelio, i\u0161laikant pradin\u012f optikos nustatym\u0105<\/li>\n<li>9 pozicij\u0173 b\u0117gelio dizainas \u012fvairiems tvirtinimo variantams<\/li>\n<li>Juoda apdaila<\/li>\n<li>Dalies numeris: 700-20B<\/li>\n<\/ul>\n<\/div>\n","protected":false},"excerpt":{"rendered":"<p>BADGER ORDNANCE C1 CLIF: 9 ang\u0173 b\u0117gelis lazerio integracijai ant optini\u0173 prietais\u0173.<\/p>\n","protected":false},"featured_media":497598,"template":"","meta":{"_acf_changed":false},"product_brand":[11089],"product_cat":[14906,13692,13717],"product_tag":[],"class_list":{"0":"post-539892","1":"product","2":"type-product","3":"status-publish","4":"has-post-thumbnail","6":"product_brand-badger-ordnance","7":"product_cat-mounts-lt","8":"product_cat-taikymas","9":"product_cat-taikymo-aksesuarai","11":"first","12":"instock","13":"taxable","14":"shipping-taxable","15":"purchasable","16":"product-type-simple"},"acf":[],"_links":{"self":[{"href":"https:\/\/nbg.eu\/lt\/wp-json\/wp\/v2\/product\/539892","targetHints":{"allow":["GET"]}}],"collection":[{"href":"https:\/\/nbg.eu\/lt\/wp-json\/wp\/v2\/product"}],"about":[{"href":"https:\/\/nbg.eu\/lt\/wp-json\/wp\/v2\/types\/product"}],"wp:featuredmedia":[{"embeddable":true,"href":"https:\/\/nbg.eu\/lt\/wp-json\/wp\/v2\/media\/497598"}],"wp:attachment":[{"href":"https:\/\/nbg.eu\/lt\/wp-json\/wp\/v2\/media?parent=539892"}],"wp:term":[{"taxonomy":"product_brand","embeddable":true,"href":"https:\/\/nbg.eu\/lt\/wp-json\/wp\/v2\/product_brand?post=539892"},{"taxonomy":"product_cat","embeddable":true,"href":"https:\/\/nbg.eu\/lt\/wp-json\/wp\/v2\/product_cat?post=539892"},{"taxonomy":"product_tag","embeddable":true,"href":"https:\/\/nbg.eu\/lt\/wp-json\/wp\/v2\/product_tag?post=539892"}],"curies":[{"name":"wp","href":"https:\/\/api.w.org\/{rel}","templated":true}]}}