{"id":540033,"date":"2025-09-05T17:41:43","date_gmt":"2025-09-05T14:41:43","guid":{"rendered":"https:\/\/nbg.eu\/product\/dillon-750-650-550-machine-strong-mount\/"},"modified":"2026-01-21T12:05:05","modified_gmt":"2026-01-21T09:05:05","slug":"dillon-750-650-550-machine-strong-mount","status":"publish","type":"product","link":"https:\/\/nbg.eu\/lt\/produktas\/dillon-750-650-550-machine-strong-mount\/","title":{"rendered":"Dillon 750\/650\/550 Machine Strong Mount"},"content":{"rendered":"<h2>Dillon 750\/650\/550 ma\u0161inos tvirtinimo laikiklis<\/h2>\n<p>Dillon 750\/650\/550 tvirtinimo laikiklis yra priedas, skirtas pagerinti j\u016bs\u0173 \u0161ovini\u0173 u\u017etaisymo stalo naudojim\u0105, suteikdamas didesn\u012f patogum\u0105 ir stabilum\u0105 Dillon presui.<\/p>\n<ul>\n<li>Suderinamas su RL550, RL550B, RL550C, XL650 ir XL750 modeliais<\/li>\n<li>Pakelia preso auk\u0161t\u012f 8 1\/2&#8243; (21,5 cm) geresnei ergonomikai<\/li>\n<li>Platesnis pagrindas suma\u017eina vibracijas ir svyravimus tikslesniam u\u017etaisymui<\/li>\n<li>Rekomenduojamas visiems 550, 650 ir 750 u\u017etaisytojams<\/li>\n<\/ul>\n<p>Tvirtinimo laikiklio padidintas auk\u0161tis ir didesnis pagrindas sukuria patogesn\u0119 darbin\u0119 pad\u0117t\u012f ir \u017eymiai suma\u017eina preso jud\u0117jim\u0105. \u0160is stabilumas yra svarbus siekiant nuosekli\u0173, kokybi\u0161k\u0173 u\u017etaisym\u0173. \u0160is Dillon priedas gali pagerinti j\u016bs\u0173 \u0161ovini\u0173 u\u017etaisymo \u012frang\u0105.<\/p>\n","protected":false},"excerpt":{"rendered":"<p>Pakelkite ir stabilizuokite savo Dillon pres\u0105, kad patogiau u\u017etaisytum\u0117te \u0161ovinius.<\/p>\n","protected":false},"featured_media":497621,"template":"","meta":{"_acf_changed":false},"product_brand":[14331],"product_cat":[13727,13716,13674],"product_tag":[],"class_list":{"0":"post-540033","1":"product","2":"type-product","3":"status-publish","4":"has-post-thumbnail","6":"product_brand-dillon-precision","7":"product_cat-perkrovimas","8":"product_cat-perkrovimo-aksesuarai","9":"product_cat-perkrovimo-masinos","11":"first","12":"outofstock","13":"taxable","14":"shipping-taxable","15":"purchasable","16":"product-type-simple"},"acf":[],"_links":{"self":[{"href":"https:\/\/nbg.eu\/lt\/wp-json\/wp\/v2\/product\/540033","targetHints":{"allow":["GET"]}}],"collection":[{"href":"https:\/\/nbg.eu\/lt\/wp-json\/wp\/v2\/product"}],"about":[{"href":"https:\/\/nbg.eu\/lt\/wp-json\/wp\/v2\/types\/product"}],"wp:featuredmedia":[{"embeddable":true,"href":"https:\/\/nbg.eu\/lt\/wp-json\/wp\/v2\/media\/497621"}],"wp:attachment":[{"href":"https:\/\/nbg.eu\/lt\/wp-json\/wp\/v2\/media?parent=540033"}],"wp:term":[{"taxonomy":"product_brand","embeddable":true,"href":"https:\/\/nbg.eu\/lt\/wp-json\/wp\/v2\/product_brand?post=540033"},{"taxonomy":"product_cat","embeddable":true,"href":"https:\/\/nbg.eu\/lt\/wp-json\/wp\/v2\/product_cat?post=540033"},{"taxonomy":"product_tag","embeddable":true,"href":"https:\/\/nbg.eu\/lt\/wp-json\/wp\/v2\/product_tag?post=540033"}],"curies":[{"name":"wp","href":"https:\/\/api.w.org\/{rel}","templated":true}]}}