{"id":540276,"date":"2025-09-05T17:42:22","date_gmt":"2025-09-05T14:42:22","guid":{"rendered":"https:\/\/nbg.eu\/product\/ameriglo-range-fo-sight-set-for-glock\/"},"modified":"2026-01-21T12:29:16","modified_gmt":"2026-01-21T09:29:16","slug":"ameriglo-range-fo-sight-set-for-glock","status":"publish","type":"product","link":"https:\/\/nbg.eu\/lt\/produktas\/ameriglo-range-fo-sight-set-for-glock\/","title":{"rendered":"AMERIGLO RANGE FO SIGHT SET FOR GLOCK"},"content":{"rendered":"<div class=\"product-description\">\n<h2>AMERIGLO TAIKIKLI\u0172 KOMPLEKTAS GLOCK GINKLAMS<\/h2>\n<p>AMERIGLO taikikli\u0173 komplektas skirtas Glock G5 9mm\/.40 kalibro ginklams. \u0160is taikikli\u0173 komplektas pagerina \u0161audymo tikslum\u0105 ir taikinio aptikim\u0105.<\/p>\n<ul>\n<li>Tinka Glock 19 Gen 5 ir Glock 23 Gen 5 modeliams<\/li>\n<li>Pagaminta i\u0161 plieno<\/li>\n<li>Juoda spalva<\/li>\n<li>Kvadratinis \u012fpjovos stilius<\/li>\n<li>Dantyta pavir\u0161iaus tekst\u016bra<\/li>\n<li>Svoris: 0,313 svar\u0173<\/li>\n<\/ul>\n<p>\u0160ie taikikliai skirti naudoti \u0161audykloje arba taktin\u0117se situacijose. Juos lengva \u012fmontuoti.<\/p>\n<\/div>\n","protected":false},"excerpt":{"rendered":"<p>Juodas dantytas taikikli\u0173 komplektas Glock G5 9mm\/.40 modeliui, pagamintas i\u0161 plieno.<\/p>\n","protected":false},"featured_media":497807,"template":"","meta":{"_acf_changed":false},"product_brand":[],"product_cat":[13711,13687,13692,13717],"product_tag":[],"class_list":{"0":"post-540276","1":"product","2":"type-product","3":"status-publish","4":"has-post-thumbnail","6":"product_cat-pistoletas","7":"product_cat-pistoletu-dalys","8":"product_cat-taikymas","9":"product_cat-taikymo-aksesuarai","11":"first","12":"outofstock","13":"taxable","14":"shipping-taxable","15":"purchasable","16":"product-type-simple"},"acf":[],"_links":{"self":[{"href":"https:\/\/nbg.eu\/lt\/wp-json\/wp\/v2\/product\/540276","targetHints":{"allow":["GET"]}}],"collection":[{"href":"https:\/\/nbg.eu\/lt\/wp-json\/wp\/v2\/product"}],"about":[{"href":"https:\/\/nbg.eu\/lt\/wp-json\/wp\/v2\/types\/product"}],"wp:featuredmedia":[{"embeddable":true,"href":"https:\/\/nbg.eu\/lt\/wp-json\/wp\/v2\/media\/497807"}],"wp:attachment":[{"href":"https:\/\/nbg.eu\/lt\/wp-json\/wp\/v2\/media?parent=540276"}],"wp:term":[{"taxonomy":"product_brand","embeddable":true,"href":"https:\/\/nbg.eu\/lt\/wp-json\/wp\/v2\/product_brand?post=540276"},{"taxonomy":"product_cat","embeddable":true,"href":"https:\/\/nbg.eu\/lt\/wp-json\/wp\/v2\/product_cat?post=540276"},{"taxonomy":"product_tag","embeddable":true,"href":"https:\/\/nbg.eu\/lt\/wp-json\/wp\/v2\/product_tag?post=540276"}],"curies":[{"name":"wp","href":"https:\/\/api.w.org\/{rel}","templated":true}]}}