{"id":540624,"date":"2025-09-05T17:42:22","date_gmt":"2025-09-05T14:42:22","guid":{"rendered":"https:\/\/nbg.eu\/product\/lyman-pro-trim-die\/"},"modified":"2026-01-21T11:45:39","modified_gmt":"2026-01-21T08:45:39","slug":"lyman-pro-trim-die","status":"publish","type":"product","link":"https:\/\/nbg.eu\/lt\/produktas\/lyman-pro-trim-die\/","title":{"rendered":"Lyman Pro Trim Die"},"content":{"rendered":"<div class=\"product-description\">\n<h2>Lyman Pro Trim \u0161tampai<\/h2>\n<p>Lyman Pro Trim \u0161tampai pagaminti JAV. \u0160ie \u0161tampai turi:<\/p>\n<ul>\n<li>Ner\u016bdijan\u010dio plieno konstrukcij\u0105<\/li>\n<li>7\/8-14 apatin\u012f srieg\u012f, tinkant\u012f visiems Lyman, Mark 7 ir kitiems populiariems perkrovimo presams<\/li>\n<li>13\/16-20 vir\u0161utin\u012f srieg\u012f, skirt\u0105 Lyman prese montuojamam trumpintuvui ir kitoms populiarioms galimyb\u0117ms<\/li>\n<li>Ilgalaikio naudojimo garantij\u0105<\/li>\n<\/ul>\n<p>Lyman Pro Trim \u0161tampai tinka tiek patyrusiems perkrov\u0117jams, tiek pradedantiesiems. \u0160ie \u0161tampai u\u017etikrina kokyb\u0119 ir suderinamum\u0105, reikaling\u0105 tiksliems rezultatams.<\/p>\n<\/div>\n","protected":false},"excerpt":{"rendered":"<p>Precizi\u0161kai pagaminta JAV ner\u016bdijan\u010dio plieno matrica t\u016bteli\u0173 trumpinimui. Suderinama su presu.<\/p>\n","protected":false},"featured_media":497831,"template":"","meta":{"_acf_changed":false},"product_brand":[11275],"product_cat":[13727,13716],"product_tag":[],"class_list":{"0":"post-540624","1":"product","2":"type-product","3":"status-publish","4":"has-post-thumbnail","6":"product_brand-doublealpha","7":"product_cat-perkrovimas","8":"product_cat-perkrovimo-aksesuarai","10":"first","11":"outofstock","12":"taxable","13":"shipping-taxable","14":"purchasable","15":"product-type-simple"},"acf":[],"_links":{"self":[{"href":"https:\/\/nbg.eu\/lt\/wp-json\/wp\/v2\/product\/540624","targetHints":{"allow":["GET"]}}],"collection":[{"href":"https:\/\/nbg.eu\/lt\/wp-json\/wp\/v2\/product"}],"about":[{"href":"https:\/\/nbg.eu\/lt\/wp-json\/wp\/v2\/types\/product"}],"wp:featuredmedia":[{"embeddable":true,"href":"https:\/\/nbg.eu\/lt\/wp-json\/wp\/v2\/media\/497831"}],"wp:attachment":[{"href":"https:\/\/nbg.eu\/lt\/wp-json\/wp\/v2\/media?parent=540624"}],"wp:term":[{"taxonomy":"product_brand","embeddable":true,"href":"https:\/\/nbg.eu\/lt\/wp-json\/wp\/v2\/product_brand?post=540624"},{"taxonomy":"product_cat","embeddable":true,"href":"https:\/\/nbg.eu\/lt\/wp-json\/wp\/v2\/product_cat?post=540624"},{"taxonomy":"product_tag","embeddable":true,"href":"https:\/\/nbg.eu\/lt\/wp-json\/wp\/v2\/product_tag?post=540624"}],"curies":[{"name":"wp","href":"https:\/\/api.w.org\/{rel}","templated":true}]}}