{"id":540731,"date":"2025-09-05T17:42:23","date_gmt":"2025-09-05T14:42:23","guid":{"rendered":"https:\/\/nbg.eu\/product\/zco-throw-lever\/"},"modified":"2026-01-21T11:39:59","modified_gmt":"2026-01-21T08:39:59","slug":"zco-throw-lever","status":"publish","type":"product","link":"https:\/\/nbg.eu\/lt\/produktas\/zco-throw-lever\/","title":{"rendered":"ZCO &#8211; Throw Lever"},"content":{"rendered":"<h1>ZCO &#8211; Didinimo svirtis<\/h1>\n<p>ZCO didinimo svirtis skirta Zero Compromise Optic tiksli\u0173j\u0173 \u0161autuv\u0173 optiniams taikikliams. \u0160is priedas integruojasi su taikiklio okuliaro korpusu, suteikdamas galimyb\u0119 greitai keisti didinim\u0105 taikantis.<\/p>\n<h2>Pagrindin\u0117s savyb\u0117s:<\/h2>\n<ul>\n<li>Pagaminta i\u0161 vieno 7075-T6 aliuminio gabalo<\/li>\n<li>Sm\u0117liap\u016bte apdorota ir anodizuota ilgaam\u017ei\u0161kumui<\/li>\n<li>Paprastas dizainas lengvam montavimui<\/li>\n<li>Reguliuojama pad\u0117tis ant taikiklio reguliavimo \u017eiedo<\/li>\n<li>Dera su ZCO sportini\u0173 taikikli\u0173 i\u0161vaizda<\/li>\n<\/ul>\n<p>ZCO didinimo svirtis leid\u017eia grei\u010diau keisti didinim\u0105 ir suteikia geresn\u0119 kontrol\u0119. \u0160is priedas naudingas \u0161auliams, ie\u0161kantiems geresni\u0173 rezultat\u0173 lauke.<\/p>\n","protected":false},"excerpt":{"rendered":"<p>ZCO sverto mechanizmas: Greitas didinimo reguliavimas tiksliems optiniams taikikliams.<\/p>\n","protected":false},"featured_media":497854,"template":"","meta":{"_acf_changed":false},"product_brand":[15196],"product_cat":[13705,13692,13717],"product_tag":[],"class_list":{"0":"post-540731","1":"product","2":"type-product","3":"status-publish","4":"has-post-thumbnail","6":"product_brand-zero-compromise-optics","7":"product_cat-didinanti-optika","8":"product_cat-taikymas","9":"product_cat-taikymo-aksesuarai","11":"first","12":"instock","13":"taxable","14":"shipping-taxable","15":"purchasable","16":"product-type-simple"},"acf":[],"_links":{"self":[{"href":"https:\/\/nbg.eu\/lt\/wp-json\/wp\/v2\/product\/540731","targetHints":{"allow":["GET"]}}],"collection":[{"href":"https:\/\/nbg.eu\/lt\/wp-json\/wp\/v2\/product"}],"about":[{"href":"https:\/\/nbg.eu\/lt\/wp-json\/wp\/v2\/types\/product"}],"wp:featuredmedia":[{"embeddable":true,"href":"https:\/\/nbg.eu\/lt\/wp-json\/wp\/v2\/media\/497854"}],"wp:attachment":[{"href":"https:\/\/nbg.eu\/lt\/wp-json\/wp\/v2\/media?parent=540731"}],"wp:term":[{"taxonomy":"product_brand","embeddable":true,"href":"https:\/\/nbg.eu\/lt\/wp-json\/wp\/v2\/product_brand?post=540731"},{"taxonomy":"product_cat","embeddable":true,"href":"https:\/\/nbg.eu\/lt\/wp-json\/wp\/v2\/product_cat?post=540731"},{"taxonomy":"product_tag","embeddable":true,"href":"https:\/\/nbg.eu\/lt\/wp-json\/wp\/v2\/product_tag?post=540731"}],"curies":[{"name":"wp","href":"https:\/\/api.w.org\/{rel}","templated":true}]}}