{"id":540836,"date":"2025-09-05T18:09:45","date_gmt":"2025-09-05T15:09:45","guid":{"rendered":"https:\/\/nbg.eu\/product\/bullet-berger-cal-6-5-creedmoor-elite-hunter-140gr-100pcs\/"},"modified":"2026-01-21T12:27:40","modified_gmt":"2026-01-21T09:27:40","slug":"bullet-berger-cal-6-5-creedmoor-elite-hunter-140gr-100pcs","status":"publish","type":"product","link":"https:\/\/nbg.eu\/lt\/produktas\/bullet-berger-cal-6-5-creedmoor-elite-hunter-140gr-100pcs\/","title":{"rendered":"Bullet Berger cal. 6.5 Creedmoor Elite Hunter 140gr.\/100pcs."},"content":{"rendered":"<h2>Berger kulkos, kalibras 6.5 Creedmoor, Elite Hunter 140gr.\/100vnt.<\/h2>\n<p>Berger 6.5 Creedmoor 140 Grain Elite Hunter \u0161oviniai skirti vidutinio dyd\u017eio \u017ev\u0117ri\u0173 med\u017eioklei. \u0160ios kulkos savyb\u0117s:<\/p>\n<ul>\n<li><strong>Nuoseklumas:<\/strong> Naudojami J4 Precision kulk\u0173 apvalkalai su +\/-.0003&#8243; Bendru Nurodytu Nuokrypiu (TIR)<\/li>\n<li><strong>Hibridin\u0117 ogiva:<\/strong> Jungia tangentin\u0119 ir sekantin\u0119 nosies formas lengvesniam derinimui ir plok\u0161tesnei trajektorijai<\/li>\n<li><strong>Nuoseklus branduolys:<\/strong> Pa\u0161alina svorio r\u016b\u0161iavimo poreik\u012f, u\u017etikrina patikim\u0105 kritim\u0105 ir nuosekl\u0173 balistin\u012f koeficient\u0105<\/li>\n<li><strong>Valties uodegos dizainas:<\/strong> Suteikia aerodinamin\u012f prana\u0161um\u0105 didesniuose nuotoliuose<\/li>\n<li><strong>J4 med\u017eiokl\u0117s apvalkalas:<\/strong> Leid\u017eia 2-3&#8243; \u012fsiskverbim\u0105 prie\u0161 greit\u0105 i\u0161sipl\u0117tim\u0105<\/li>\n<\/ul>\n<p>6.5 Creedmoor Elite Hunter tinka var\u017eybiniam \u0161audymui ir med\u017eioklei. G1 balistinis koeficientas yra 0.606, o pradinis greitis &#8211; 2750 fps.<\/p>\n<p>Specifikacijos:<\/p>\n<ul>\n<li>Svoris: 140 Grain<\/li>\n<li>G7 balistinis koeficientas: 0.31<\/li>\n<li>Minimalus sukimasis: 1:8&#8243; arba greitesnis<\/li>\n<li>Maksimalus COAL: 2.825&#8243;<\/li>\n<li>Energija prie vamzd\u017eio \u017eio\u010di\u0173: 2351 ft-lb<\/li>\n<\/ul>\n<p>Berger Elite Hunter tinka med\u017eioklei ir var\u017eybiniam \u0161audymui.<\/p>\n","protected":false},"excerpt":{"rendered":"<p>Elite Hunter 6.5 Creedmoor: Tikslus, patikimas 140 gr (9,07 g) \u0161ovinys vidutinio dyd\u017eio gyv\u016bnams med\u017eioti.<\/p>\n","protected":false},"featured_media":498853,"template":"","meta":{"_acf_changed":false},"product_brand":[15071],"product_cat":[13678,13727,13744],"product_tag":[],"class_list":{"0":"post-540836","1":"product","2":"type-product","3":"status-publish","4":"has-post-thumbnail","6":"product_brand-berger-bullets","7":"product_cat-kulkos","8":"product_cat-perkrovimas","9":"product_cat-saudmenys","11":"first","12":"instock","13":"taxable","14":"shipping-taxable","15":"product-type-simple"},"acf":[],"_links":{"self":[{"href":"https:\/\/nbg.eu\/lt\/wp-json\/wp\/v2\/product\/540836","targetHints":{"allow":["GET"]}}],"collection":[{"href":"https:\/\/nbg.eu\/lt\/wp-json\/wp\/v2\/product"}],"about":[{"href":"https:\/\/nbg.eu\/lt\/wp-json\/wp\/v2\/types\/product"}],"wp:featuredmedia":[{"embeddable":true,"href":"https:\/\/nbg.eu\/lt\/wp-json\/wp\/v2\/media\/498853"}],"wp:attachment":[{"href":"https:\/\/nbg.eu\/lt\/wp-json\/wp\/v2\/media?parent=540836"}],"wp:term":[{"taxonomy":"product_brand","embeddable":true,"href":"https:\/\/nbg.eu\/lt\/wp-json\/wp\/v2\/product_brand?post=540836"},{"taxonomy":"product_cat","embeddable":true,"href":"https:\/\/nbg.eu\/lt\/wp-json\/wp\/v2\/product_cat?post=540836"},{"taxonomy":"product_tag","embeddable":true,"href":"https:\/\/nbg.eu\/lt\/wp-json\/wp\/v2\/product_tag?post=540836"}],"curies":[{"name":"wp","href":"https:\/\/api.w.org\/{rel}","templated":true}]}}