{"id":540953,"date":"2025-09-05T18:09:45","date_gmt":"2025-09-05T15:09:45","guid":{"rendered":"https:\/\/nbg.eu\/product\/dillon-xl650-xl750-conversion-kit-cal-308-30-6\/"},"modified":"2026-01-21T12:07:05","modified_gmt":"2026-01-21T09:07:05","slug":"dillon-xl650-xl750-conversion-kit-cal-308-30-6","status":"publish","type":"product","link":"https:\/\/nbg.eu\/lt\/produktas\/dillon-xl650-xl750-conversion-kit-cal-308-30-6\/","title":{"rendered":"Dillon XL650 \/ XL750 Conversion kit &#8211; Cal. .308\/30-6"},"content":{"rendered":"<h2>Dillon XL650\/750 konversijos rinkinys .308 Win<\/h2>\n<p>Dillon XL650\/750 konversijos rinkinys .308 Winchester kalibro \u0161oviniams. \u0160is rinkinys tinka Dillon XL650 arba XL750 progresyviniam u\u017etaisymo presui.<\/p>\n<h2>Pagrindin\u0117s savyb\u0117s:<\/h2>\n<ul>\n<li><strong>Integracija su progresyviniu presu:<\/strong> Leid\u017eia XL650 arba XL750 u\u017etaisyti .308 Winchester \u0161ovinius.<\/li>\n<li><strong>Pritaikytas dideliam kiekiui:<\/strong> Skirtas efektyviai gamybai, leid\u017eia greitai pakeisti kalibr\u0105.<\/li>\n<li><strong>Tvirta konstrukcija:<\/strong> Pagaminta i\u0161 tvirt\u0173 med\u017eiag\u0173.<\/li>\n<li><strong>Paprastas naudojimas:<\/strong> Lengvai montuojamas ir nuimamas.<\/li>\n<\/ul>\n<h2>Rinkinyje yra:<\/h2>\n<ul>\n<li>Specialus \u0161ovini\u0173 laikiklis .308 Win<\/li>\n<li>Parako piltuv\u0117liai<\/li>\n<li>Pozicionavimo mygtukai<\/li>\n<\/ul>\n<p>Pagaminta JAV. \u0160is rinkinys naudoja XL650\/750 keli\u0173 sto\u010di\u0173 dizain\u0105, gaminant didel\u012f kiek\u012f .308 Winchester \u0161ovini\u0173 vienu svirties paspaudimu.<\/p>\n<h2>Specifikacijos:<\/h2>\n<ul>\n<li><strong>Gamintojas:<\/strong> Dillon Precision<\/li>\n<li><strong>Garantija:<\/strong> 2 metai<\/li>\n<li><strong>Tinkami kalibrai:<\/strong> .308 Winchester, 7.62x51mm<\/li>\n<\/ul>\n","protected":false},"excerpt":{"rendered":"<p>Konvertuokite XL650\/750 \u012f .308 Win: Greitas, tikslus, ilgaam\u017eis \u0161ovini\u0173 u\u017etaisymas.<\/p>\n","protected":false},"featured_media":498806,"template":"","meta":{"_acf_changed":false},"product_brand":[14331],"product_cat":[13727,13674],"product_tag":[],"class_list":{"0":"post-540953","1":"product","2":"type-product","3":"status-publish","4":"has-post-thumbnail","6":"product_brand-dillon-precision","7":"product_cat-perkrovimas","8":"product_cat-perkrovimo-masinos","10":"first","11":"instock","12":"taxable","13":"shipping-taxable","14":"purchasable","15":"product-type-simple"},"acf":[],"_links":{"self":[{"href":"https:\/\/nbg.eu\/lt\/wp-json\/wp\/v2\/product\/540953","targetHints":{"allow":["GET"]}}],"collection":[{"href":"https:\/\/nbg.eu\/lt\/wp-json\/wp\/v2\/product"}],"about":[{"href":"https:\/\/nbg.eu\/lt\/wp-json\/wp\/v2\/types\/product"}],"wp:featuredmedia":[{"embeddable":true,"href":"https:\/\/nbg.eu\/lt\/wp-json\/wp\/v2\/media\/498806"}],"wp:attachment":[{"href":"https:\/\/nbg.eu\/lt\/wp-json\/wp\/v2\/media?parent=540953"}],"wp:term":[{"taxonomy":"product_brand","embeddable":true,"href":"https:\/\/nbg.eu\/lt\/wp-json\/wp\/v2\/product_brand?post=540953"},{"taxonomy":"product_cat","embeddable":true,"href":"https:\/\/nbg.eu\/lt\/wp-json\/wp\/v2\/product_cat?post=540953"},{"taxonomy":"product_tag","embeddable":true,"href":"https:\/\/nbg.eu\/lt\/wp-json\/wp\/v2\/product_tag?post=540953"}],"curies":[{"name":"wp","href":"https:\/\/api.w.org\/{rel}","templated":true}]}}