{"id":545106,"date":"2025-09-05T18:09:58","date_gmt":"2025-09-05T15:09:58","guid":{"rendered":"https:\/\/nbg.eu\/product\/muzzle-break-vanward-pro-break-for-qd55\/"},"modified":"2026-01-21T12:12:15","modified_gmt":"2026-01-21T09:12:15","slug":"muzzle-break-vanward-pro-break-for-qd55","status":"publish","type":"product","link":"https:\/\/nbg.eu\/lt\/produktas\/muzzle-break-vanward-pro-break-for-qd55\/","title":{"rendered":"Muzzle Break Vanward Pro-Break for QD55"},"content":{"rendered":"<div class=\"product-description\">\n<h2>Laibgalio stabdis Vanward Pro-Break skirtas QD55<\/h2>\n<p>Vanward Pro-Brake yra patobulinta Salamander Tactical Fafnir versija. \u0160is laibgalio stabdis si\u016blo:<\/p>\n<ul>\n<li>78% atatrankos suma\u017einim\u0105 (i\u0161bandyta Vaapentidingen)<\/li>\n<li>Suderinamum\u0105 su Vanward QD55 slopintuvu<\/li>\n<li>Montavim\u0105 ir fiksavim\u0105 su pridedama fiksavimo ver\u017ele<\/li>\n<li>174 gram\u0173 svor\u012f<\/li>\n<\/ul>\n<p>Stabdis gali i\u0161laikyti t\u016btel\u0119 ant vir\u0161aus \u0161aunant 6.5&#215;47 kalibro \u0161ovin\u012f. Tinka tiksliesiems \u0161auliams, ie\u0161kantiems auk\u0161tos kokyb\u0117s ir su slopintuvu suderinamo produkto.<\/p>\n<\/div>\n","protected":false},"excerpt":{"rendered":"<p>Pa\u017eangus atatrankos stabdis QD55, 78% suma\u017einimas. Suderinamas su slopintuvu.<\/p>\n","protected":false},"featured_media":498978,"template":"","meta":{"_acf_changed":false},"product_brand":[11939],"product_cat":[514],"product_tag":[],"class_list":{"0":"post-545106","1":"product","2":"type-product","3":"status-publish","4":"has-post-thumbnail","6":"product_brand-vanward","7":"product_cat-rifle-grips","9":"first","10":"outofstock","11":"taxable","12":"shipping-taxable","13":"product-type-simple"},"acf":[],"_links":{"self":[{"href":"https:\/\/nbg.eu\/lt\/wp-json\/wp\/v2\/product\/545106","targetHints":{"allow":["GET"]}}],"collection":[{"href":"https:\/\/nbg.eu\/lt\/wp-json\/wp\/v2\/product"}],"about":[{"href":"https:\/\/nbg.eu\/lt\/wp-json\/wp\/v2\/types\/product"}],"wp:featuredmedia":[{"embeddable":true,"href":"https:\/\/nbg.eu\/lt\/wp-json\/wp\/v2\/media\/498978"}],"wp:attachment":[{"href":"https:\/\/nbg.eu\/lt\/wp-json\/wp\/v2\/media?parent=545106"}],"wp:term":[{"taxonomy":"product_brand","embeddable":true,"href":"https:\/\/nbg.eu\/lt\/wp-json\/wp\/v2\/product_brand?post=545106"},{"taxonomy":"product_cat","embeddable":true,"href":"https:\/\/nbg.eu\/lt\/wp-json\/wp\/v2\/product_cat?post=545106"},{"taxonomy":"product_tag","embeddable":true,"href":"https:\/\/nbg.eu\/lt\/wp-json\/wp\/v2\/product_tag?post=545106"}],"curies":[{"name":"wp","href":"https:\/\/api.w.org\/{rel}","templated":true}]}}