{"id":547152,"date":"2025-09-05T18:15:58","date_gmt":"2025-09-05T15:15:58","guid":{"rendered":"https:\/\/nbg.eu\/product\/mount-arta435-34-34mm\/"},"modified":"2026-01-21T12:02:58","modified_gmt":"2026-01-21T09:02:58","slug":"mount-arta435-34-34mm","status":"publish","type":"product","link":"https:\/\/nbg.eu\/lt\/produktas\/mount-arta435-34-34mm\/","title":{"rendered":"Mount ARTA435-34, 34mm"},"content":{"rendered":"<div class=\"product-description\">\n<h2>XSKEL34TW 2-os kartos prailgintas skeletonizuotas 34 mm MSR laikiklis<\/h2>\n<p>XSKEL34TW 2-os kartos prailgintas skeletonizuotas 34 mm MSR laikiklis skirtas AR15, AR10 tipo \u0161autuvams ir sportiniams \u0161autuvams su 2,75&#8243; ar ilgesniu Picatinny b\u0117geliu.<\/p>\n<h2>Pagrindin\u0117s savyb\u0117s:<\/h2>\n<ul>\n<li>MSR auk\u0161tis tinkamam sulygiavimui<\/li>\n<li>Daugiau nei 2 coli\u0173 priekinis i\u0161siki\u0161imas geresniam balansui<\/li>\n<li>Plieniniai srieginiai \u012fd\u0117klai var\u017etams<\/li>\n<li>Lengvas skeletonizuotas dizainas<\/li>\n<li>Pagamintas i\u0161 6061 aliuminio CNC b\u016bdu<\/li>\n<li>Vienos dalies \u0161oninis spaustuvas papildomam tvirtumui<\/li>\n<\/ul>\n<p>XSKEL34TW skirtas didesniems, sunkesniems 34 mm t\u016bbel\u0117s optiniams taikikliams, \u012fskaitant ma\u017eos galios kintamus ir ilgo nuotolio taikiklius su iki 56 mm objektyvais. Jis optimaliai i\u0161d\u0117sto j\u016bs\u0173 optik\u0105 idealiame auk\u0161tyje ir priekin\u0117je AR platformos vietoje.<\/p>\n<p>Suderinamas su AR-15, M-4, SR-25, LR308, PTR-91 ir kitais MSR su bent 3 coli\u0173 ilgio Picatinny b\u0117geliu. Taip pat naudojamas taktiniuose svirties mechanizmo \u0161autuvuose.<\/p>\n<p>XSKEL34TW MSR\/AR laikiklis naudojamas 3-gun, var\u017eybiniame ir taktiniame \u0161audyme, taip pat AR med\u017eiokl\u0117je.<\/p>\n<p>XSKEL34TW 2-os kartos prailgintas skeletonizuotas 34 mm MSR laikiklis yra lengvas ir tvirtas optikos tvirtinimo sprendimas.<\/p>\n<\/div>\n","protected":false},"excerpt":{"rendered":"<p>Lengvas, tvirtas 34 mm AR optikos laikiklis. Idealus auk\u0161tis, 5 cm i\u0161siki\u0161imas.<\/p>\n","protected":false},"featured_media":499254,"template":"","meta":{"_acf_changed":false},"product_brand":[11687],"product_cat":[14906,13712,13692,13717],"product_tag":[],"class_list":{"0":"post-547152","1":"product","2":"type-product","3":"status-publish","4":"has-post-thumbnail","6":"product_brand-rusan","7":"product_cat-mounts-lt","8":"product_cat-siluminiai","9":"product_cat-taikymas","10":"product_cat-taikymo-aksesuarai","12":"first","13":"outofstock","14":"taxable","15":"shipping-taxable","16":"purchasable","17":"product-type-simple"},"acf":[],"_links":{"self":[{"href":"https:\/\/nbg.eu\/lt\/wp-json\/wp\/v2\/product\/547152","targetHints":{"allow":["GET"]}}],"collection":[{"href":"https:\/\/nbg.eu\/lt\/wp-json\/wp\/v2\/product"}],"about":[{"href":"https:\/\/nbg.eu\/lt\/wp-json\/wp\/v2\/types\/product"}],"wp:featuredmedia":[{"embeddable":true,"href":"https:\/\/nbg.eu\/lt\/wp-json\/wp\/v2\/media\/499254"}],"wp:attachment":[{"href":"https:\/\/nbg.eu\/lt\/wp-json\/wp\/v2\/media?parent=547152"}],"wp:term":[{"taxonomy":"product_brand","embeddable":true,"href":"https:\/\/nbg.eu\/lt\/wp-json\/wp\/v2\/product_brand?post=547152"},{"taxonomy":"product_cat","embeddable":true,"href":"https:\/\/nbg.eu\/lt\/wp-json\/wp\/v2\/product_cat?post=547152"},{"taxonomy":"product_tag","embeddable":true,"href":"https:\/\/nbg.eu\/lt\/wp-json\/wp\/v2\/product_tag?post=547152"}],"curies":[{"name":"wp","href":"https:\/\/api.w.org\/{rel}","templated":true}]}}