{"id":547610,"date":"2025-09-05T18:17:28","date_gmt":"2025-09-05T15:17:28","guid":{"rendered":"https:\/\/nbg.eu\/product\/armazone-q-r-viper-62mm\/"},"modified":"2026-01-21T11:51:30","modified_gmt":"2026-01-21T08:51:30","slug":"armazone-q-r-viper-62mm","status":"publish","type":"product","link":"https:\/\/nbg.eu\/lt\/produktas\/armazone-q-r-viper-62mm\/","title":{"rendered":"Armazone Q-R Viper 62mm"},"content":{"rendered":"<div class=\"product-description\">\n<h2>Armazone Q-R Viper 62mm Greito Atleidimo Adapteris<\/h2>\n<p>Armazone Q-R Viper 62mm greito atleidimo adapteris skirtas \u0161iluminio vaizdo \u012frenginiams ir steb\u0117jimo prietaisams su 62mm objektyvo i\u0161oriniu skersmeniu.<\/p>\n<h2>Pagrindin\u0117s Savyb\u0117s:<\/h2>\n<ul>\n<li>Vientisas aliuminio konstrukcija<\/li>\n<li>Greitas montavimas ir nu\u0117mimas<\/li>\n<li>Reguliuojama suspaudimo j\u0117ga<\/li>\n<li>Suderinamas su dauguma \u0161autuv\u0173 taikikli\u0173<\/li>\n<li>Tinka Nitehog \u0161iluminio vaizdo \u012frenginiams<\/li>\n<\/ul>\n<p>Q-R Viper greito u\u017erakto svirtis leid\u017eia montuoti kelis kartus be papildom\u0173 \u012franki\u0173. Skirtas med\u017eiotojams ir gamtos entuziastams. Pastaba: Adapteris kompensuoja maksimal\u0173 1mm nuokryp\u012f \u017eemyn.<\/p>\n<\/div>\n","protected":false},"excerpt":{"rendered":"<p>Greitojo atleidimo adapteris 62 mm taikikliams. Lengvai montuojamas termovizoriams.<\/p>\n","protected":false},"featured_media":499403,"template":"","meta":{"_acf_changed":false},"product_brand":[14251],"product_cat":[13712,13692,13717],"product_tag":[],"class_list":{"0":"post-547610","1":"product","2":"type-product","3":"status-publish","4":"has-post-thumbnail","6":"product_brand-armazone","7":"product_cat-siluminiai","8":"product_cat-taikymas","9":"product_cat-taikymo-aksesuarai","11":"first","12":"instock","13":"taxable","14":"shipping-taxable","15":"purchasable","16":"product-type-simple"},"acf":[],"_links":{"self":[{"href":"https:\/\/nbg.eu\/lt\/wp-json\/wp\/v2\/product\/547610","targetHints":{"allow":["GET"]}}],"collection":[{"href":"https:\/\/nbg.eu\/lt\/wp-json\/wp\/v2\/product"}],"about":[{"href":"https:\/\/nbg.eu\/lt\/wp-json\/wp\/v2\/types\/product"}],"wp:featuredmedia":[{"embeddable":true,"href":"https:\/\/nbg.eu\/lt\/wp-json\/wp\/v2\/media\/499403"}],"wp:attachment":[{"href":"https:\/\/nbg.eu\/lt\/wp-json\/wp\/v2\/media?parent=547610"}],"wp:term":[{"taxonomy":"product_brand","embeddable":true,"href":"https:\/\/nbg.eu\/lt\/wp-json\/wp\/v2\/product_brand?post=547610"},{"taxonomy":"product_cat","embeddable":true,"href":"https:\/\/nbg.eu\/lt\/wp-json\/wp\/v2\/product_cat?post=547610"},{"taxonomy":"product_tag","embeddable":true,"href":"https:\/\/nbg.eu\/lt\/wp-json\/wp\/v2\/product_tag?post=547610"}],"curies":[{"name":"wp","href":"https:\/\/api.w.org\/{rel}","templated":true}]}}