{"id":554490,"date":"2025-09-05T18:19:19","date_gmt":"2025-09-05T15:19:19","guid":{"rendered":"https:\/\/nbg.eu\/product\/magpul-enhanced-ejection-port-cover-for-ar-15\/"},"modified":"2026-01-21T12:24:13","modified_gmt":"2026-01-21T09:24:13","slug":"magpul-enhanced-ejection-port-cover-for-ar-15","status":"publish","type":"product","link":"https:\/\/nbg.eu\/lt\/produktas\/magpul-enhanced-ejection-port-cover-for-ar-15\/","title":{"rendered":"MAGPUL ENHANCED EJECTION PORT COVER FOR AR-15"},"content":{"rendered":"<div class=\"product-description\">\n<h2>Magpul pagerintas i\u0161metimo angos dangtelis AR-15<\/h2>\n<p>Magpul pagerintas i\u0161metimo angos dangtelis AR-15 \u0161autuvui turi \u0161ias savybes:<\/p>\n<ul>\n<li>Pagamintas i\u0161 atsparaus korozijai ir sm\u016bgiams \u012fpur\u0161kiamo polimero<\/li>\n<li>Paprastas \u012fspaud\u017eiamas montavimas be rankenos, vamzd\u017eio ver\u017el\u0117s, c-spaustuk\u0173 ar spyruokli\u0173 nu\u0117mimo<\/li>\n<li>Tinka .223 Remington\/5.56 kalibro AR-15 platformoms<\/li>\n<li>Juodos spalvos<\/li>\n<\/ul>\n<p>Magpul pagerintas i\u0161metimo angos dangtelis yra patogus naudoti ir lengvai pri\u017ei\u016brimas AR-15 priedas.<\/p>\n<\/div>\n","protected":false},"excerpt":{"rendered":"<p>U\u017espaud\u017eiamas, atsparust korozijai AR-15 dulki\u0173 gaubtas. Lengvai montuojamas.<\/p>\n","protected":false},"featured_media":499449,"template":"","meta":{"_acf_changed":false},"product_brand":[11540],"product_cat":[13725,13741,13702],"product_tag":[],"class_list":{"0":"post-554490","1":"product","2":"type-product","3":"status-publish","4":"has-post-thumbnail","6":"product_brand-magpul","7":"product_cat-ar-derinimas","8":"product_cat-sautuvas","9":"product_cat-sautuvu-derinimas","11":"first","12":"outofstock","13":"taxable","14":"shipping-taxable","15":"purchasable","16":"product-type-simple"},"acf":[],"_links":{"self":[{"href":"https:\/\/nbg.eu\/lt\/wp-json\/wp\/v2\/product\/554490","targetHints":{"allow":["GET"]}}],"collection":[{"href":"https:\/\/nbg.eu\/lt\/wp-json\/wp\/v2\/product"}],"about":[{"href":"https:\/\/nbg.eu\/lt\/wp-json\/wp\/v2\/types\/product"}],"wp:featuredmedia":[{"embeddable":true,"href":"https:\/\/nbg.eu\/lt\/wp-json\/wp\/v2\/media\/499449"}],"wp:attachment":[{"href":"https:\/\/nbg.eu\/lt\/wp-json\/wp\/v2\/media?parent=554490"}],"wp:term":[{"taxonomy":"product_brand","embeddable":true,"href":"https:\/\/nbg.eu\/lt\/wp-json\/wp\/v2\/product_brand?post=554490"},{"taxonomy":"product_cat","embeddable":true,"href":"https:\/\/nbg.eu\/lt\/wp-json\/wp\/v2\/product_cat?post=554490"},{"taxonomy":"product_tag","embeddable":true,"href":"https:\/\/nbg.eu\/lt\/wp-json\/wp\/v2\/product_tag?post=554490"}],"curies":[{"name":"wp","href":"https:\/\/api.w.org\/{rel}","templated":true}]}}