{"id":575539,"date":"2025-10-10T12:34:58","date_gmt":"2025-10-10T09:34:58","guid":{"rendered":"https:\/\/nbg.eu\/product\/grips-kmr-l-dotmatrix-ergo-brass\/"},"modified":"2026-04-16T17:55:44","modified_gmt":"2026-04-16T14:55:44","slug":"grips-kmr-l-dotmatrix-ergo-brass","status":"publish","type":"product","link":"https:\/\/nbg.eu\/lt\/produktas\/grips-kmr-l-dotmatrix-ergo-brass\/","title":{"rendered":"KMR Rankenos L DotMatrix Ergo \u017dalvaris"},"content":{"rendered":"<h2>GRIPS KMR L DOTMATRIX ERGO BRASS<\/h2>\n<p>\u017dalius ranken\u0117les i\u0161 KMR Precision Arms suteikia j\u016bs\u0173 \u0161aunamiesiems ginklams moderni\u0105, i\u0161skirtin\u0119 i\u0161vaizd\u0105, kartu prid\u0117damos subalansuot\u0105 svor\u012f geresnei kontrolei. Ergonomi\u0161kai formuota DotMatrix Ergo tekst\u016bra suteikia saug\u0173 ir patog\u0173 laikym\u0105, pagerina stabilum\u0105 net ir pailginto naudojimo arba reikliomis s\u0105lygomis. Su tikslia apdirbimo kokybe, auk\u0161tu patvarumu ir rafinuotu dizainu, \u0161ios ranken\u0117l\u0117s yra puikus pasirinkimas \u0161auli\u0173, ie\u0161kan\u010di\u0173 funkcionalumo, patikimumo ir stiliaus derinio.<\/p>\n<p>Prek\u0117s \u017eenklas: KMR Precision Arms<br \/>\nGinklams: KMR<br \/>\nSuderinamumas: KMR L-02 UMBRA FROM 2024<br \/>\nRanken\u0117l\u0117s ilgis: Pilno dyd\u017eio &#8211; be magwell<br \/>\nTekst\u016bra: Dotmatrix Ergo<br \/>\nMed\u017eiaga: \u017dalvaris<\/p>\n","protected":false},"excerpt":{"rendered":"<p>\u017dalvario ranken\u0117l\u0117s KMR \u2013 &#8222;DotMatrix Ergo&#8221; ra\u0161tinis modelis. Ergonomi\u0161ka fakt\u016bra saugiam ir patogiam laikymui, subalansuotas svoris geresnei kontrolei.<\/p>\n","protected":false},"featured_media":575558,"template":"","meta":{"_acf_changed":false},"product_brand":[11496],"product_cat":[13691,14877],"product_tag":[],"class_list":{"0":"post-575539","1":"product","2":"type-product","3":"status-publish","4":"has-post-thumbnail","6":"product_brand-kmr-precision","7":"product_cat-kmr-dalys","8":"product_cat-pistol-grips-lt","10":"first","11":"instock","12":"taxable","13":"shipping-taxable","14":"purchasable","15":"product-type-simple"},"acf":[],"_links":{"self":[{"href":"https:\/\/nbg.eu\/lt\/wp-json\/wp\/v2\/product\/575539","targetHints":{"allow":["GET"]}}],"collection":[{"href":"https:\/\/nbg.eu\/lt\/wp-json\/wp\/v2\/product"}],"about":[{"href":"https:\/\/nbg.eu\/lt\/wp-json\/wp\/v2\/types\/product"}],"wp:featuredmedia":[{"embeddable":true,"href":"https:\/\/nbg.eu\/lt\/wp-json\/wp\/v2\/media\/575558"}],"wp:attachment":[{"href":"https:\/\/nbg.eu\/lt\/wp-json\/wp\/v2\/media?parent=575539"}],"wp:term":[{"taxonomy":"product_brand","embeddable":true,"href":"https:\/\/nbg.eu\/lt\/wp-json\/wp\/v2\/product_brand?post=575539"},{"taxonomy":"product_cat","embeddable":true,"href":"https:\/\/nbg.eu\/lt\/wp-json\/wp\/v2\/product_cat?post=575539"},{"taxonomy":"product_tag","embeddable":true,"href":"https:\/\/nbg.eu\/lt\/wp-json\/wp\/v2\/product_tag?post=575539"}],"curies":[{"name":"wp","href":"https:\/\/api.w.org\/{rel}","templated":true}]}}