{"id":575724,"date":"2025-10-10T12:35:10","date_gmt":"2025-10-10T09:35:10","guid":{"rendered":"https:\/\/nbg.eu\/product\/grips-kmr-l-diamondcut-short-brass\/"},"modified":"2026-04-16T17:55:41","modified_gmt":"2026-04-16T14:55:41","slug":"grips-kmr-l-diamondcut-short-brass","status":"publish","type":"product","link":"https:\/\/nbg.eu\/lt\/produktas\/grips-kmr-l-diamondcut-short-brass\/","title":{"rendered":"KMR Rankenos L Diamondcut Short \u017dalvaris"},"content":{"rendered":"<h2>GRIPS KMR L DIAMONDCUT SHORT BRASS<\/h2>\n<p><strong>Numeris:<\/strong> 0611-05202-0316 | <strong>Gamintojas:<\/strong> KMR Precision Arms<\/p>\n<p>GRIPS KMR L DIAMONDCUT SHORT BRASS yra skirti KMR L-02 SPECTRA ir UMBRA modeliams (iki 2023 m.). \u0160ios trumpos rankenos suteikia valdym\u0105 ir patogum\u0105.<\/p>\n<p>Pagrindin\u0117s savyb\u0117s:<\/p>\n<ul>\n<li>Sukurti KMR ginklams<\/li>\n<li>Trumpas rankenos ilgis<\/li>\n<li>Deimantinio pj\u016bvio tekst\u016bra<\/li>\n<li>Pagaminta i\u0161 \u017ealvario<\/li>\n<li>Tinka KMR L-02 SPECTRA ir UMBRA modeliams iki 2023 m.<\/li>\n<\/ul>\n<p>\u0160ios rankenos skirtos pagerinti \u0161audymo tikslum\u0105 ir patogum\u0105 KMR ginklams.<\/p>\n","protected":false},"excerpt":{"rendered":"<p>Trumpos, deimantinio pjovimo \u017ealvarin\u0117s rankenos KMR L-02 \u0161autuvams. Tiksliai pritaikytos.<\/p>\n","protected":false},"featured_media":575751,"template":"","meta":{"_acf_changed":false},"product_brand":[11496],"product_cat":[13691,14877],"product_tag":[],"class_list":{"0":"post-575724","1":"product","2":"type-product","3":"status-publish","4":"has-post-thumbnail","6":"product_brand-kmr-precision","7":"product_cat-kmr-dalys","8":"product_cat-pistol-grips-lt","10":"first","11":"instock","12":"taxable","13":"shipping-taxable","14":"purchasable","15":"product-type-simple"},"acf":[],"_links":{"self":[{"href":"https:\/\/nbg.eu\/lt\/wp-json\/wp\/v2\/product\/575724","targetHints":{"allow":["GET"]}}],"collection":[{"href":"https:\/\/nbg.eu\/lt\/wp-json\/wp\/v2\/product"}],"about":[{"href":"https:\/\/nbg.eu\/lt\/wp-json\/wp\/v2\/types\/product"}],"wp:featuredmedia":[{"embeddable":true,"href":"https:\/\/nbg.eu\/lt\/wp-json\/wp\/v2\/media\/575751"}],"wp:attachment":[{"href":"https:\/\/nbg.eu\/lt\/wp-json\/wp\/v2\/media?parent=575724"}],"wp:term":[{"taxonomy":"product_brand","embeddable":true,"href":"https:\/\/nbg.eu\/lt\/wp-json\/wp\/v2\/product_brand?post=575724"},{"taxonomy":"product_cat","embeddable":true,"href":"https:\/\/nbg.eu\/lt\/wp-json\/wp\/v2\/product_cat?post=575724"},{"taxonomy":"product_tag","embeddable":true,"href":"https:\/\/nbg.eu\/lt\/wp-json\/wp\/v2\/product_tag?post=575724"}],"curies":[{"name":"wp","href":"https:\/\/api.w.org\/{rel}","templated":true}]}}