{"id":575941,"date":"2025-10-10T12:35:14","date_gmt":"2025-10-10T09:35:14","guid":{"rendered":"https:\/\/nbg.eu\/product\/safety-set-kmr-lw-rf\/"},"modified":"2026-04-16T17:55:38","modified_gmt":"2026-04-16T14:55:38","slug":"safety-set-kmr-lw-rf","status":"publish","type":"product","link":"https:\/\/nbg.eu\/lt\/produktas\/safety-set-kmr-lw-rf\/","title":{"rendered":"KMR Saugiklio Rinkinys LW-RF"},"content":{"rendered":"<h2>SAUGUMO RINKINYS KMR LW-RF<\/h2>\n<p><strong>Nuoroda:<\/strong> 0671-03002-0000<\/p>\n<p>Patobulinkite savo KMR ginklo saugum\u0105 su m\u016bs\u0173 i\u0161samiu SAUGUMO RINKINIU KMR LW-RF. \u0160is esminis rinkinys suprojektuotas u\u017etikrinti optimali\u0105 apsaug\u0105 ir funkcionalum\u0105 \u012fvairiems KMR modeliams, \u012fskaitant:<\/p>\n<ul>\n<li>KMR L-02 ORCA (2024 ir naujesni)<\/li>\n<li>KMR L-02 ORCA (2023 ir senesni)<\/li>\n<li>KMR L-02 SPECTRA (2023 ir senesni)<\/li>\n<li>KMR W-02 CUDA (2024 ir naujesni)<\/li>\n<li>KMR W-02 CUDA (2023 ir senesni)<\/li>\n<li>KMR W-02 UMBRA<\/li>\n<li>KMR W-02 UMBRA (OR)<\/li>\n<\/ul>\n<p>M\u016bs\u0173 SAUGUMO RINKINYS KMR LW-RF yra sukurtas atitikti auk\u0161\u010diausius patikimumo ir veiklos standartus. Nepriklausomai nuo to, ar naudojate naujausi\u0105 ORCA model\u012f, ar klasikin\u012f UMBRA, \u0161is daugiafunkcis saugumo rinkinys u\u017etikrina, kad j\u016bs\u0173 ginklas veikt\u0173 saugiai ir efektyviai. Atnaujinkite savo KMR ginkl\u0105 \u0161iuo b\u016btinu saugumo priedu.<\/p>\n","protected":false},"excerpt":{"rendered":"<p>B\u016btinas saugos rinkinys KMR ginklams, suderinamas su daugeliu modeli\u0173<\/p>\n","protected":false},"featured_media":576005,"template":"","meta":{"_acf_changed":false},"product_brand":[],"product_cat":[13691],"product_tag":[],"class_list":{"0":"post-575941","1":"product","2":"type-product","3":"status-publish","4":"has-post-thumbnail","6":"product_cat-kmr-dalys","8":"first","9":"outofstock","10":"taxable","11":"shipping-taxable","12":"purchasable","13":"product-type-simple"},"acf":[],"_links":{"self":[{"href":"https:\/\/nbg.eu\/lt\/wp-json\/wp\/v2\/product\/575941","targetHints":{"allow":["GET"]}}],"collection":[{"href":"https:\/\/nbg.eu\/lt\/wp-json\/wp\/v2\/product"}],"about":[{"href":"https:\/\/nbg.eu\/lt\/wp-json\/wp\/v2\/types\/product"}],"wp:featuredmedia":[{"embeddable":true,"href":"https:\/\/nbg.eu\/lt\/wp-json\/wp\/v2\/media\/576005"}],"wp:attachment":[{"href":"https:\/\/nbg.eu\/lt\/wp-json\/wp\/v2\/media?parent=575941"}],"wp:term":[{"taxonomy":"product_brand","embeddable":true,"href":"https:\/\/nbg.eu\/lt\/wp-json\/wp\/v2\/product_brand?post=575941"},{"taxonomy":"product_cat","embeddable":true,"href":"https:\/\/nbg.eu\/lt\/wp-json\/wp\/v2\/product_cat?post=575941"},{"taxonomy":"product_tag","embeddable":true,"href":"https:\/\/nbg.eu\/lt\/wp-json\/wp\/v2\/product_tag?post=575941"}],"curies":[{"name":"wp","href":"https:\/\/api.w.org\/{rel}","templated":true}]}}