{"id":582053,"date":"2025-10-10T18:10:00","date_gmt":"2025-10-10T15:10:00","guid":{"rendered":"https:\/\/nbg.eu\/product\/daa-magnet-with-m4-screw-for-x-ray-pouches\/"},"modified":"2026-01-21T11:28:06","modified_gmt":"2026-01-21T08:28:06","slug":"daa-magnet-with-m4-screw-for-x-ray-pouches","status":"publish","type":"product","link":"https:\/\/nbg.eu\/lt\/produktas\/daa-magnet-with-m4-screw-for-x-ray-pouches\/","title":{"rendered":"DAA Magnet with M4 Screw for X-Ray Pouches"},"content":{"rendered":"<div class=\"product-description\">\n<h2>DAA magnetas su M4 var\u017etu rentgeno krep\u0161eliams<\/h2>\n<p>\u0160is 48 mm magnetas skirtas rentgeno aliuminio ir plastiko krep\u0161eliams, u\u017etikrinant pakop\u0173 ir d\u0117tuvi\u0173 laikym\u0105. Magnetai turi M4 sriegin\u012f \u012fd\u0117kl\u0105, atitinkant\u012f sriegin\u0119 skyl\u0119 rentgeno krep\u0161eliuose.<\/p>\n<h3>Pagrindin\u0117s savyb\u0117s:<\/h3>\n<ul>\n<li>N54 magnetas: 8 mm storio ir 90 g svorio<\/li>\n<li>Naujas dizainas: 30% plonesnis ir lengvesnis, i\u0161laikant stiprum\u0105<\/li>\n<li>Suderinamas su DAA magneto dangteliu<\/li>\n<\/ul>\n<h3>Komplekte yra:<\/h3>\n<ul>\n<li>48 mm N54 magnetas<\/li>\n<li>M4 Torx var\u017etas su pla\u010dia galvute<\/li>\n<li>Didelio skersmens M4 pover\u017el\u0117<\/li>\n<\/ul>\n<p><strong>Pastaba:<\/strong> Pover\u017el\u0119 naudokite tik su plastikiniais krep\u0161eliais. Naudokite Loctite tvirtam pritvirtinimui. Nepriver\u017ekite per stipriai.<\/p>\n<\/div>\n","protected":false},"excerpt":{"rendered":"<p>Ypa\u010d plonas N54 magnetas rentgeno nuotrauk\u0173 mai\u0161eliams. Saugus, lengvas laikymas.<\/p>\n","protected":false},"featured_media":582113,"template":"","meta":{"_acf_changed":false},"product_brand":[11275],"product_cat":[13749,13675,13728],"product_tag":[],"class_list":{"0":"post-582053","1":"product","2":"type-product","3":"status-publish","4":"has-post-thumbnail","6":"product_brand-doublealpha","7":"product_cat-iranga","8":"product_cat-sportiniai-dirzai","9":"product_cat-sportinis-deklas","11":"first","12":"outofstock","13":"taxable","14":"shipping-taxable","15":"purchasable","16":"product-type-simple"},"acf":[],"_links":{"self":[{"href":"https:\/\/nbg.eu\/lt\/wp-json\/wp\/v2\/product\/582053","targetHints":{"allow":["GET"]}}],"collection":[{"href":"https:\/\/nbg.eu\/lt\/wp-json\/wp\/v2\/product"}],"about":[{"href":"https:\/\/nbg.eu\/lt\/wp-json\/wp\/v2\/types\/product"}],"wp:featuredmedia":[{"embeddable":true,"href":"https:\/\/nbg.eu\/lt\/wp-json\/wp\/v2\/media\/582113"}],"wp:attachment":[{"href":"https:\/\/nbg.eu\/lt\/wp-json\/wp\/v2\/media?parent=582053"}],"wp:term":[{"taxonomy":"product_brand","embeddable":true,"href":"https:\/\/nbg.eu\/lt\/wp-json\/wp\/v2\/product_brand?post=582053"},{"taxonomy":"product_cat","embeddable":true,"href":"https:\/\/nbg.eu\/lt\/wp-json\/wp\/v2\/product_cat?post=582053"},{"taxonomy":"product_tag","embeddable":true,"href":"https:\/\/nbg.eu\/lt\/wp-json\/wp\/v2\/product_tag?post=582053"}],"curies":[{"name":"wp","href":"https:\/\/api.w.org\/{rel}","templated":true}]}}