{"id":582874,"date":"2025-10-10T12:39:54","date_gmt":"2025-10-10T09:39:54","guid":{"rendered":"https:\/\/nbg.eu\/product\/barwarus-muzzle-break-bulldog-m24x1-5rh-black\/"},"modified":"2026-01-21T11:34:38","modified_gmt":"2026-01-21T08:34:38","slug":"barwarus-muzzle-break-bulldog-m24x1-5rh-black","status":"publish","type":"product","link":"https:\/\/nbg.eu\/lt\/produktas\/barwarus-muzzle-break-bulldog-m24x1-5rh-black\/","title":{"rendered":"BARWARUS MUZZLE BREAK BULLDOG M24X1.5RH BLACK"},"content":{"rendered":"<div class=\"product-description\">\n<h1>BARWARUS Bulldog 021 plieninis M24x1.5 RH Rusi\u0161kas kompensatorius<\/h1>\n<p>BARWARUS Bulldog laibgalio stabd\u017eio II versija, skirta 5.45 ir 7.62 kalibro \u0161autuvams. \u0160is kompensatorius pagamintas i\u0161 tvirto plieno ir turi juod\u0105 apsaugin\u0119 dang\u0105.<\/p>\n<h2>Pagrindin\u0117s savyb\u0117s:<\/h2>\n<ul>\n<li>M24x1.5 RH (de\u0161ininis) i\u0161orinis sriegis<\/li>\n<li>Suma\u017eina atatrank\u0105<\/li>\n<li>Pagamintas i\u0161 tvirto plieno<\/li>\n<li>Juoda apsaugin\u0117 danga<\/li>\n<\/ul>\n<p>BARWARUS Bulldog 021 kompensatorius ma\u017eina atatrank\u0105, leid\u017eia grei\u010diau atlikti pakartotinius \u0161\u016bvius ir gerina tikslum\u0105. Jo konstrukcija u\u017etikrina ilgalaik\u012f veikim\u0105 \u012fvairiomis s\u0105lygomis.<\/p>\n<p>BARWARUS Bulldog 021 pagerina \u0161autuvo tikslum\u0105 ir kontrol\u0119.<\/p>\n<\/div>\n","protected":false},"excerpt":{"rendered":"<p>Plieninis kompensatorius \u0161autuvams. Suma\u017eina atatrank\u0105. M24x1.5 de\u0161ininis sriegis.<\/p>\n","protected":false},"featured_media":582912,"template":"","meta":{"_acf_changed":false},"product_brand":[],"product_cat":[13757],"product_tag":[],"class_list":{"0":"post-582874","1":"product","2":"type-product","3":"status-publish","4":"has-post-thumbnail","6":"product_cat-nekategorizuota","8":"first","9":"outofstock","10":"taxable","11":"shipping-taxable","12":"purchasable","13":"product-type-simple"},"acf":[],"_links":{"self":[{"href":"https:\/\/nbg.eu\/lt\/wp-json\/wp\/v2\/product\/582874","targetHints":{"allow":["GET"]}}],"collection":[{"href":"https:\/\/nbg.eu\/lt\/wp-json\/wp\/v2\/product"}],"about":[{"href":"https:\/\/nbg.eu\/lt\/wp-json\/wp\/v2\/types\/product"}],"wp:featuredmedia":[{"embeddable":true,"href":"https:\/\/nbg.eu\/lt\/wp-json\/wp\/v2\/media\/582912"}],"wp:attachment":[{"href":"https:\/\/nbg.eu\/lt\/wp-json\/wp\/v2\/media?parent=582874"}],"wp:term":[{"taxonomy":"product_brand","embeddable":true,"href":"https:\/\/nbg.eu\/lt\/wp-json\/wp\/v2\/product_brand?post=582874"},{"taxonomy":"product_cat","embeddable":true,"href":"https:\/\/nbg.eu\/lt\/wp-json\/wp\/v2\/product_cat?post=582874"},{"taxonomy":"product_tag","embeddable":true,"href":"https:\/\/nbg.eu\/lt\/wp-json\/wp\/v2\/product_tag?post=582874"}],"curies":[{"name":"wp","href":"https:\/\/api.w.org\/{rel}","templated":true}]}}