{"id":58410,"date":"2024-02-17T21:23:00","date_gmt":"2024-02-17T18:23:00","guid":{"rendered":"https:\/\/nbg.eu\/product\/magazine-well-reaction-block-geissele-vise-block\/"},"modified":"2026-04-21T17:59:32","modified_gmt":"2026-04-21T14:59:32","slug":"magazine-well-reaction-block-geissele-vise-block","status":"publish","type":"product","link":"https:\/\/nbg.eu\/lt\/produktas\/magazine-well-reaction-block-geissele-vise-block\/","title":{"rendered":"Geissele Spaustuv\u0173 Blokas Vise Block"},"content":{"rendered":"<p><strong>Geissele Automatics d\u0117tuv\u0117s lizdo spaustuvo blokas<\/strong> yra \u012frankis skirtas AR15\/M4 ir AR10\/SR25 imtuvams. \u0160is JAV pagamintas prietaisas suteikia:<\/p>\n<ul>\n<li>Stabili\u0105 platform\u0105 apatinio imtuvo operacijoms<\/li>\n<li>MLOK ver\u017eli\u0173 montavim\u0105<\/li>\n<li>Buferio vamzd\u017eio surinkim\u0105<\/li>\n<li>Galimyb\u0119 dirbti nenaudojant rank\u0173<\/li>\n<\/ul>\n<p>Pritvirtinkite j\u012f prie darbastalio ginkl\u0173 taisymui.<\/p>\n","protected":false},"excerpt":{"rendered":"<p>Saug\u016bs AR15\/M4\/AR10\/SR25 apatiniai r\u0117mai darbui be rank\u0173. Pagaminta JAV.<\/p>\n","protected":false},"featured_media":58411,"template":"","meta":{"_acf_changed":false},"product_brand":[11386],"product_cat":[13721],"product_tag":[],"class_list":{"0":"post-58410","1":"product","2":"type-product","3":"status-publish","4":"has-post-thumbnail","6":"product_brand-geissele","7":"product_cat-irankiai","9":"first","10":"outofstock","11":"taxable","12":"shipping-taxable","13":"product-type-simple"},"acf":[],"_links":{"self":[{"href":"https:\/\/nbg.eu\/lt\/wp-json\/wp\/v2\/product\/58410","targetHints":{"allow":["GET"]}}],"collection":[{"href":"https:\/\/nbg.eu\/lt\/wp-json\/wp\/v2\/product"}],"about":[{"href":"https:\/\/nbg.eu\/lt\/wp-json\/wp\/v2\/types\/product"}],"wp:featuredmedia":[{"embeddable":true,"href":"https:\/\/nbg.eu\/lt\/wp-json\/wp\/v2\/media\/58411"}],"wp:attachment":[{"href":"https:\/\/nbg.eu\/lt\/wp-json\/wp\/v2\/media?parent=58410"}],"wp:term":[{"taxonomy":"product_brand","embeddable":true,"href":"https:\/\/nbg.eu\/lt\/wp-json\/wp\/v2\/product_brand?post=58410"},{"taxonomy":"product_cat","embeddable":true,"href":"https:\/\/nbg.eu\/lt\/wp-json\/wp\/v2\/product_cat?post=58410"},{"taxonomy":"product_tag","embeddable":true,"href":"https:\/\/nbg.eu\/lt\/wp-json\/wp\/v2\/product_tag?post=58410"}],"curies":[{"name":"wp","href":"https:\/\/api.w.org\/{rel}","templated":true}]}}