{"id":59548,"date":"2024-02-15T11:08:39","date_gmt":"2024-02-15T11:08:39","guid":{"rendered":"https:\/\/nbg.eu\/product\/geissele-picatinny-rail-for-m-lok-7-slots\/"},"modified":"2026-05-13T16:01:11","modified_gmt":"2026-05-13T13:01:11","slug":"geissele-picatinny-rail-for-m-lok-7-slots","status":"publish","type":"product","link":"https:\/\/nbg.eu\/lt\/produktas\/geissele-picatinny-rail-for-m-lok-7-slots\/","title":{"rendered":"Geissele Picatinny B\u0117gelis M-LOK"},"content":{"rendered":"<div class=\"product-description\">\n<h2>Geissele Picatinny b\u0117gelis M-LOK sistemai, 7 angos<\/h2>\n<p>Geissele Picatinny pried\u0173 b\u0117gelis skirtas AR-15. \u0160is 7 ang\u0173 b\u0117gelis pagamintas i\u0161 7075-T6 aliuminio su anodizuota danga. Jis leid\u017eia prijungti \u012fvairius priedus. B\u0117gelis atitinka tikslius matmenis ir yra skirtas M-LOK rankenos sistemai.<\/p>\n<\/div>\n","protected":false},"excerpt":{"rendered":"<p>Tikslus 7 ang\u0173 \u201ePicatinny&#8221; b\u0117gelis, skirtas M-LOK sistemai. Saugus AR-15 pried\u0173 tvirtinimas.<\/p>\n","protected":false},"featured_media":59549,"template":"","meta":{"_acf_changed":false},"product_brand":[11386],"product_cat":[16219,13720,15825,13741],"product_tag":[],"class_list":{"0":"post-59548","1":"product","2":"type-product","3":"status-publish","4":"has-post-thumbnail","6":"product_brand-geissele","7":"product_cat-bipod-mounts-lt","8":"product_cat-dvikojai","9":"product_cat-picatinny-rails-lt","10":"product_cat-sautuvas","12":"first","13":"instock","14":"taxable","15":"shipping-taxable","16":"product-type-variable","17":"wvs-archive-product-wrapper"},"acf":[],"_links":{"self":[{"href":"https:\/\/nbg.eu\/lt\/wp-json\/wp\/v2\/product\/59548","targetHints":{"allow":["GET"]}}],"collection":[{"href":"https:\/\/nbg.eu\/lt\/wp-json\/wp\/v2\/product"}],"about":[{"href":"https:\/\/nbg.eu\/lt\/wp-json\/wp\/v2\/types\/product"}],"wp:featuredmedia":[{"embeddable":true,"href":"https:\/\/nbg.eu\/lt\/wp-json\/wp\/v2\/media\/59549"}],"wp:attachment":[{"href":"https:\/\/nbg.eu\/lt\/wp-json\/wp\/v2\/media?parent=59548"}],"wp:term":[{"taxonomy":"product_brand","embeddable":true,"href":"https:\/\/nbg.eu\/lt\/wp-json\/wp\/v2\/product_brand?post=59548"},{"taxonomy":"product_cat","embeddable":true,"href":"https:\/\/nbg.eu\/lt\/wp-json\/wp\/v2\/product_cat?post=59548"},{"taxonomy":"product_tag","embeddable":true,"href":"https:\/\/nbg.eu\/lt\/wp-json\/wp\/v2\/product_tag?post=59548"}],"curies":[{"name":"wp","href":"https:\/\/api.w.org\/{rel}","templated":true}]}}