{"id":672183,"date":"2025-11-17T17:17:59","date_gmt":"2025-11-17T14:17:59","guid":{"rendered":"https:\/\/nbg.eu\/product\/thermal-camera-nocpix-vista-s50r-su-lrf-1280x1024-15mk-netd\/"},"modified":"2026-04-14T16:07:28","modified_gmt":"2026-04-14T13:07:28","slug":"thermal-camera-nocpix-vista-s50r-su-lrf-1280x1024-15mk-netd","status":"publish","type":"product","link":"https:\/\/nbg.eu\/lt\/produktas\/thermal-camera-nocpix-vista-s50r-su-lrf-1280x1024-15mk-netd\/","title":{"rendered":"Nocpix Termokamera VISTA S50R LRF"},"content":{"rendered":"<h2>Termovizin\u0117 kamera &#8222;Nocpix VISTA S50R&#8221; su LRF 1280&#215;1024 \u226415mK NETD<\/h2>\n<p>Vista&#8217;s Vision+ sistema su 2560\u00d72560 AMOLED ekranu ir 8 mm i\u0161\u0117jimo pupil\u0117s skersmeniu si\u016blo \u012ftraukiant\u012f per\u017ei\u016bros patirt\u012f. Apr\u016bpinta auk\u0161tos kokyb\u0117s jutikliu ir integruotu lazeriu, Vista u\u017etikrina auk\u0161\u010diausi\u0105 pramon\u0117je efektyvum\u0105. Patogi konstrukcija ir patobulinta baterijos sprendimas padaro j\u0105 idealia palydove \u012fveikiant lauko i\u0161\u0161\u016bkius.<\/p>\n<h2>Vision+ sistema: \u012ftraukiantis matymas<\/h2>\n<p>Apvalus AMOLED 2560\u00d72560 ekranas optimizuoja erdvin\u012f efektyvum\u0105, teikdamas ry\u0161kius vaizdus. Su 8 mm i\u0161\u0117jimo pupil\u0117s skersmeniu ir &#8222;Pure Vision&#8221; re\u017eimu Vista u\u017etikrina patogi\u0105 ir \u012ftraukian\u010di\u0105 per\u017ei\u016bros patirt\u012f.<\/p>\n<h2>Auk\u0161\u010diausios kokyb\u0117s jutiklis: puiki vaizdo kokyb\u0117<\/h2>\n<p>M\u016bs\u0173 pa\u010di\u0173 sukurtas NETD \u226415mk 1280\u00d71024@12\u03bcm jutiklis u\u017etikrina auk\u0161t\u0105 vaizdo kokyb\u0119 ir stabil\u0173 veikim\u0105. Gyv\u016bn\u0173 kont\u016brai, anatomija ir elgesio bruo\u017eai tampa lengvai atpa\u017e\u012fstami.<\/p>\n<h2>Integruotas LRF: tikslumas ir ne\u0161iojamumas<\/h2>\n<p>M\u016bs\u0173 2 viename integruotas atstumo matuoklis (LRF 1200 m) eleganti\u0161kai sujungia estetik\u0105 su tikslia optiniu a\u0161i\u0173 sulyginavimu. \u0160is lengvas, kompakti\u0161kas dizainas u\u017etikrina minimal\u0173 objektyvo ploto naudojim\u0105, kartu i\u0161laikydamas nepriekai\u0161ting\u0105 vaizdo kokyb\u0119.<\/p>\n<h2>60 Hz kadr\u0173 da\u017enis: sklandus judesi\u0173 fikravimas<\/h2>\n<p>Apr\u016bpinta 60 Hz detektoriumi, Vista si\u016blo auk\u0161\u010diausio lygio sklandum\u0105, leid\u017eiant\u012f tiksliai u\u017efiksuoti judan\u010dius gyv\u016bnus ir didelio grei\u010dio scenas. \u0160is reik\u0161mingas patobulinimas nuo 50 Hz u\u017etikrina sklandesnius ir tikslesnius vaizdus.<\/p>\n<h2>F0,9 objektyvas: pagerintas ap\u0161vietimo surinkimas<\/h2>\n<p>F0,9 objektyvas sukurtas ap\u0161vietimo pri\u0117mimui padidinti 20%, gerokai pagerinant ry\u0161kum\u0105 ir vaizdo kokyb\u0119 palyginti su tradiciniais F1,0 objektyvais. \u0160is pa\u017eangus sprendimas u\u017etikrina, kad kiekvienas detal\u0117 bus ry\u0161ki ir ai\u0161ki, padarydamas Vist\u0105 idealiu palydovu nakties steb\u0117jimams.<\/p>\n<h2>Lankstus \u012fkrovimas: kei\u010diamos baterijos ilgesniam veikimui<\/h2>\n<p>Vista si\u016blo dvi \u012fkrovimo parinktis: kei\u010diamas IBP-7\/4400mAh baterijas, kurias galima lengvai pakeisti, arba tiesiogin\u012f \u012fkrovim\u0105 per \u012fmontuot\u0105 prievad\u0105. Tai u\u017etikrina nepertraukiam\u0105 veikim\u0105, kad gal\u0117tum\u0117te susikoncentruoti \u012f med\u017eiokl\u0119, nepaisydami baterijos problem\u0173.<\/p>\n<h2>Platus reg\u0117jimo laukas: pagerintas aplinkos suvokimas<\/h2>\n<p>Su savo auk\u0161\u010diausia 2X pagrindin\u0117 padidinimu ir pla\u010diu reg\u0117jimo lauku, Vista S50R suteikia neprilygstam\u0105 savo aplinkos perspektyv\u0105. Tai leid\u017eia jums nesunkiai aptikti ir steb\u0117ti daugyb\u0119 taikini\u0173 did\u017eiuliuose peiza\u017euose, u\u017etikrinant, kad kiekvienas judesys bus ai\u0161kiai u\u017efiksuotas.<\/p>\n<h2>\u012evairios spalv\u0173 palet\u0117s<\/h2>\n<p>Vista si\u016blo 7 skirtingas spalv\u0173 paletes, \u012fskaitant raudon\u0105 ir grynai \u017eali\u0105 monochromos re\u017eimus. \u0160ios akis tausojan\u010dios parinktys padeda suma\u017einti aki\u0173 nuovarg\u012f, u\u017etikrindamos \u012ftempti nevarginant\u012f naudojim\u0105 ilgesn\u012f laik\u0105.<\/p>\n<h2>Patogus dizainas<\/h2>\n<p>Vista tyl\u016bs mygtukai u\u017etikrina tyl\u0173 naudojim\u0105 tamsoje, o besisukantis aki\u0173 kauk\u0117 neleid\u017eia i\u0161b\u0117gti \u0161viesai, i\u0161laikydama j\u016bs\u0173 buvim\u0105 pasl\u0117pt\u0105 nuo gyv\u016bn\u0173. Visi\u0161kai apgaubtas TPU oda su zom\u0161a tekst\u016bra suteikia patog\u0173, \u0161iurk\u0161t\u0173, leid\u017eiant\u012f naudoti ilg\u0105 laik\u0105 sutvirtint\u0105 sukibim\u0105.<\/p>\n","protected":false},"excerpt":{"rendered":"<p>Nocpix VISTA S50R su LRF 1280&#215;1024 &lt;15mK NETD: \u012ftraukiantis 2560&#215;2560 AMOLED ekranas, auk\u0161\u010diausios kokyb\u0117s 1280&#215;1024 jutiklis, integruotas LRF, F0.9 objektyvas, 60 Hz kadr\u0173 da\u017enis, lankstus \u012fkrovimas, didelis FOV ir naudotojui patogus dizainas.<\/p>\n","protected":false},"featured_media":672346,"template":"","meta":{"_acf_changed":false},"product_brand":[14458],"product_cat":[13712,16086],"product_tag":[],"class_list":{"0":"post-672183","1":"product","2":"type-product","3":"status-publish","4":"has-post-thumbnail","6":"product_brand-nocpix","7":"product_cat-siluminiai","8":"product_cat-thermal-cameras-lt","10":"first","11":"instock","12":"taxable","13":"shipping-taxable","14":"purchasable","15":"product-type-simple"},"acf":[],"_links":{"self":[{"href":"https:\/\/nbg.eu\/lt\/wp-json\/wp\/v2\/product\/672183","targetHints":{"allow":["GET"]}}],"collection":[{"href":"https:\/\/nbg.eu\/lt\/wp-json\/wp\/v2\/product"}],"about":[{"href":"https:\/\/nbg.eu\/lt\/wp-json\/wp\/v2\/types\/product"}],"wp:featuredmedia":[{"embeddable":true,"href":"https:\/\/nbg.eu\/lt\/wp-json\/wp\/v2\/media\/672346"}],"wp:attachment":[{"href":"https:\/\/nbg.eu\/lt\/wp-json\/wp\/v2\/media?parent=672183"}],"wp:term":[{"taxonomy":"product_brand","embeddable":true,"href":"https:\/\/nbg.eu\/lt\/wp-json\/wp\/v2\/product_brand?post=672183"},{"taxonomy":"product_cat","embeddable":true,"href":"https:\/\/nbg.eu\/lt\/wp-json\/wp\/v2\/product_cat?post=672183"},{"taxonomy":"product_tag","embeddable":true,"href":"https:\/\/nbg.eu\/lt\/wp-json\/wp\/v2\/product_tag?post=672183"}],"curies":[{"name":"wp","href":"https:\/\/api.w.org\/{rel}","templated":true}]}}