{"id":673426,"date":"2025-11-17T17:24:54","date_gmt":"2025-11-17T14:24:54","guid":{"rendered":"https:\/\/nbg.eu\/product\/termovizine-kamera-nocpix-vista-h50r-su-lrf-50-mm-12-um-640x512-15-mk-netd\/"},"modified":"2026-04-14T16:07:25","modified_gmt":"2026-04-14T13:07:25","slug":"termovizine-kamera-nocpix-vista-h50r-su-lrf-50-mm-12-um-640x512-15-mk-netd","status":"publish","type":"product","link":"https:\/\/nbg.eu\/lt\/produktas\/termovizine-kamera-nocpix-vista-h50r-su-lrf-50-mm-12-um-640x512-15-mk-netd\/","title":{"rendered":"Nocpix Termokamera VISTA H50R LRF"},"content":{"rendered":"<h2>Nocpix VISTA H50R &#8211; Pa\u017eangios kar\u0161\u010dio jutiklio kameros su lazerio atstumo matuokliu<\/h2>\n<p>Nocpix VISTA H50R yra pa\u017eangi kar\u0161\u010dio jutiklio kamera su \u012fmontuotu lazerio atstumo matuokliu, skirta naudoti dien\u0105 ir nakt\u012f. Ji u\u017etikrina auk\u0161t\u0105 vaizdo kokyb\u0119 net ir esant sunkioms oro s\u0105lygoms, tokioms kaip r\u016bkas, d\u016bmai ir lietus, ir gali aptikti taikinius per kli\u016btis, pvz., \u0161akas, auk\u0161t\u0105 \u017eol\u0119 ir tankias kr\u016bmynas, kurios paprastai u\u017estoja matomum\u0105.<\/p>\n<p>VISTA H50R yra labai daugiafunkc\u0117 ir tinka \u012fvairioms sritims, \u012fskaitant med\u017eiokl\u0119, saugum\u0105, steb\u0117jim\u0105, reljefo navigacij\u0105 ir paie\u0161kos bei gelb\u0117jimo operacijas. Pa\u017eangi \u0161ilumin\u0117 technologija u\u017etikrina patikim\u0105 veikim\u0105, teikia ai\u0161kius vaizdus ir tikslias matavimo reik\u0161mes sud\u0117tingose aplinkose.<\/p>\n<h2>Specifikacijos:<\/h2>\n<p>Skiriamoji geba: 640 x 512<br \/>\nPikselio dydis: 12<br \/>\nNETD, mK: \u226415<br \/>\nKadr\u0173 da\u017enis: 50<br \/>\nObjektyvas: 50mm F0.9<br \/>\nReg\u0117jimo laukas: 8,8 x 7,0<br \/>\nReg\u0117jimo laukas (linijinis): 15 x 12<br \/>\nPadid\u0117jimas: 4~40<br \/>\nAptikimo diapazonas: 2600<br \/>\nAtstumas nuo aki\u0173: 25<br \/>\nI\u0161\u0117jimo pupil\u0117s skersmuo: 8<br \/>\nDioptrija: -4 ~ +6<br \/>\nEkrano tipas: AMOLED<br \/>\nEkrano skiriamoji geba: 2560 x 2560<br \/>\nBaterija: Kei\u010diama li\u010dio jon\u0173 baterija IBP-7 \/ 4400 mAh<br \/>\nMaksimalus veikimo laikas: 5,5<br \/>\nAtstumo matavimo diapazonas: 1200<br \/>\nLazeris: 1 klas\u0117s<br \/>\nBelaidis ry\u0161ys\/Programa: TAIP<br \/>\nMikrofonas: TAIP<br \/>\nAtminties talpa: 64GB<br \/>\nIP klas\u0117: IP67<br \/>\nMaksimali darbin\u0117 temperat\u016bra: -20 ~ +50<br \/>\nSvoris (uncijos): 22,93<br \/>\nSvoris (g): 650<br \/>\nMatmenys (coliais): 7,64 x 2,76 x 3,23<br \/>\nMatmenys (mm): 194 x 70 x 82<\/p>\n<p>640\u00d7512 12\u03bcm jutiklis<br \/>\nNETD\u226415mK<br \/>\n60 Hz didelio kadr\u0173 da\u017enio<br \/>\nF0.9 objektyvas<br \/>\nAMOLED 2560\u00d72560 apvalus ekranas<br \/>\nIBP-7 greitai kei\u010diama \u012fkraunama baterija<br \/>\nSklandus skaitmeninis priartinimas: 1\u00d7~8\u00d7<br \/>\nItin auk\u0161tos kokyb\u0117s re\u017eimas<br \/>\nAki\u0173 apsauga su ma\u017eu \u0161viesumu, spalv\u0173 palete ir \u0161ilta spalvine gama<br \/>\nElektronin\u0117 vaizdo stabilizacija<\/p>\n","protected":false},"excerpt":{"rendered":"<p>Nocpix VISTA H50R yra 640\u00d7512 12um termovizin\u0117 kamera su \u226415mK NETD, 50mm F0.9 objektyvu ir integruotu lazeriniu tolima\u010diu, skirta med\u017eioklei, saugumui ir kitoms reikm\u0117ms.<\/p>\n<p>Jei prek\u0117s n\u0117ra galimos, pra\u0161ome susisiekti: shop@nbg.eu arba +359896147790<\/p>\n","protected":false},"featured_media":673753,"template":"","meta":{"_acf_changed":false},"product_brand":[14458],"product_cat":[13712,16086],"product_tag":[],"class_list":{"0":"post-673426","1":"product","2":"type-product","3":"status-publish","4":"has-post-thumbnail","6":"product_brand-nocpix","7":"product_cat-siluminiai","8":"product_cat-thermal-cameras-lt","10":"first","11":"instock","12":"taxable","13":"shipping-taxable","14":"purchasable","15":"product-type-simple"},"acf":[],"_links":{"self":[{"href":"https:\/\/nbg.eu\/lt\/wp-json\/wp\/v2\/product\/673426","targetHints":{"allow":["GET"]}}],"collection":[{"href":"https:\/\/nbg.eu\/lt\/wp-json\/wp\/v2\/product"}],"about":[{"href":"https:\/\/nbg.eu\/lt\/wp-json\/wp\/v2\/types\/product"}],"wp:featuredmedia":[{"embeddable":true,"href":"https:\/\/nbg.eu\/lt\/wp-json\/wp\/v2\/media\/673753"}],"wp:attachment":[{"href":"https:\/\/nbg.eu\/lt\/wp-json\/wp\/v2\/media?parent=673426"}],"wp:term":[{"taxonomy":"product_brand","embeddable":true,"href":"https:\/\/nbg.eu\/lt\/wp-json\/wp\/v2\/product_brand?post=673426"},{"taxonomy":"product_cat","embeddable":true,"href":"https:\/\/nbg.eu\/lt\/wp-json\/wp\/v2\/product_cat?post=673426"},{"taxonomy":"product_tag","embeddable":true,"href":"https:\/\/nbg.eu\/lt\/wp-json\/wp\/v2\/product_tag?post=673426"}],"curies":[{"name":"wp","href":"https:\/\/api.w.org\/{rel}","templated":true}]}}