{"id":673808,"date":"2025-11-17T17:24:57","date_gmt":"2025-11-17T14:24:57","guid":{"rendered":"https:\/\/nbg.eu\/product\/terminis-fotoaparatas-nocpix-vista-h35r-su-lrf-35-mm-12um-640x512-15mk-net\/"},"modified":"2026-04-14T16:07:22","modified_gmt":"2026-04-14T13:07:22","slug":"terminis-fotoaparatas-nocpix-vista-h35r-su-lrf-35-mm-12um-640x512-15mk-net","status":"publish","type":"product","link":"https:\/\/nbg.eu\/lt\/produktas\/terminis-fotoaparatas-nocpix-vista-h35r-su-lrf-35-mm-12um-640x512-15mk-net\/","title":{"rendered":"Nocpix Termokamera VISTA H35R LRF"},"content":{"rendered":"<h2>Nocpix VISTA H35R Terminis monokuliaras su lazerio nuotoli\u0173 matuokliu<\/h2>\n<p>Nocpix VISTA H35R yra daugiafunkcis terminis monokuliaras, apginkluotas integruotu lazerio nuotoli\u0173 matuokliu (LRF), skirtas patikimam naudojimui dien\u0105 ir nakt\u012f. \u0160is pa\u017eangus \u012frenginys pasi\u016blo i\u0161skirtin\u012f terminio vaizdo kokyb\u0119, u\u017etikrina ai\u0161k\u0173 ir detal\u0173 vaizd\u0105 net ir sunkiomis oro s\u0105lygomis, tokiomis kaip r\u016bkas, d\u016bmai ir lietus. Jis gali aptikti taikinius per kli\u016btis, tokias kaip \u0161akos, auk\u0161ta \u017eol\u0117 ir tank\u016bs kr\u016bmai, u\u017etikrindamas veiksming\u0105 darb\u0105 aplinkose, kuriose tradicin\u0117 optika yra nepakankama.<\/p>\n<p>Tinkamas \u012fvairioms taikymo sritims, VISTA H35R yra idealus med\u017eioklei, steb\u0117jimui, saugumui, reljefo navigacijai ir paie\u0161kos bei gelb\u0117jimo operacijoms. Su savo pa\u017eangia technologija ir atsparia konstrukcija, VISTA H35R u\u017etikrina tiksl\u0173 aptikim\u0105 ir matavim\u0105 net ir sunkiausiomis s\u0105lygomis.<\/p>\n<h2>Specifikacijos<\/h2>\n<p>Skiriamoji geba: 640 x 512<br \/>\nPikselio dydis: 12<br \/>\nNETD, mK: \u226415<br \/>\nKadro da\u017enis: 50<br \/>\nObjektyvas: 35mm F0.9<br \/>\nReg\u0117jimo laukas: 12.5 x 10.0<br \/>\nReg\u0117jimo laukas (tiesinis): 22 x 18<br \/>\nPadidinti: 3~28<br \/>\nAptikimo diapazonas: 1800<br \/>\nAtstumas nuo aki\u0173: 25<br \/>\nI\u0161\u0117jimo pupil\u0117s skersmuo: 8<br \/>\nDioptras: -4 ~ +6<br \/>\nEkrano tipas: AMOLED<br \/>\nEkrano skiriamoji geba: 2560 x 2560<br \/>\nAkumuliatorius: Kei\u010diamas litis-jon\u0173 akumuliatorius IBP-7 \/ 4400mAh<br \/>\nMaksimalus veikimo laikas: 5.5<br \/>\nAtstumas iki matuoklio: 1200<br \/>\nLazeris: 1 klas\u0117<br \/>\nWi-Fi\/Programa: TAIP<br \/>\nMikrofonas: TAIP<br \/>\nAtminties talpa: 64GB<br \/>\nIP reitingas: IP67<br \/>\nMaksimali darbin\u0117 temperat\u016bra: -20 ~ +50<br \/>\nSvoris (uncijos): 22.58<br \/>\nSvoris (g): 640<br \/>\nMatmenys (coliuose): 7.48 x 2.64 x 3.11<br \/>\nMatmenys (mm): 190 x 67 x 79<\/p>\n<h2>Funkcijos<\/h2>\n<p>640\u00d7512 12\u03bcm detektorius<br \/>\nNETD\u226415mK<br \/>\n60Hz didelis kadr\u0173 da\u017enis<br \/>\nF0.9 objektyvas<br \/>\nAMOLED 2560\u00d72560 apskritas ekranas<br \/>\nIBP-7 greitai kei\u010diamas \u012fkraunamas akumuliatorius<br \/>\nSklandus skaitmeninis priartinimas: 1\u00d7~8\u00d7<br \/>\nItin \u0161varus re\u017eimas<br \/>\nAki\u0173 apsauga su ma\u017eu \u0161viesumu, spalv\u0173 palete ir \u0161ilta atspalviu<br \/>\nElektroninis vaizdo stabilizavimas<\/p>\n","protected":false},"excerpt":{"rendered":"<p>Termin\u0117 kamera Nocpix VISTA H35R su 35mm 12um 640&#215;512 &lt;15mk NET ir LRF, patikimai naudojama dien\u0105\/nakt\u012f sud\u0117tingomis s\u0105lygomis.<\/p>\n<p>Jei prek\u0117 n\u0117ra prieinama, pra\u0161ome susisiekti su mumis: shop@nbg.eu arba +359896147790<\/p>\n","protected":false},"featured_media":673914,"template":"","meta":{"_acf_changed":false},"product_brand":[14458],"product_cat":[13712,16086],"product_tag":[],"class_list":{"0":"post-673808","1":"product","2":"type-product","3":"status-publish","4":"has-post-thumbnail","6":"product_brand-nocpix","7":"product_cat-siluminiai","8":"product_cat-thermal-cameras-lt","10":"first","11":"instock","12":"taxable","13":"shipping-taxable","14":"purchasable","15":"product-type-simple"},"acf":[],"_links":{"self":[{"href":"https:\/\/nbg.eu\/lt\/wp-json\/wp\/v2\/product\/673808","targetHints":{"allow":["GET"]}}],"collection":[{"href":"https:\/\/nbg.eu\/lt\/wp-json\/wp\/v2\/product"}],"about":[{"href":"https:\/\/nbg.eu\/lt\/wp-json\/wp\/v2\/types\/product"}],"wp:featuredmedia":[{"embeddable":true,"href":"https:\/\/nbg.eu\/lt\/wp-json\/wp\/v2\/media\/673914"}],"wp:attachment":[{"href":"https:\/\/nbg.eu\/lt\/wp-json\/wp\/v2\/media?parent=673808"}],"wp:term":[{"taxonomy":"product_brand","embeddable":true,"href":"https:\/\/nbg.eu\/lt\/wp-json\/wp\/v2\/product_brand?post=673808"},{"taxonomy":"product_cat","embeddable":true,"href":"https:\/\/nbg.eu\/lt\/wp-json\/wp\/v2\/product_cat?post=673808"},{"taxonomy":"product_tag","embeddable":true,"href":"https:\/\/nbg.eu\/lt\/wp-json\/wp\/v2\/product_tag?post=673808"}],"curies":[{"name":"wp","href":"https:\/\/api.w.org\/{rel}","templated":true}]}}