{"id":673987,"date":"2025-11-17T17:25:01","date_gmt":"2025-11-17T14:25:01","guid":{"rendered":"https:\/\/nbg.eu\/product\/terminiskas-matymas-nocpix-slim-l35\/"},"modified":"2026-04-14T16:07:19","modified_gmt":"2026-04-14T13:07:19","slug":"terminiskas-matymas-nocpix-slim-l35","status":"publish","type":"product","link":"https:\/\/nbg.eu\/lt\/produktas\/terminiskas-matymas-nocpix-slim-l35\/","title":{"rendered":"Nocpix Terminis Taikiklis Slim L35"},"content":{"rendered":"<h2>Termovizinis taikiklis \u201eNocpix Slim L35&#8243;: ne\u012ftik\u0117tinas med\u017eiokl\u0117s veikimas<\/h2>\n<p>Pristatome \u201eSLIM&#8221; serijos taikikl\u012f: 2 in 1 ne\u0161iojamas MONOKULIARAS arba 3,5x (L35) taikiklis. Pasirinkite i\u0161 dviej\u0173 auk\u0161to na\u0161umo branduoli\u0173, m\u0117gaukit\u0117s 1024 x 768 OLED ekranu ir m\u0117gaukit\u0117s kei\u010diamu 18650 akumuliatoriumi, kurio veikimo laikas siekia 10 valand\u0173. Fiksuokite kiekvien\u0105 akimirk\u0105 naudodamiesi poveikio \u012fra\u0161ymu, kad nepraleistum\u0117te n\u0117 vienos kadro.<\/p>\n<p>D\u0117l 2 in 1 dizaino su QD montavimo sistema galite skland\u017eiai perjungti tarp rankini\u0173 ir optini\u0173 taikikli\u0173, nereik\u0117dami i\u0161 naujo nustatyti nulio. M\u0117gaukit\u0117s pavargimo neman\u010dia per\u017ei\u016bra su 1024 x 768 AMOLED ekranu, nauju aki\u0173 kompensavimo dizainu ir patogiu 10 mm i\u0161\u0117jimo pupil\u0117s skersmeniu. Sveriantis tik 500 g, \u0161is itin lengvos konstrukcijos dizainas padaro ilgalaik\u012f naudojim\u0105 nesunk\u0173, i\u0161laikydamas judrumo lauke.<\/p>\n<p>Auk\u0161to na\u0161umo pagrindin\u0117s parinktys \u2014 384 \u00d7 288 @ 12 \u03bcm arba 640 \u00d7 512 @ 12 \u03bcm, NETD \u2264 18 mK u\u017etikrina ne\u012ftik\u0117tin\u0105 vaizdo kokyb\u0119, tod\u0117l kiekvienas smulkus detal\u0117 bus u\u017efiksuota ry\u0161kiai, neatsi\u017evelgiant \u012f med\u017eiokl\u0117s s\u0105lygas. Naudojant \u201eReality+&#8221; technologij\u0105, \u201eSlim&#8221; pasiekia vaizdo kokyb\u0119, pranokstan\u010di\u0105 kitas prekes su tokios pa\u010dios klas\u0117s jutikliais.<\/p>\n<p>Niekada nepraleiskite \u0161\u016bvio su \u201eRAV&#8221; funkcija, kuri leid\u017eia per\u017ei\u016br\u0117ti ir pasidalinti savo \u012fdomiausiais med\u017eiokl\u0117s momentais. T\u0119skite med\u017eiokl\u0119 su nuimamu, atsparia \u017eemai temperat\u016brai 18650 akumuliatoriumi, kuris gali veikti iki 8 valand\u0173 bud\u0117jimo re\u017eimu net ir ekstremaliomis s\u0105lygomis. Su 3,5x pagrindiniu padidinimu \u201eSLIM L35&#8243; yra j\u016bs\u0173 pasirinkimas tolimoms med\u017eiokl\u0117s atstumams, padarant korjar\u0173 med\u017eiokl\u0119 tikslesne ir efektyvesne.<\/p>\n","protected":false},"excerpt":{"rendered":"<p>SLIM serijos \u017ei\u016bronas: 2 viename rankinis MONOCULAR arba 3,5x (L35) \u017ei\u016bronas su 1024\u00d7768 OLED, 18650 baterija, sm\u016bgio \u012fra\u0161ymu, \u0161iluminiu jutikliu ir greitai kei\u010diamu lankstumu.<\/p>\n<p>Jei prek\u0117 n\u0117ra prieinama, pra\u0161ome susisiekti su mumis: shop@nbg.eu arba +359896147790<\/p>\n","protected":false},"featured_media":674443,"template":"","meta":{"_acf_changed":false},"product_brand":[14458],"product_cat":[16086],"product_tag":[],"class_list":{"0":"post-673987","1":"product","2":"type-product","3":"status-publish","4":"has-post-thumbnail","6":"product_brand-nocpix","7":"product_cat-thermal-cameras-lt","9":"first","10":"instock","11":"taxable","12":"shipping-taxable","13":"purchasable","14":"product-type-simple"},"acf":[],"_links":{"self":[{"href":"https:\/\/nbg.eu\/lt\/wp-json\/wp\/v2\/product\/673987","targetHints":{"allow":["GET"]}}],"collection":[{"href":"https:\/\/nbg.eu\/lt\/wp-json\/wp\/v2\/product"}],"about":[{"href":"https:\/\/nbg.eu\/lt\/wp-json\/wp\/v2\/types\/product"}],"wp:featuredmedia":[{"embeddable":true,"href":"https:\/\/nbg.eu\/lt\/wp-json\/wp\/v2\/media\/674443"}],"wp:attachment":[{"href":"https:\/\/nbg.eu\/lt\/wp-json\/wp\/v2\/media?parent=673987"}],"wp:term":[{"taxonomy":"product_brand","embeddable":true,"href":"https:\/\/nbg.eu\/lt\/wp-json\/wp\/v2\/product_brand?post=673987"},{"taxonomy":"product_cat","embeddable":true,"href":"https:\/\/nbg.eu\/lt\/wp-json\/wp\/v2\/product_cat?post=673987"},{"taxonomy":"product_tag","embeddable":true,"href":"https:\/\/nbg.eu\/lt\/wp-json\/wp\/v2\/product_tag?post=673987"}],"curies":[{"name":"wp","href":"https:\/\/api.w.org\/{rel}","templated":true}]}}