{"id":674758,"date":"2025-11-17T17:25:02","date_gmt":"2025-11-17T14:25:02","guid":{"rendered":"https:\/\/nbg.eu\/product\/thermal-sight-nocpix-slim-h35\/"},"modified":"2026-04-14T16:07:15","modified_gmt":"2026-04-14T13:07:15","slug":"thermal-sight-nocpix-slim-h35","status":"publish","type":"product","link":"https:\/\/nbg.eu\/lt\/produktas\/thermal-sight-nocpix-slim-h35\/","title":{"rendered":"Nocpix Terminis Taikiklis Slim H35"},"content":{"rendered":"<h2>Termininio matymo prietaisas Nocpix Slim H35 &#8211; itin lengvos termin\u0117s vaizduot\u0117s kameros su nuostabios kokyb\u0117s vaizdu<\/h2>\n<p>Pristatome SLIM serijos taikikl\u012f: 2 viename ne\u0161iojam\u0105 MONOKULIAR\u0104 arba 3,5x (L35) taikikl\u012f. Pasirinkite tarp dviej\u0173 auk\u0161tos kokyb\u0117s branduoli\u0173, m\u0117gaukit\u0117s 1024&#215;768 OLED ekranu ir m\u0117gaukit\u0117s kei\u010diama 18650 baterija, kuri u\u017etikrina 10 valand\u0173 energijos tiekim\u0105. U\u017efiksuokite kiekvien\u0105 akimirk\u0105, naudodami \u012fra\u0161ymo funkcij\u0105, kad nepramestum\u0117te n\u0117 vieno kadro.<\/p>\n<p>M\u0117gaukit\u0117s nuovarg\u012f ma\u017einan\u010diu 1024&#215;768 AMOLED ekrano vaizdu, nauju aki\u0173 dang\u010dio dizainu ir patogiu 10 mm i\u0161\u0117jimo pupil\u0117s skersmeniu.<\/p>\n<p>Sverianti tik 500 g, \u0161i itin lengva konstrukcija leid\u017eia be pastang\u0173 naudoti ilg\u0105 laik\u0105, i\u0161laikant judum\u0105 lauke.<\/p>\n<p>Auk\u0161tos kokyb\u0117s pagrindin\u0117s parinktys &#8211; 384\u00d7288@12\u03bcm arba 640\u00d7512@12\u03bcm, NETD\u226418 mK u\u017etikrina neprilygstamos kokyb\u0117s vaizd\u0105, kad kiekvienas detal\u0117 b\u016bt\u0173 fiksuojama ry\u0161kiai, nepriklausomai nuo med\u017eiokl\u0117s s\u0105lyg\u0173. Naudojant Reality+ technologij\u0105, Slim pasiekia vaizdo kokyb\u0119, vir\u0161ijan\u010di\u0105 kit\u0173 preki\u0173 \u017eenkl\u0173 jutiklius toje pa\u010dioje klas\u0117je.<\/p>\n<p>Niekada nepraraskite \u0161\u016bvio su RAV funkcija, leid\u017eian\u010dia per\u017ei\u016br\u0117ti ir dalintis savo \u012fdomiausiais med\u017eiokl\u0117s momentais.<\/p>\n<p>T\u0119skite med\u017eiokl\u0119 su nuimamu, atspariu \u017eemai temperat\u016brai 18650 baterija, kuri gali veikti iki 8 valand\u0173 bud\u0117jimo re\u017eimu net ir ekstremaliomis s\u0105lygomis. Ji taip pat turi magnetin\u012f \u012fkrovimo lizd\u0105, kur\u012f paprasta \u012fkrauti net ir visi\u0161koje tamsoje.<\/p>\n","protected":false},"excerpt":{"rendered":"<p>&#8222;Terminis matymas Nocpix Slim H35: 2 in 1 monokuliarinis \/ 3,5x diapazonas su 1024 \u00d7 768 OLED, 18650 baterija, sm\u016bgio \u012fra\u0161ymas.<br \/>\nJei prek\u0117 n\u0117ra prieinama, kreipkit\u0117s \u012f mus: shop@nbg.eu arba +359896147790&#8221;<\/p>\n","protected":false},"featured_media":675044,"template":"","meta":{"_acf_changed":false},"product_brand":[14458],"product_cat":[13712],"product_tag":[],"class_list":{"0":"post-674758","1":"product","2":"type-product","3":"status-publish","4":"has-post-thumbnail","6":"product_brand-nocpix","7":"product_cat-siluminiai","9":"first","10":"instock","11":"taxable","12":"shipping-taxable","13":"purchasable","14":"product-type-simple"},"acf":[],"_links":{"self":[{"href":"https:\/\/nbg.eu\/lt\/wp-json\/wp\/v2\/product\/674758","targetHints":{"allow":["GET"]}}],"collection":[{"href":"https:\/\/nbg.eu\/lt\/wp-json\/wp\/v2\/product"}],"about":[{"href":"https:\/\/nbg.eu\/lt\/wp-json\/wp\/v2\/types\/product"}],"wp:featuredmedia":[{"embeddable":true,"href":"https:\/\/nbg.eu\/lt\/wp-json\/wp\/v2\/media\/675044"}],"wp:attachment":[{"href":"https:\/\/nbg.eu\/lt\/wp-json\/wp\/v2\/media?parent=674758"}],"wp:term":[{"taxonomy":"product_brand","embeddable":true,"href":"https:\/\/nbg.eu\/lt\/wp-json\/wp\/v2\/product_brand?post=674758"},{"taxonomy":"product_cat","embeddable":true,"href":"https:\/\/nbg.eu\/lt\/wp-json\/wp\/v2\/product_cat?post=674758"},{"taxonomy":"product_tag","embeddable":true,"href":"https:\/\/nbg.eu\/lt\/wp-json\/wp\/v2\/product_tag?post=674758"}],"curies":[{"name":"wp","href":"https:\/\/api.w.org\/{rel}","templated":true}]}}